{"id":90,"date":"2014-04-12T16:45:25","date_gmt":"2014-04-12T16:45:25","guid":{"rendered":"http:\/\/sporty-wp.wp4life.com\/?page_id=90"},"modified":"2026-03-09T13:07:08","modified_gmt":"2026-03-09T12:07:08","slug":"contact","status":"publish","type":"page","link":"https:\/\/fotsportegyesulet.hu\/index.php\/contact\/","title":{"rendered":"Kapcsolat"},"content":{"rendered":"<div id=\"pl-90\"  class=\"panel-layout\" ><div id=\"pg-90-0\"  class=\"panel-grid panel-no-style\" ><div id=\"pgc-90-0-0\"  class=\"panel-grid-cell\" ><div id=\"panel-90-0-0-0\" class=\"so-panel widget widget_sow-editor panel-first-child\" data-index=\"0\" ><div\n\t\t\t\n\t\t\tclass=\"so-widget-sow-editor so-widget-sow-editor-base\"\n\t\t\t\n\t\t>\n<div class=\"siteorigin-widget-tinymce textwidget\">\n\t<h3><strong>El\u00e9rhet\u0151s\u00e9gek:<\/strong><\/h3>\n<p><strong>Kapit\u00e1ny Zolt\u00e1n, eln\u00f6k<\/strong><br \/>\nTelefon: +36 20 231 1931<br \/>\nE-mail c\u00edm: informacio@fotsportegyesulet.hu<\/p>\n<p><b>Szkala S\u00e1ndor, aleln\u00f6k<br \/>\n<\/b>Telefon: +36 30 222 2020<br \/>\nE-mail c\u00edm: szkala.sandor@fotsportegyesulet.hu<\/p>\n<p><strong>T\u00f3th Iv\u00e1n Csaba, aleln\u00f6k<\/strong><br \/>\nTelefon: +36 30 200 0880<br \/>\nE-mail c\u00edm: toth.ivan.csaba@fotsportegyesulet.hu<\/p>\n<h3><strong>Tagd\u00edj befizet\u00e9s:<\/strong><\/h3>\n<p>\u00c9rdekl\u0151dj\u00f6n a szakoszt\u00e1lyvezet\u0151kn\u00e9l vagy Kapit\u00e1ny Zolt\u00e1nn\u00e1l a fenti el\u00e9rhet\u0151s\u00e9gen.<\/p>\n<\/div>\n<\/div><\/div><div id=\"panel-90-0-0-1\" class=\"so-panel widget widget_sporty-divider-widget\" data-index=\"1\" ><hr style=\"margin-left:0px;margin-right:0px;margin-top:30px;margin-bottom:0px;\" \/><\/div><div id=\"panel-90-0-0-2\" class=\"so-panel widget widget_sow-editor panel-last-child\" data-index=\"2\" ><div\n\t\t\t\n\t\t\tclass=\"so-widget-sow-editor so-widget-sow-editor-base\"\n\t\t\t\n\t\t>\n<div class=\"siteorigin-widget-tinymce textwidget\">\n\t<h3><strong>Balogh S\u00e1ndor Sporttelep:<\/strong><\/h3>\n<p><iframe loading=\"lazy\" style=\"border: 0;\" tabindex=\"0\" src=\"https:\/\/www.google.com\/maps\/embed?pb=!1m18!1m12!1m3!1d3803.9847604174433!2d19.186350454756077!3d47.610123116934815!2m3!1f0!2f0!3f0!3m2!1i1024!2i768!4f13.1!3m3!1m2!1s0x4741d037bbcfe7c1%3A0x17efca54dc78f645!2zRsOzdGkgc3BvcnRww6FseWE!5e0!3m2!1shu!2shu!4v1597406035207!5m2!1shu!2shu\" width=\"600\" height=\"450\" frameborder=\"0\" allowfullscreen=\"allowfullscreen\" aria-hidden=\"false\"><\/iframe><\/p>\n<h3><strong>Kisalagi p\u00e1lya:<\/strong><\/h3>\n<p><iframe loading=\"lazy\" style=\"border: 0;\" tabindex=\"0\" src=\"https:\/\/www.google.com\/maps\/embed?pb=!1m18!1m12!1m3!1d2688.883100232069!2d19.18290411849364!3d47.62840358813106!2m3!1f0!2f0!3f0!3m2!1i1024!2i768!4f13.1!3m3!1m2!1s0x4741d1ae35d34315%3A0xa0eab4cfb7ceb6c!2zRsOzdGkgZm9jaXDDoWx5YQ!5e0!3m2!1shu!2shu!4v1597406148577!5m2!1shu!2shu\" width=\"600\" height=\"450\" frameborder=\"0\" allowfullscreen=\"allowfullscreen\" aria-hidden=\"false\"><\/iframe><\/p>\n<\/div>\n<\/div><\/div><\/div><div id=\"pgc-90-0-1\"  class=\"panel-grid-cell\" ><div id=\"panel-90-0-1-0\" class=\"so-panel widget widget_sow-editor panel-first-child\" data-index=\"3\" ><div\n\t\t\t\n\t\t\tclass=\"so-widget-sow-editor so-widget-sow-editor-base\"\n\t\t\t\n\t\t>\n<div class=\"siteorigin-widget-tinymce textwidget\">\n\t<h3>Balogh S\u00e1ndor Sporttelep<br \/>\nK\u00f6zponti telephely, iroda:<\/h3>\n<p><strong>F\u00f3t, Kossuth Lajos u. 36.<\/strong><\/p>\n<p><strong>Telefon:<\/strong>+36 20 231 1931<\/p>\n<p><strong>E-mail: <\/strong>informacio@fotsportegyesulet.hu<\/p>\n<hr\/>\n<h3>Kisalagi telephely:<\/h3>\n<p><b>F\u00f3t, N\u00e9meth K\u00e1lm\u00e1n \u00fat 47.<\/b><\/p>\n<p>&nbsp;<\/p>\n<\/div>\n<\/div><\/div><div id=\"panel-90-0-1-1\" class=\"so-panel widget widget_sporty-divider-widget\" data-index=\"4\" ><hr style=\"margin-left:0px;margin-right:0px;margin-top:30px;margin-bottom:0px;\" \/><\/div><div id=\"panel-90-0-1-2\" class=\"so-panel widget widget_sow-editor panel-last-child\" data-index=\"5\" ><div\n\t\t\t\n\t\t\tclass=\"so-widget-sow-editor so-widget-sow-editor-base\"\n\t\t\t\n\t\t><h3 class=\"widget-title\">\u00cdrjon nek\u00fcnk!<\/h3>\n<div class=\"siteorigin-widget-tinymce textwidget\">\n\t\r\n<form id=\"contactForm\" action=\"https:\/\/fotsportegyesulet.hu\/wp-content\/plugins\/sporty-shortcodes-and-widgets\/processform.php\" method=\"post\">\r\n    <label>\r\n        Name    <\/label>\r\n    <input type=\"text\" name=\"senderName\" id=\"senderName\" maxlength=\"40\" \/>\r\n    <label>\r\n        Email    <\/label>\r\n    <input type=\"email\" name=\"senderEmail\" id=\"senderEmail\" maxlength=\"50\" \/>\r\n    <label>\r\n        Message    <\/label>\r\n    <textarea name=\"message\" id=\"message\"><\/textarea>\r\n    <input name=\"recipientName\" id=\"recipientName\" type=\"hidden\" value=\"name\" \/>\r\n    <input name=\"recipientSubject\" id=\"recipientSubject\" type=\"hidden\" value=\"subject\" \/>\r\n    <input name=\"recipientMail\" id=\"recipientMail\" type=\"hidden\" value=\"\" \/>\r\n    <input type=\"submit\" class=\"button\" id=\"sendMessage\" name=\"sendMessage\" value=\"Send\" \/>\r\n<\/form>\n<\/div>\n<\/div><\/div><\/div><\/div><\/div>","protected":false},"excerpt":{"rendered":"<p>El\u00e9rhet\u0151s\u00e9gek: Kapit\u00e1ny Zolt\u00e1n, eln\u00f6k Telefon: +36 20 231 1931 E-mail c\u00edm: informacio@fotsportegyesulet.hu Szkala S\u00e1ndor, aleln\u00f6k Telefon: +36 30 222 2020 E-mail c\u00edm: szkala.sandor@fotsportegyesulet.hu T\u00f3th Iv\u00e1n Csaba, aleln\u00f6k Telefon: +36 30&#8230;<\/p>\n","protected":false},"author":3,"featured_media":0,"parent":0,"menu_order":0,"comment_status":"closed","ping_status":"closed","template":"","meta":{"_bbp_topic_count":0,"_bbp_reply_count":0,"_bbp_total_topic_count":0,"_bbp_total_reply_count":0,"_bbp_voice_count":0,"_bbp_anonymous_reply_count":0,"_bbp_topic_count_hidden":0,"_bbp_reply_count_hidden":0,"_bbp_forum_subforum_count":0,"_price":"","_stock":"","_tribe_ticket_header":"","_tribe_default_ticket_provider":"","_ticket_start_date":"","_ticket_end_date":"","_tribe_ticket_show_description":"","_tribe_ticket_show_not_going":false,"_tribe_ticket_use_global_stock":"","_tribe_ticket_global_stock_level":"","_global_stock_mode":"","_global_stock_cap":"","_tribe_rsvp_for_event":"","_tribe_ticket_going_count":"","_tribe_ticket_not_going_count":"","_tribe_tickets_list":"[]","_tribe_ticket_has_attendee_info_fields":false,"footnotes":"","_tec_slr_enabled":"","_tec_slr_layout":""},"class_list":["post-90","page","type-page","status-publish","hentry"],"yoast_head":"<!-- This site is optimized with the Yoast SEO plugin v25.7 - https:\/\/yoast.com\/wordpress\/plugins\/seo\/ -->\n<title>Kapcsolat - F\u00d3T SPORTEGYES\u00dcLET<\/title>\n<meta name=\"robots\" content=\"index, follow, max-snippet:-1, max-image-preview:large, max-video-preview:-1\" \/>\n<link rel=\"canonical\" href=\"https:\/\/fotsportegyesulet.hu\/index.php\/contact\/\" \/>\n<meta property=\"og:locale\" content=\"hu_HU\" \/>\n<meta property=\"og:type\" content=\"article\" \/>\n<meta property=\"og:title\" content=\"Kapcsolat - F\u00d3T SPORTEGYES\u00dcLET\" \/>\n<meta property=\"og:description\" content=\"El\u00e9rhet\u0151s\u00e9gek: Kapit\u00e1ny Zolt\u00e1n, eln\u00f6k Telefon: +36 20 231 1931 E-mail c\u00edm: informacio@fotsportegyesulet.hu Szkala S\u00e1ndor, aleln\u00f6k Telefon: +36 30 222 2020 E-mail c\u00edm: szkala.sandor@fotsportegyesulet.hu T\u00f3th Iv\u00e1n Csaba, aleln\u00f6k Telefon: +36 30...\" \/>\n<meta property=\"og:url\" content=\"https:\/\/fotsportegyesulet.hu\/index.php\/contact\/\" \/>\n<meta property=\"og:site_name\" content=\"F\u00d3T SPORTEGYES\u00dcLET\" \/>\n<meta property=\"article:publisher\" content=\"https:\/\/www.facebook.com\/fotsportegyesulet\/\" \/>\n<meta property=\"article:modified_time\" content=\"2026-03-09T12:07:08+00:00\" \/>\n<meta property=\"og:image\" content=\"https:\/\/fotsportegyesulet.hu\/wp-content\/uploads\/2017\/04\/cimlap_minta.jpg\" \/>\n\t<meta property=\"og:image:width\" content=\"1200\" \/>\n\t<meta property=\"og:image:height\" content=\"628\" \/>\n\t<meta property=\"og:image:type\" content=\"image\/jpeg\" \/>\n<meta name=\"twitter:card\" content=\"summary_large_image\" \/>\n<meta name=\"twitter:label1\" content=\"Becs\u00fclt olvas\u00e1si id\u0151\" \/>\n\t<meta name=\"twitter:data1\" content=\"1 perc\" \/>\n<script type=\"application\/ld+json\" class=\"yoast-schema-graph\">{\"@context\":\"https:\/\/schema.org\",\"@graph\":[{\"@type\":\"WebPage\",\"@id\":\"https:\/\/fotsportegyesulet.hu\/index.php\/contact\/\",\"url\":\"https:\/\/fotsportegyesulet.hu\/index.php\/contact\/\",\"name\":\"Kapcsolat - F\u00d3T SPORTEGYES\u00dcLET\",\"isPartOf\":{\"@id\":\"https:\/\/fotsportegyesulet.hu\/#website\"},\"datePublished\":\"2014-04-12T16:45:25+00:00\",\"dateModified\":\"2026-03-09T12:07:08+00:00\",\"breadcrumb\":{\"@id\":\"https:\/\/fotsportegyesulet.hu\/index.php\/contact\/#breadcrumb\"},\"inLanguage\":\"hu\",\"potentialAction\":[{\"@type\":\"ReadAction\",\"target\":[\"https:\/\/fotsportegyesulet.hu\/index.php\/contact\/\"]}]},{\"@type\":\"BreadcrumbList\",\"@id\":\"https:\/\/fotsportegyesulet.hu\/index.php\/contact\/#breadcrumb\",\"itemListElement\":[{\"@type\":\"ListItem\",\"position\":1,\"name\":\"Kezd\u0151lap\",\"item\":\"https:\/\/fotsportegyesulet.hu\/\"},{\"@type\":\"ListItem\",\"position\":2,\"name\":\"Kapcsolat\"}]},{\"@type\":\"WebSite\",\"@id\":\"https:\/\/fotsportegyesulet.hu\/#website\",\"url\":\"https:\/\/fotsportegyesulet.hu\/\",\"name\":\"F\u00d3T SPORTEGYES\u00dcLET\",\"description\":\"\",\"publisher\":{\"@id\":\"https:\/\/fotsportegyesulet.hu\/#organization\"},\"potentialAction\":[{\"@type\":\"SearchAction\",\"target\":{\"@type\":\"EntryPoint\",\"urlTemplate\":\"https:\/\/fotsportegyesulet.hu\/?s={search_term_string}\"},\"query-input\":{\"@type\":\"PropertyValueSpecification\",\"valueRequired\":true,\"valueName\":\"search_term_string\"}}],\"inLanguage\":\"hu\"},{\"@type\":\"Organization\",\"@id\":\"https:\/\/fotsportegyesulet.hu\/#organization\",\"name\":\"F\u00f3t Sportegyes\u00fclet\",\"url\":\"https:\/\/fotsportegyesulet.hu\/\",\"logo\":{\"@type\":\"ImageObject\",\"inLanguage\":\"hu\",\"@id\":\"https:\/\/fotsportegyesulet.hu\/#\/schema\/logo\/image\/\",\"url\":\"https:\/\/fotsportegyesulet.hu\/wp-content\/uploads\/2020\/07\/eredeti-sz\u00ednes-vektoros-Fot-cimer-3.png\",\"contentUrl\":\"https:\/\/fotsportegyesulet.hu\/wp-content\/uploads\/2020\/07\/eredeti-sz\u00ednes-vektoros-Fot-cimer-3.png\",\"width\":500,\"height\":500,\"caption\":\"F\u00f3t Sportegyes\u00fclet\"},\"image\":{\"@id\":\"https:\/\/fotsportegyesulet.hu\/#\/schema\/logo\/image\/\"},\"sameAs\":[\"https:\/\/www.facebook.com\/fotsportegyesulet\/\"]}]}<\/script>\n<!-- \/ Yoast SEO plugin. -->","yoast_head_json":{"title":"Kapcsolat - F\u00d3T SPORTEGYES\u00dcLET","robots":{"index":"index","follow":"follow","max-snippet":"max-snippet:-1","max-image-preview":"max-image-preview:large","max-video-preview":"max-video-preview:-1"},"canonical":"https:\/\/fotsportegyesulet.hu\/index.php\/contact\/","og_locale":"hu_HU","og_type":"article","og_title":"Kapcsolat - F\u00d3T SPORTEGYES\u00dcLET","og_description":"El\u00e9rhet\u0151s\u00e9gek: Kapit\u00e1ny Zolt\u00e1n, eln\u00f6k Telefon: +36 20 231 1931 E-mail c\u00edm: informacio@fotsportegyesulet.hu Szkala S\u00e1ndor, aleln\u00f6k Telefon: +36 30 222 2020 E-mail c\u00edm: szkala.sandor@fotsportegyesulet.hu T\u00f3th Iv\u00e1n Csaba, aleln\u00f6k Telefon: +36 30...","og_url":"https:\/\/fotsportegyesulet.hu\/index.php\/contact\/","og_site_name":"F\u00d3T SPORTEGYES\u00dcLET","article_publisher":"https:\/\/www.facebook.com\/fotsportegyesulet\/","article_modified_time":"2026-03-09T12:07:08+00:00","og_image":[{"width":1200,"height":628,"url":"https:\/\/fotsportegyesulet.hu\/wp-content\/uploads\/2017\/04\/cimlap_minta.jpg","type":"image\/jpeg"}],"twitter_card":"summary_large_image","twitter_misc":{"Becs\u00fclt olvas\u00e1si id\u0151":"1 perc"},"schema":{"@context":"https:\/\/schema.org","@graph":[{"@type":"WebPage","@id":"https:\/\/fotsportegyesulet.hu\/index.php\/contact\/","url":"https:\/\/fotsportegyesulet.hu\/index.php\/contact\/","name":"Kapcsolat - F\u00d3T SPORTEGYES\u00dcLET","isPartOf":{"@id":"https:\/\/fotsportegyesulet.hu\/#website"},"datePublished":"2014-04-12T16:45:25+00:00","dateModified":"2026-03-09T12:07:08+00:00","breadcrumb":{"@id":"https:\/\/fotsportegyesulet.hu\/index.php\/contact\/#breadcrumb"},"inLanguage":"hu","potentialAction":[{"@type":"ReadAction","target":["https:\/\/fotsportegyesulet.hu\/index.php\/contact\/"]}]},{"@type":"BreadcrumbList","@id":"https:\/\/fotsportegyesulet.hu\/index.php\/contact\/#breadcrumb","itemListElement":[{"@type":"ListItem","position":1,"name":"Kezd\u0151lap","item":"https:\/\/fotsportegyesulet.hu\/"},{"@type":"ListItem","position":2,"name":"Kapcsolat"}]},{"@type":"WebSite","@id":"https:\/\/fotsportegyesulet.hu\/#website","url":"https:\/\/fotsportegyesulet.hu\/","name":"F\u00d3T SPORTEGYES\u00dcLET","description":"","publisher":{"@id":"https:\/\/fotsportegyesulet.hu\/#organization"},"potentialAction":[{"@type":"SearchAction","target":{"@type":"EntryPoint","urlTemplate":"https:\/\/fotsportegyesulet.hu\/?s={search_term_string}"},"query-input":{"@type":"PropertyValueSpecification","valueRequired":true,"valueName":"search_term_string"}}],"inLanguage":"hu"},{"@type":"Organization","@id":"https:\/\/fotsportegyesulet.hu\/#organization","name":"F\u00f3t Sportegyes\u00fclet","url":"https:\/\/fotsportegyesulet.hu\/","logo":{"@type":"ImageObject","inLanguage":"hu","@id":"https:\/\/fotsportegyesulet.hu\/#\/schema\/logo\/image\/","url":"https:\/\/fotsportegyesulet.hu\/wp-content\/uploads\/2020\/07\/eredeti-sz\u00ednes-vektoros-Fot-cimer-3.png","contentUrl":"https:\/\/fotsportegyesulet.hu\/wp-content\/uploads\/2020\/07\/eredeti-sz\u00ednes-vektoros-Fot-cimer-3.png","width":500,"height":500,"caption":"F\u00f3t Sportegyes\u00fclet"},"image":{"@id":"https:\/\/fotsportegyesulet.hu\/#\/schema\/logo\/image\/"},"sameAs":["https:\/\/www.facebook.com\/fotsportegyesulet\/"]}]}},"ticketed":false,"_links":{"self":[{"href":"https:\/\/fotsportegyesulet.hu\/index.php\/wp-json\/wp\/v2\/pages\/90","targetHints":{"allow":["GET"]}}],"collection":[{"href":"https:\/\/fotsportegyesulet.hu\/index.php\/wp-json\/wp\/v2\/pages"}],"about":[{"href":"https:\/\/fotsportegyesulet.hu\/index.php\/wp-json\/wp\/v2\/types\/page"}],"author":[{"embeddable":true,"href":"https:\/\/fotsportegyesulet.hu\/index.php\/wp-json\/wp\/v2\/users\/3"}],"replies":[{"embeddable":true,"href":"https:\/\/fotsportegyesulet.hu\/index.php\/wp-json\/wp\/v2\/comments?post=90"}],"version-history":[{"count":36,"href":"https:\/\/fotsportegyesulet.hu\/index.php\/wp-json\/wp\/v2\/pages\/90\/revisions"}],"predecessor-version":[{"id":15515,"href":"https:\/\/fotsportegyesulet.hu\/index.php\/wp-json\/wp\/v2\/pages\/90\/revisions\/15515"}],"wp:attachment":[{"href":"https:\/\/fotsportegyesulet.hu\/index.php\/wp-json\/wp\/v2\/media?parent=90"}],"curies":[{"name":"wp","href":"https:\/\/api.w.org\/{rel}","templated":true}]}}