{"id":895,"date":"2020-08-14T09:26:27","date_gmt":"2020-08-14T09:26:27","guid":{"rendered":"https:\/\/fotsportegyesulet.hu\/?page_id=895"},"modified":"2025-12-18T13:06:33","modified_gmt":"2025-12-18T12:06:33","slug":"asztalitenisz","status":"publish","type":"page","link":"https:\/\/fotsportegyesulet.hu\/index.php\/asztalitenisz\/","title":{"rendered":"ASZTALITENISZ"},"content":{"rendered":"<div id=\"pl-895\"  class=\"panel-layout\" ><div id=\"pg-895-0\"  class=\"panel-grid panel-no-style\" ><div id=\"pgc-895-0-0\"  class=\"panel-grid-cell\" ><div id=\"panel-895-0-0-0\" class=\"so-panel widget widget_sow-button panel-first-child panel-last-child\" data-index=\"0\" ><div\n\t\t\t\n\t\t\tclass=\"so-widget-sow-button so-widget-sow-button-flat-e7b8b18634e4-895\"\n\t\t\t\n\t\t><div class=\"ow-button-base ow-button-align-center\"\n>\n\t\t\t<a\n\t\t\t\tclass=\"sowb-button ow-icon-placement-left ow-button-hover\" \t>\n\t\t<span>\n\t\t\t\n\t\t\tAMAT\u0150R\t\t<\/span>\n\t\t\t<\/a>\n\t<\/div>\n<\/div><\/div><\/div><div id=\"pgc-895-0-1\"  class=\"panel-grid-cell\" ><div id=\"panel-895-0-1-0\" class=\"so-panel widget widget_sow-button panel-first-child panel-last-child\" data-index=\"1\" ><div\n\t\t\t\n\t\t\tclass=\"so-widget-sow-button so-widget-sow-button-flat-e7b8b18634e4-895\"\n\t\t\t\n\t\t><div class=\"ow-button-base ow-button-align-center\"\n>\n\t\t\t<a\n\t\t\t\tclass=\"sowb-button ow-icon-placement-left ow-button-hover\" \t>\n\t\t<span>\n\t\t\t\n\t\t\tPROFI\t\t<\/span>\n\t\t\t<\/a>\n\t<\/div>\n<\/div><\/div><\/div><div id=\"pgc-895-0-2\"  class=\"panel-grid-cell panel-grid-cell-empty panel-grid-cell-mobile-last\" ><\/div><div id=\"pgc-895-0-3\"  class=\"panel-grid-cell panel-grid-cell-empty\" ><\/div><\/div><div id=\"pg-895-1\"  class=\"panel-grid panel-no-style\" ><div id=\"pgc-895-1-0\"  class=\"panel-grid-cell\" ><div id=\"panel-895-1-0-0\" class=\"so-panel widget widget_text panel-first-child panel-last-child\" data-index=\"2\" ><h3 class=\"widget-title\">Asztalitenisz<\/h3>\t\t\t<div class=\"textwidget\"><p>&nbsp;<\/p>\n<p><strong>El\u00e9rhet\u0151s\u00e9g:\u00a0<\/strong><\/p>\n<p>Pozs\u00e1r Istv\u00e1n szenior edz\u0151 0630\/907-4990<\/p>\n<p>e-mail: adminisztracio@fotsportegyesulet.hu<\/p>\n<p><img loading=\"lazy\" decoding=\"async\" class=\"alignnone size-large wp-image-11921\" src=\"https:\/\/fotsportegyesulet.hu\/wp-content\/uploads\/2024\/11\/c4d64f14-8676-4a06-a012-2e6adb7bd75f-721x1024.jpg\" alt=\"\" width=\"721\" height=\"1024\" srcset=\"https:\/\/fotsportegyesulet.hu\/wp-content\/uploads\/2024\/11\/c4d64f14-8676-4a06-a012-2e6adb7bd75f-721x1024.jpg 721w, https:\/\/fotsportegyesulet.hu\/wp-content\/uploads\/2024\/11\/c4d64f14-8676-4a06-a012-2e6adb7bd75f-211x300.jpg 211w, https:\/\/fotsportegyesulet.hu\/wp-content\/uploads\/2024\/11\/c4d64f14-8676-4a06-a012-2e6adb7bd75f-768x1090.jpg 768w, https:\/\/fotsportegyesulet.hu\/wp-content\/uploads\/2024\/11\/c4d64f14-8676-4a06-a012-2e6adb7bd75f-1082x1536.jpg 1082w, https:\/\/fotsportegyesulet.hu\/wp-content\/uploads\/2024\/11\/c4d64f14-8676-4a06-a012-2e6adb7bd75f.jpg 1409w\" sizes=\"auto, (max-width: 721px) 100vw, 721px\" \/><\/p>\n<p>&nbsp;<\/p>\n<p>&nbsp;<\/p>\n<p>&nbsp;<\/p>\n<p>&nbsp;<\/p>\n<p>&nbsp;<\/p>\n<\/div>\n\t\t<\/div><\/div><div id=\"pgc-895-1-1\"  class=\"panel-grid-cell\" ><div id=\"panel-895-1-1-0\" class=\"so-panel widget widget_text panel-first-child panel-last-child\" data-index=\"3\" ><h3 class=\"widget-title\">Asztalitenisz esem\u00e9nyek<\/h3>\t\t\t<div class=\"textwidget\"><p>Felt\u00f6lt\u00e9s alatt<\/p>\n<\/div>\n\t\t<\/div><\/div><\/div><div id=\"pg-895-2\"  class=\"panel-grid panel-no-style\" ><div id=\"pgc-895-2-0\"  class=\"panel-grid-cell panel-grid-cell-empty\" ><\/div><div id=\"pgc-895-2-1\"  class=\"panel-grid-cell\" ><div id=\"panel-895-2-1-0\" class=\"widget_text so-panel widget widget_custom_html panel-first-child panel-last-child\" data-index=\"4\" ><h3 class=\"widget-title\">K\u00f6vess minket!<\/h3><div class=\"textwidget custom-html-widget\"><iframe loading=\"lazy\" src=\"https:\/\/www.facebook.com\/plugins\/page.php?href=https%3A%2F%2Fwww.facebook.com%2Ffotsportegyesulet%2F&tabs=timeline&width=340&height=500&small_header=true&adapt_container_width=false&hide_cover=false&show_facepile=true&appId\" width=\"340\" height=\"500\" style=\"border:none;overflow:hidden\" scrolling=\"no\" frameborder=\"0\" allowtransparency=\"true\" allow=\"encrypted-media\"><\/iframe><\/div><\/div><\/div><\/div><\/div>","protected":false},"excerpt":{"rendered":"<p>&nbsp; El\u00e9rhet\u0151s\u00e9g:\u00a0 Pozs\u00e1r Istv\u00e1n szenior edz\u0151 0630\/907-4990 e-mail: adminisztracio@fotsportegyesulet.hu &nbsp; &nbsp; &nbsp; &nbsp; &nbsp; Felt\u00f6lt\u00e9s alatt<\/p>\n","protected":false},"author":3,"featured_media":0,"parent":0,"menu_order":0,"comment_status":"closed","ping_status":"closed","template":"","meta":{"_bbp_topic_count":0,"_bbp_reply_count":0,"_bbp_total_topic_count":0,"_bbp_total_reply_count":0,"_bbp_voice_count":0,"_bbp_anonymous_reply_count":0,"_bbp_topic_count_hidden":0,"_bbp_reply_count_hidden":0,"_bbp_forum_subforum_count":0,"_price":"","_stock":"","_tribe_ticket_header":"","_tribe_default_ticket_provider":"","_ticket_start_date":"","_ticket_end_date":"","_tribe_ticket_show_description":"","_tribe_ticket_show_not_going":false,"_tribe_ticket_use_global_stock":"","_tribe_ticket_global_stock_level":"","_global_stock_mode":"","_global_stock_cap":"","_tribe_rsvp_for_event":"","_tribe_ticket_going_count":"","_tribe_ticket_not_going_count":"","_tribe_tickets_list":"[]","_tribe_ticket_has_attendee_info_fields":false,"footnotes":"","_tec_slr_enabled":"","_tec_slr_layout":""},"class_list":["post-895","page","type-page","status-publish","hentry"],"yoast_head":"<!-- This site is optimized with the Yoast SEO plugin v25.7 - https:\/\/yoast.com\/wordpress\/plugins\/seo\/ -->\n<title>ASZTALITENISZ - F\u00d3T SPORTEGYES\u00dcLET<\/title>\n<meta name=\"robots\" content=\"index, follow, max-snippet:-1, max-image-preview:large, max-video-preview:-1\" \/>\n<link rel=\"canonical\" href=\"https:\/\/fotsportegyesulet.hu\/index.php\/asztalitenisz\/\" \/>\n<meta property=\"og:locale\" content=\"hu_HU\" \/>\n<meta property=\"og:type\" content=\"article\" \/>\n<meta property=\"og:title\" content=\"ASZTALITENISZ - F\u00d3T SPORTEGYES\u00dcLET\" \/>\n<meta property=\"og:description\" content=\"&nbsp; El\u00e9rhet\u0151s\u00e9g:\u00a0 Pozs\u00e1r Istv\u00e1n szenior edz\u0151 0630\/907-4990 e-mail: adminisztracio@fotsportegyesulet.hu &nbsp; &nbsp; &nbsp; &nbsp; &nbsp; Felt\u00f6lt\u00e9s alatt\" \/>\n<meta property=\"og:url\" content=\"https:\/\/fotsportegyesulet.hu\/index.php\/asztalitenisz\/\" \/>\n<meta property=\"og:site_name\" content=\"F\u00d3T SPORTEGYES\u00dcLET\" \/>\n<meta property=\"article:publisher\" content=\"https:\/\/www.facebook.com\/fotsportegyesulet\/\" \/>\n<meta property=\"article:modified_time\" content=\"2025-12-18T12:06:33+00:00\" \/>\n<meta property=\"og:image\" content=\"https:\/\/fotsportegyesulet.hu\/wp-content\/uploads\/2024\/11\/c4d64f14-8676-4a06-a012-2e6adb7bd75f.jpg\" \/>\n\t<meta property=\"og:image:width\" content=\"1409\" \/>\n\t<meta property=\"og:image:height\" content=\"2000\" \/>\n\t<meta property=\"og:image:type\" content=\"image\/jpeg\" \/>\n<meta name=\"twitter:card\" content=\"summary_large_image\" \/>\n<meta name=\"twitter:label1\" content=\"Becs\u00fclt olvas\u00e1si id\u0151\" \/>\n\t<meta name=\"twitter:data1\" content=\"1 perc\" \/>\n<script type=\"application\/ld+json\" class=\"yoast-schema-graph\">{\"@context\":\"https:\/\/schema.org\",\"@graph\":[{\"@type\":\"WebPage\",\"@id\":\"https:\/\/fotsportegyesulet.hu\/index.php\/asztalitenisz\/\",\"url\":\"https:\/\/fotsportegyesulet.hu\/index.php\/asztalitenisz\/\",\"name\":\"ASZTALITENISZ - F\u00d3T SPORTEGYES\u00dcLET\",\"isPartOf\":{\"@id\":\"https:\/\/fotsportegyesulet.hu\/#website\"},\"primaryImageOfPage\":{\"@id\":\"https:\/\/fotsportegyesulet.hu\/index.php\/asztalitenisz\/#primaryimage\"},\"image\":{\"@id\":\"https:\/\/fotsportegyesulet.hu\/index.php\/asztalitenisz\/#primaryimage\"},\"thumbnailUrl\":\"https:\/\/fotsportegyesulet.hu\/wp-content\/uploads\/2024\/11\/c4d64f14-8676-4a06-a012-2e6adb7bd75f-721x1024.jpg\",\"datePublished\":\"2020-08-14T09:26:27+00:00\",\"dateModified\":\"2025-12-18T12:06:33+00:00\",\"breadcrumb\":{\"@id\":\"https:\/\/fotsportegyesulet.hu\/index.php\/asztalitenisz\/#breadcrumb\"},\"inLanguage\":\"hu\",\"potentialAction\":[{\"@type\":\"ReadAction\",\"target\":[\"https:\/\/fotsportegyesulet.hu\/index.php\/asztalitenisz\/\"]}]},{\"@type\":\"ImageObject\",\"inLanguage\":\"hu\",\"@id\":\"https:\/\/fotsportegyesulet.hu\/index.php\/asztalitenisz\/#primaryimage\",\"url\":\"https:\/\/fotsportegyesulet.hu\/wp-content\/uploads\/2024\/11\/c4d64f14-8676-4a06-a012-2e6adb7bd75f.jpg\",\"contentUrl\":\"https:\/\/fotsportegyesulet.hu\/wp-content\/uploads\/2024\/11\/c4d64f14-8676-4a06-a012-2e6adb7bd75f.jpg\",\"width\":1409,\"height\":2000},{\"@type\":\"BreadcrumbList\",\"@id\":\"https:\/\/fotsportegyesulet.hu\/index.php\/asztalitenisz\/#breadcrumb\",\"itemListElement\":[{\"@type\":\"ListItem\",\"position\":1,\"name\":\"Kezd\u0151lap\",\"item\":\"https:\/\/fotsportegyesulet.hu\/\"},{\"@type\":\"ListItem\",\"position\":2,\"name\":\"ASZTALITENISZ\"}]},{\"@type\":\"WebSite\",\"@id\":\"https:\/\/fotsportegyesulet.hu\/#website\",\"url\":\"https:\/\/fotsportegyesulet.hu\/\",\"name\":\"F\u00d3T SPORTEGYES\u00dcLET\",\"description\":\"\",\"publisher\":{\"@id\":\"https:\/\/fotsportegyesulet.hu\/#organization\"},\"potentialAction\":[{\"@type\":\"SearchAction\",\"target\":{\"@type\":\"EntryPoint\",\"urlTemplate\":\"https:\/\/fotsportegyesulet.hu\/?s={search_term_string}\"},\"query-input\":{\"@type\":\"PropertyValueSpecification\",\"valueRequired\":true,\"valueName\":\"search_term_string\"}}],\"inLanguage\":\"hu\"},{\"@type\":\"Organization\",\"@id\":\"https:\/\/fotsportegyesulet.hu\/#organization\",\"name\":\"F\u00f3t Sportegyes\u00fclet\",\"url\":\"https:\/\/fotsportegyesulet.hu\/\",\"logo\":{\"@type\":\"ImageObject\",\"inLanguage\":\"hu\",\"@id\":\"https:\/\/fotsportegyesulet.hu\/#\/schema\/logo\/image\/\",\"url\":\"https:\/\/fotsportegyesulet.hu\/wp-content\/uploads\/2020\/07\/eredeti-sz\u00ednes-vektoros-Fot-cimer-3.png\",\"contentUrl\":\"https:\/\/fotsportegyesulet.hu\/wp-content\/uploads\/2020\/07\/eredeti-sz\u00ednes-vektoros-Fot-cimer-3.png\",\"width\":500,\"height\":500,\"caption\":\"F\u00f3t Sportegyes\u00fclet\"},\"image\":{\"@id\":\"https:\/\/fotsportegyesulet.hu\/#\/schema\/logo\/image\/\"},\"sameAs\":[\"https:\/\/www.facebook.com\/fotsportegyesulet\/\"]}]}<\/script>\n<!-- \/ Yoast SEO plugin. -->","yoast_head_json":{"title":"ASZTALITENISZ - F\u00d3T SPORTEGYES\u00dcLET","robots":{"index":"index","follow":"follow","max-snippet":"max-snippet:-1","max-image-preview":"max-image-preview:large","max-video-preview":"max-video-preview:-1"},"canonical":"https:\/\/fotsportegyesulet.hu\/index.php\/asztalitenisz\/","og_locale":"hu_HU","og_type":"article","og_title":"ASZTALITENISZ - F\u00d3T SPORTEGYES\u00dcLET","og_description":"&nbsp; El\u00e9rhet\u0151s\u00e9g:\u00a0 Pozs\u00e1r Istv\u00e1n szenior edz\u0151 0630\/907-4990 e-mail: adminisztracio@fotsportegyesulet.hu &nbsp; &nbsp; &nbsp; &nbsp; &nbsp; Felt\u00f6lt\u00e9s alatt","og_url":"https:\/\/fotsportegyesulet.hu\/index.php\/asztalitenisz\/","og_site_name":"F\u00d3T SPORTEGYES\u00dcLET","article_publisher":"https:\/\/www.facebook.com\/fotsportegyesulet\/","article_modified_time":"2025-12-18T12:06:33+00:00","og_image":[{"width":1409,"height":2000,"url":"https:\/\/fotsportegyesulet.hu\/wp-content\/uploads\/2024\/11\/c4d64f14-8676-4a06-a012-2e6adb7bd75f.jpg","type":"image\/jpeg"}],"twitter_card":"summary_large_image","twitter_misc":{"Becs\u00fclt olvas\u00e1si id\u0151":"1 perc"},"schema":{"@context":"https:\/\/schema.org","@graph":[{"@type":"WebPage","@id":"https:\/\/fotsportegyesulet.hu\/index.php\/asztalitenisz\/","url":"https:\/\/fotsportegyesulet.hu\/index.php\/asztalitenisz\/","name":"ASZTALITENISZ - F\u00d3T SPORTEGYES\u00dcLET","isPartOf":{"@id":"https:\/\/fotsportegyesulet.hu\/#website"},"primaryImageOfPage":{"@id":"https:\/\/fotsportegyesulet.hu\/index.php\/asztalitenisz\/#primaryimage"},"image":{"@id":"https:\/\/fotsportegyesulet.hu\/index.php\/asztalitenisz\/#primaryimage"},"thumbnailUrl":"https:\/\/fotsportegyesulet.hu\/wp-content\/uploads\/2024\/11\/c4d64f14-8676-4a06-a012-2e6adb7bd75f-721x1024.jpg","datePublished":"2020-08-14T09:26:27+00:00","dateModified":"2025-12-18T12:06:33+00:00","breadcrumb":{"@id":"https:\/\/fotsportegyesulet.hu\/index.php\/asztalitenisz\/#breadcrumb"},"inLanguage":"hu","potentialAction":[{"@type":"ReadAction","target":["https:\/\/fotsportegyesulet.hu\/index.php\/asztalitenisz\/"]}]},{"@type":"ImageObject","inLanguage":"hu","@id":"https:\/\/fotsportegyesulet.hu\/index.php\/asztalitenisz\/#primaryimage","url":"https:\/\/fotsportegyesulet.hu\/wp-content\/uploads\/2024\/11\/c4d64f14-8676-4a06-a012-2e6adb7bd75f.jpg","contentUrl":"https:\/\/fotsportegyesulet.hu\/wp-content\/uploads\/2024\/11\/c4d64f14-8676-4a06-a012-2e6adb7bd75f.jpg","width":1409,"height":2000},{"@type":"BreadcrumbList","@id":"https:\/\/fotsportegyesulet.hu\/index.php\/asztalitenisz\/#breadcrumb","itemListElement":[{"@type":"ListItem","position":1,"name":"Kezd\u0151lap","item":"https:\/\/fotsportegyesulet.hu\/"},{"@type":"ListItem","position":2,"name":"ASZTALITENISZ"}]},{"@type":"WebSite","@id":"https:\/\/fotsportegyesulet.hu\/#website","url":"https:\/\/fotsportegyesulet.hu\/","name":"F\u00d3T SPORTEGYES\u00dcLET","description":"","publisher":{"@id":"https:\/\/fotsportegyesulet.hu\/#organization"},"potentialAction":[{"@type":"SearchAction","target":{"@type":"EntryPoint","urlTemplate":"https:\/\/fotsportegyesulet.hu\/?s={search_term_string}"},"query-input":{"@type":"PropertyValueSpecification","valueRequired":true,"valueName":"search_term_string"}}],"inLanguage":"hu"},{"@type":"Organization","@id":"https:\/\/fotsportegyesulet.hu\/#organization","name":"F\u00f3t Sportegyes\u00fclet","url":"https:\/\/fotsportegyesulet.hu\/","logo":{"@type":"ImageObject","inLanguage":"hu","@id":"https:\/\/fotsportegyesulet.hu\/#\/schema\/logo\/image\/","url":"https:\/\/fotsportegyesulet.hu\/wp-content\/uploads\/2020\/07\/eredeti-sz\u00ednes-vektoros-Fot-cimer-3.png","contentUrl":"https:\/\/fotsportegyesulet.hu\/wp-content\/uploads\/2020\/07\/eredeti-sz\u00ednes-vektoros-Fot-cimer-3.png","width":500,"height":500,"caption":"F\u00f3t Sportegyes\u00fclet"},"image":{"@id":"https:\/\/fotsportegyesulet.hu\/#\/schema\/logo\/image\/"},"sameAs":["https:\/\/www.facebook.com\/fotsportegyesulet\/"]}]}},"ticketed":false,"_links":{"self":[{"href":"https:\/\/fotsportegyesulet.hu\/index.php\/wp-json\/wp\/v2\/pages\/895","targetHints":{"allow":["GET"]}}],"collection":[{"href":"https:\/\/fotsportegyesulet.hu\/index.php\/wp-json\/wp\/v2\/pages"}],"about":[{"href":"https:\/\/fotsportegyesulet.hu\/index.php\/wp-json\/wp\/v2\/types\/page"}],"author":[{"embeddable":true,"href":"https:\/\/fotsportegyesulet.hu\/index.php\/wp-json\/wp\/v2\/users\/3"}],"replies":[{"embeddable":true,"href":"https:\/\/fotsportegyesulet.hu\/index.php\/wp-json\/wp\/v2\/comments?post=895"}],"version-history":[{"count":142,"href":"https:\/\/fotsportegyesulet.hu\/index.php\/wp-json\/wp\/v2\/pages\/895\/revisions"}],"predecessor-version":[{"id":15159,"href":"https:\/\/fotsportegyesulet.hu\/index.php\/wp-json\/wp\/v2\/pages\/895\/revisions\/15159"}],"wp:attachment":[{"href":"https:\/\/fotsportegyesulet.hu\/index.php\/wp-json\/wp\/v2\/media?parent=895"}],"curies":[{"name":"wp","href":"https:\/\/api.w.org\/{rel}","templated":true}]}}