{"id":4700,"date":"2022-07-05T17:31:43","date_gmt":"2022-07-05T15:31:43","guid":{"rendered":"https:\/\/fotsportegyesulet.hu\/?page_id=4700"},"modified":"2026-04-22T10:05:53","modified_gmt":"2026-04-22T08:05:53","slug":"esemenyek","status":"publish","type":"page","link":"https:\/\/fotsportegyesulet.hu\/index.php\/esemenyek\/","title":{"rendered":"Esem\u00e9nyek"},"content":{"rendered":"<div id=\"pl-4700\"  class=\"panel-layout\" ><div id=\"pg-4700-0\"  class=\"panel-grid panel-no-style\" ><div id=\"pgc-4700-0-0\"  class=\"panel-grid-cell\" ><script data-js='tribe-events-view-nonce-data' type='application\/json'>{\"tvn1\":\"0aa3b5dc2a\",\"tvn2\":\"\"}<\/script><div id=\"panel-4700-0-0-1\" class=\"so-panel widget widget_text panel-last-child\" data-index=\"1\" >\t\t\t<div class=\"textwidget\"><h3 class=\"widget-title\"><strong><a href=\"https:\/\/www.facebook.com\/profile.php?id=61578799421028&amp;sk=events\" target=\"_blank\" rel=\"noopener\">I. F\u00f3ti Eg\u00e9szs\u00e9g- \u00e9s Sportnap 2026.05.09. Somly\u00f3-t\u00f3<\/a><\/strong><\/h3>\n<\/div>\n\t\t<\/div><\/div><\/div><div id=\"pg-4700-1\"  class=\"panel-grid panel-no-style\" ><div id=\"pgc-4700-1-0\"  class=\"panel-grid-cell panel-grid-cell-mobile-last\" ><div id=\"panel-4700-1-0-0\" class=\"so-panel widget widget_text panel-first-child panel-last-child\" data-index=\"2\" >\t\t\t<div class=\"textwidget\"><h3 class=\"widget-title\">Kor\u00e1bbi esem\u00e9nyek<\/h3>\n<h1><a href=\"https:\/\/fotsportegyesulet.hu\/index.php\/r-gol-foti-foci-fesztival-2024\/\">R-GOL.COM F\u00f3ti Foci Fesztiv\u00e1l 2024<\/a><\/h1>\n<h1><a href=\"https:\/\/fotsportegyesulet.hu\/index.php\/football-factor-feszt-2023\/\">Football Factor Feszt 2023.06.11.<\/a><\/h1>\n<div class=\"siteorigin-widget-tinymce textwidget\">\n<div class=\"siteorigin-widget-tinymce textwidget\">\n<h1><a href=\"https:\/\/fotsportegyesulet.hu\/index.php\/foti-foci-fesztival-2022\/\" target=\"_blank\" rel=\"noopener\">F\u00f3ti Foci Fesztiv\u00e1l 2022.06.11.<\/a><\/h1>\n<h1><a href=\"https:\/\/futofesztival.fotsportegyesulet.hu\/\" target=\"_blank\" rel=\"noopener\">F\u00f3ti Fut\u00f3fesztiv\u00e1l 2022.04.23.<\/a><\/h1>\n<\/div>\n<\/div>\n<\/div>\n\t\t<\/div><\/div><div id=\"pgc-4700-1-1\"  class=\"panel-grid-cell panel-grid-cell-empty\" ><\/div><\/div><\/div>","protected":false},"excerpt":{"rendered":"<p>I. F\u00f3ti Eg\u00e9szs\u00e9g- \u00e9s Sportnap 2026.05.09. Somly\u00f3-t\u00f3 Kor\u00e1bbi esem\u00e9nyek R-GOL.COM F\u00f3ti Foci Fesztiv\u00e1l 2024 Football Factor Feszt 2023.06.11. F\u00f3ti Foci Fesztiv\u00e1l 2022.06.11. F\u00f3ti Fut\u00f3fesztiv\u00e1l 2022.04.23.<\/p>\n","protected":false},"author":3,"featured_media":0,"parent":0,"menu_order":0,"comment_status":"closed","ping_status":"closed","template":"","meta":{"_bbp_topic_count":0,"_bbp_reply_count":0,"_bbp_total_topic_count":0,"_bbp_total_reply_count":0,"_bbp_voice_count":0,"_bbp_anonymous_reply_count":0,"_bbp_topic_count_hidden":0,"_bbp_reply_count_hidden":0,"_bbp_forum_subforum_count":0,"_price":"","_stock":"","_tribe_ticket_header":"","_tribe_default_ticket_provider":"","_ticket_start_date":"","_ticket_end_date":"","_tribe_ticket_show_description":"","_tribe_ticket_show_not_going":false,"_tribe_ticket_use_global_stock":"","_tribe_ticket_global_stock_level":"","_global_stock_mode":"","_global_stock_cap":"","_tribe_rsvp_for_event":"","_tribe_ticket_going_count":"","_tribe_ticket_not_going_count":"","_tribe_tickets_list":"[]","_tribe_ticket_has_attendee_info_fields":false,"footnotes":"","_tec_slr_enabled":"","_tec_slr_layout":""},"class_list":["post-4700","page","type-page","status-publish","hentry"],"yoast_head":"<!-- This site is optimized with the Yoast SEO plugin v25.7 - https:\/\/yoast.com\/wordpress\/plugins\/seo\/ -->\n<title>Esem\u00e9nyek - F\u00d3T SPORTEGYES\u00dcLET<\/title>\n<meta name=\"robots\" content=\"index, follow, max-snippet:-1, max-image-preview:large, max-video-preview:-1\" \/>\n<link rel=\"canonical\" href=\"https:\/\/fotsportegyesulet.hu\/index.php\/esemenyek\/\" \/>\n<meta property=\"og:locale\" content=\"hu_HU\" \/>\n<meta property=\"og:type\" content=\"article\" \/>\n<meta property=\"og:title\" content=\"Esem\u00e9nyek - F\u00d3T SPORTEGYES\u00dcLET\" \/>\n<meta property=\"og:description\" content=\"I. F\u00f3ti Eg\u00e9szs\u00e9g- \u00e9s Sportnap 2026.05.09. Somly\u00f3-t\u00f3 Kor\u00e1bbi esem\u00e9nyek R-GOL.COM F\u00f3ti Foci Fesztiv\u00e1l 2024 Football Factor Feszt 2023.06.11. F\u00f3ti Foci Fesztiv\u00e1l 2022.06.11. F\u00f3ti Fut\u00f3fesztiv\u00e1l 2022.04.23.\" \/>\n<meta property=\"og:url\" content=\"https:\/\/fotsportegyesulet.hu\/index.php\/esemenyek\/\" \/>\n<meta property=\"og:site_name\" content=\"F\u00d3T SPORTEGYES\u00dcLET\" \/>\n<meta property=\"article:publisher\" content=\"https:\/\/www.facebook.com\/fotsportegyesulet\/\" \/>\n<meta property=\"article:modified_time\" content=\"2026-04-22T08:05:53+00:00\" \/>\n<meta property=\"og:image\" content=\"https:\/\/fotsportegyesulet.hu\/wp-content\/uploads\/2017\/04\/cimlap_minta.jpg\" \/>\n\t<meta property=\"og:image:width\" content=\"1200\" \/>\n\t<meta property=\"og:image:height\" content=\"628\" \/>\n\t<meta property=\"og:image:type\" content=\"image\/jpeg\" \/>\n<meta name=\"twitter:card\" content=\"summary_large_image\" \/>\n<meta name=\"twitter:label1\" content=\"Becs\u00fclt olvas\u00e1si id\u0151\" \/>\n\t<meta name=\"twitter:data1\" content=\"1 perc\" \/>\n<script type=\"application\/ld+json\" class=\"yoast-schema-graph\">{\"@context\":\"https:\/\/schema.org\",\"@graph\":[{\"@type\":\"WebPage\",\"@id\":\"https:\/\/fotsportegyesulet.hu\/index.php\/esemenyek\/\",\"url\":\"https:\/\/fotsportegyesulet.hu\/index.php\/esemenyek\/\",\"name\":\"Esem\u00e9nyek - F\u00d3T SPORTEGYES\u00dcLET\",\"isPartOf\":{\"@id\":\"https:\/\/fotsportegyesulet.hu\/#website\"},\"datePublished\":\"2022-07-05T15:31:43+00:00\",\"dateModified\":\"2026-04-22T08:05:53+00:00\",\"breadcrumb\":{\"@id\":\"https:\/\/fotsportegyesulet.hu\/index.php\/esemenyek\/#breadcrumb\"},\"inLanguage\":\"hu\",\"potentialAction\":[{\"@type\":\"ReadAction\",\"target\":[\"https:\/\/fotsportegyesulet.hu\/index.php\/esemenyek\/\"]}]},{\"@type\":\"BreadcrumbList\",\"@id\":\"https:\/\/fotsportegyesulet.hu\/index.php\/esemenyek\/#breadcrumb\",\"itemListElement\":[{\"@type\":\"ListItem\",\"position\":1,\"name\":\"Kezd\u0151lap\",\"item\":\"https:\/\/fotsportegyesulet.hu\/\"},{\"@type\":\"ListItem\",\"position\":2,\"name\":\"Esem\u00e9nyek\"}]},{\"@type\":\"WebSite\",\"@id\":\"https:\/\/fotsportegyesulet.hu\/#website\",\"url\":\"https:\/\/fotsportegyesulet.hu\/\",\"name\":\"F\u00d3T SPORTEGYES\u00dcLET\",\"description\":\"\",\"publisher\":{\"@id\":\"https:\/\/fotsportegyesulet.hu\/#organization\"},\"potentialAction\":[{\"@type\":\"SearchAction\",\"target\":{\"@type\":\"EntryPoint\",\"urlTemplate\":\"https:\/\/fotsportegyesulet.hu\/?s={search_term_string}\"},\"query-input\":{\"@type\":\"PropertyValueSpecification\",\"valueRequired\":true,\"valueName\":\"search_term_string\"}}],\"inLanguage\":\"hu\"},{\"@type\":\"Organization\",\"@id\":\"https:\/\/fotsportegyesulet.hu\/#organization\",\"name\":\"F\u00f3t Sportegyes\u00fclet\",\"url\":\"https:\/\/fotsportegyesulet.hu\/\",\"logo\":{\"@type\":\"ImageObject\",\"inLanguage\":\"hu\",\"@id\":\"https:\/\/fotsportegyesulet.hu\/#\/schema\/logo\/image\/\",\"url\":\"https:\/\/fotsportegyesulet.hu\/wp-content\/uploads\/2020\/07\/eredeti-sz\u00ednes-vektoros-Fot-cimer-3.png\",\"contentUrl\":\"https:\/\/fotsportegyesulet.hu\/wp-content\/uploads\/2020\/07\/eredeti-sz\u00ednes-vektoros-Fot-cimer-3.png\",\"width\":500,\"height\":500,\"caption\":\"F\u00f3t Sportegyes\u00fclet\"},\"image\":{\"@id\":\"https:\/\/fotsportegyesulet.hu\/#\/schema\/logo\/image\/\"},\"sameAs\":[\"https:\/\/www.facebook.com\/fotsportegyesulet\/\"]}]}<\/script>\n<!-- \/ Yoast SEO plugin. -->","yoast_head_json":{"title":"Esem\u00e9nyek - F\u00d3T SPORTEGYES\u00dcLET","robots":{"index":"index","follow":"follow","max-snippet":"max-snippet:-1","max-image-preview":"max-image-preview:large","max-video-preview":"max-video-preview:-1"},"canonical":"https:\/\/fotsportegyesulet.hu\/index.php\/esemenyek\/","og_locale":"hu_HU","og_type":"article","og_title":"Esem\u00e9nyek - F\u00d3T SPORTEGYES\u00dcLET","og_description":"I. F\u00f3ti Eg\u00e9szs\u00e9g- \u00e9s Sportnap 2026.05.09. Somly\u00f3-t\u00f3 Kor\u00e1bbi esem\u00e9nyek R-GOL.COM F\u00f3ti Foci Fesztiv\u00e1l 2024 Football Factor Feszt 2023.06.11. F\u00f3ti Foci Fesztiv\u00e1l 2022.06.11. F\u00f3ti Fut\u00f3fesztiv\u00e1l 2022.04.23.","og_url":"https:\/\/fotsportegyesulet.hu\/index.php\/esemenyek\/","og_site_name":"F\u00d3T SPORTEGYES\u00dcLET","article_publisher":"https:\/\/www.facebook.com\/fotsportegyesulet\/","article_modified_time":"2026-04-22T08:05:53+00:00","og_image":[{"width":1200,"height":628,"url":"https:\/\/fotsportegyesulet.hu\/wp-content\/uploads\/2017\/04\/cimlap_minta.jpg","type":"image\/jpeg"}],"twitter_card":"summary_large_image","twitter_misc":{"Becs\u00fclt olvas\u00e1si id\u0151":"1 perc"},"schema":{"@context":"https:\/\/schema.org","@graph":[{"@type":"WebPage","@id":"https:\/\/fotsportegyesulet.hu\/index.php\/esemenyek\/","url":"https:\/\/fotsportegyesulet.hu\/index.php\/esemenyek\/","name":"Esem\u00e9nyek - F\u00d3T SPORTEGYES\u00dcLET","isPartOf":{"@id":"https:\/\/fotsportegyesulet.hu\/#website"},"datePublished":"2022-07-05T15:31:43+00:00","dateModified":"2026-04-22T08:05:53+00:00","breadcrumb":{"@id":"https:\/\/fotsportegyesulet.hu\/index.php\/esemenyek\/#breadcrumb"},"inLanguage":"hu","potentialAction":[{"@type":"ReadAction","target":["https:\/\/fotsportegyesulet.hu\/index.php\/esemenyek\/"]}]},{"@type":"BreadcrumbList","@id":"https:\/\/fotsportegyesulet.hu\/index.php\/esemenyek\/#breadcrumb","itemListElement":[{"@type":"ListItem","position":1,"name":"Kezd\u0151lap","item":"https:\/\/fotsportegyesulet.hu\/"},{"@type":"ListItem","position":2,"name":"Esem\u00e9nyek"}]},{"@type":"WebSite","@id":"https:\/\/fotsportegyesulet.hu\/#website","url":"https:\/\/fotsportegyesulet.hu\/","name":"F\u00d3T SPORTEGYES\u00dcLET","description":"","publisher":{"@id":"https:\/\/fotsportegyesulet.hu\/#organization"},"potentialAction":[{"@type":"SearchAction","target":{"@type":"EntryPoint","urlTemplate":"https:\/\/fotsportegyesulet.hu\/?s={search_term_string}"},"query-input":{"@type":"PropertyValueSpecification","valueRequired":true,"valueName":"search_term_string"}}],"inLanguage":"hu"},{"@type":"Organization","@id":"https:\/\/fotsportegyesulet.hu\/#organization","name":"F\u00f3t Sportegyes\u00fclet","url":"https:\/\/fotsportegyesulet.hu\/","logo":{"@type":"ImageObject","inLanguage":"hu","@id":"https:\/\/fotsportegyesulet.hu\/#\/schema\/logo\/image\/","url":"https:\/\/fotsportegyesulet.hu\/wp-content\/uploads\/2020\/07\/eredeti-sz\u00ednes-vektoros-Fot-cimer-3.png","contentUrl":"https:\/\/fotsportegyesulet.hu\/wp-content\/uploads\/2020\/07\/eredeti-sz\u00ednes-vektoros-Fot-cimer-3.png","width":500,"height":500,"caption":"F\u00f3t Sportegyes\u00fclet"},"image":{"@id":"https:\/\/fotsportegyesulet.hu\/#\/schema\/logo\/image\/"},"sameAs":["https:\/\/www.facebook.com\/fotsportegyesulet\/"]}]}},"ticketed":false,"_links":{"self":[{"href":"https:\/\/fotsportegyesulet.hu\/index.php\/wp-json\/wp\/v2\/pages\/4700","targetHints":{"allow":["GET"]}}],"collection":[{"href":"https:\/\/fotsportegyesulet.hu\/index.php\/wp-json\/wp\/v2\/pages"}],"about":[{"href":"https:\/\/fotsportegyesulet.hu\/index.php\/wp-json\/wp\/v2\/types\/page"}],"author":[{"embeddable":true,"href":"https:\/\/fotsportegyesulet.hu\/index.php\/wp-json\/wp\/v2\/users\/3"}],"replies":[{"embeddable":true,"href":"https:\/\/fotsportegyesulet.hu\/index.php\/wp-json\/wp\/v2\/comments?post=4700"}],"version-history":[{"count":20,"href":"https:\/\/fotsportegyesulet.hu\/index.php\/wp-json\/wp\/v2\/pages\/4700\/revisions"}],"predecessor-version":[{"id":4707,"href":"https:\/\/fotsportegyesulet.hu\/index.php\/wp-json\/wp\/v2\/pages\/4700\/revisions\/4707"}],"wp:attachment":[{"href":"https:\/\/fotsportegyesulet.hu\/index.php\/wp-json\/wp\/v2\/media?parent=4700"}],"curies":[{"name":"wp","href":"https:\/\/api.w.org\/{rel}","templated":true}]}}