{"id":4095,"date":"2022-05-10T19:29:53","date_gmt":"2022-05-10T17:29:53","guid":{"rendered":"https:\/\/fotsportegyesulet.hu\/?page_id=4095"},"modified":"2024-06-07T06:39:50","modified_gmt":"2024-06-07T04:39:50","slug":"foti-foci-fesztival-tovabbi-programok","status":"publish","type":"page","link":"https:\/\/fotsportegyesulet.hu\/index.php\/foti-foci-fesztival-tovabbi-programok\/","title":{"rendered":"F\u00f3ti Foci Fesztiv\u00e1l tov\u00e1bbi programok"},"content":{"rendered":"<p><img loading=\"lazy\" decoding=\"async\" class=\"aligncenter wp-image-7420 size-full\" src=\"https:\/\/fotsportegyesulet.hu\/wp-content\/uploads\/2023\/06\/2_7.png\" alt=\"\" width=\"2000\" height=\"500\" srcset=\"https:\/\/fotsportegyesulet.hu\/wp-content\/uploads\/2023\/06\/2_7.png 2000w, https:\/\/fotsportegyesulet.hu\/wp-content\/uploads\/2023\/06\/2_7-300x75.png 300w, https:\/\/fotsportegyesulet.hu\/wp-content\/uploads\/2023\/06\/2_7-1024x256.png 1024w, https:\/\/fotsportegyesulet.hu\/wp-content\/uploads\/2023\/06\/2_7-768x192.png 768w, https:\/\/fotsportegyesulet.hu\/wp-content\/uploads\/2023\/06\/2_7-1536x384.png 1536w\" sizes=\"auto, (max-width: 2000px) 100vw, 2000px\" \/><\/p>\n<h2>Tov\u00e1bbi eg\u00e9sznapos d\u00edjmentes programok kicsik \u00e9s nagyok sz\u00e1m\u00e1ra egyar\u00e1nt!<\/h2>\n<h4>Blaze Pod, FootBilli\u00e1rd, FootGolf, FootBowling, Subsoccer, \u00fcgyess\u00e9gi j\u00e1t\u00e9kok, arcfest\u00e9s, mini foci!<\/h4>\n<p>&nbsp;<\/p>\n<h3>Alternat\u00edv programaink nem ig\u00e9nyelnek nevez\u00e9st! Csak j\u00f3 kedvet! \ud83d\ude42<\/h3>\n<h4><\/h4>\n<h4>Ha meg\u00e9hezn\u00e9l a helysz\u00ednen a b\u00fcf\u00e9 k\u00edn\u00e1lat\u00e1b\u00f3l tudsz v\u00e1lasztani!<\/h4>\n<p>&nbsp;<\/p>\n<p><a href=\"https:\/\/fotsportegyesulet.hu\/index.php\/r-gol-foti-foci-fesztival-2024\/\"><img loading=\"lazy\" decoding=\"async\" class=\"aligncenter size-full wp-image-11078\" src=\"https:\/\/fotsportegyesulet.hu\/wp-content\/uploads\/2024\/06\/vISSZA-A-FOOLDALRA.png\" alt=\"\" width=\"300\" height=\"60\" \/><\/a><\/p>\n","protected":false},"excerpt":{"rendered":"<p>Tov\u00e1bbi eg\u00e9sznapos d\u00edjmentes programok kicsik \u00e9s nagyok sz\u00e1m\u00e1ra egyar\u00e1nt! Blaze Pod, FootBilli\u00e1rd, FootGolf, FootBowling, Subsoccer, \u00fcgyess\u00e9gi j\u00e1t\u00e9kok, arcfest\u00e9s, mini foci! &nbsp; Alternat\u00edv programaink nem ig\u00e9nyelnek nevez\u00e9st! Csak j\u00f3 kedvet! \ud83d\ude42&#8230;<\/p>\n","protected":false},"author":3,"featured_media":0,"parent":0,"menu_order":0,"comment_status":"closed","ping_status":"closed","template":"","meta":{"_bbp_topic_count":0,"_bbp_reply_count":0,"_bbp_total_topic_count":0,"_bbp_total_reply_count":0,"_bbp_voice_count":0,"_bbp_anonymous_reply_count":0,"_bbp_topic_count_hidden":0,"_bbp_reply_count_hidden":0,"_bbp_forum_subforum_count":0,"_price":"","_stock":"","_tribe_ticket_header":"","_tribe_default_ticket_provider":"","_ticket_start_date":"","_ticket_end_date":"","_tribe_ticket_show_description":"","_tribe_ticket_show_not_going":false,"_tribe_ticket_use_global_stock":"","_tribe_ticket_global_stock_level":"","_global_stock_mode":"","_global_stock_cap":"","_tribe_rsvp_for_event":"","_tribe_ticket_going_count":"","_tribe_ticket_not_going_count":"","_tribe_tickets_list":"[]","_tribe_ticket_has_attendee_info_fields":false,"footnotes":"","_tec_slr_enabled":"","_tec_slr_layout":""},"class_list":["post-4095","page","type-page","status-publish","hentry"],"yoast_head":"<!-- This site is optimized with the Yoast SEO plugin v25.7 - https:\/\/yoast.com\/wordpress\/plugins\/seo\/ -->\n<title>F\u00f3ti Foci Fesztiv\u00e1l tov\u00e1bbi programok - F\u00d3T SPORTEGYES\u00dcLET<\/title>\n<meta name=\"robots\" content=\"index, follow, max-snippet:-1, max-image-preview:large, max-video-preview:-1\" \/>\n<link rel=\"canonical\" href=\"https:\/\/fotsportegyesulet.hu\/index.php\/foti-foci-fesztival-tovabbi-programok\/\" \/>\n<meta property=\"og:locale\" content=\"hu_HU\" \/>\n<meta property=\"og:type\" content=\"article\" \/>\n<meta property=\"og:title\" content=\"F\u00f3ti Foci Fesztiv\u00e1l tov\u00e1bbi programok - F\u00d3T SPORTEGYES\u00dcLET\" \/>\n<meta property=\"og:description\" content=\"Tov\u00e1bbi eg\u00e9sznapos d\u00edjmentes programok kicsik \u00e9s nagyok sz\u00e1m\u00e1ra egyar\u00e1nt! Blaze Pod, FootBilli\u00e1rd, FootGolf, FootBowling, Subsoccer, \u00fcgyess\u00e9gi j\u00e1t\u00e9kok, arcfest\u00e9s, mini foci! &nbsp; Alternat\u00edv programaink nem ig\u00e9nyelnek nevez\u00e9st! Csak j\u00f3 kedvet! \ud83d\ude42...\" \/>\n<meta property=\"og:url\" content=\"https:\/\/fotsportegyesulet.hu\/index.php\/foti-foci-fesztival-tovabbi-programok\/\" \/>\n<meta property=\"og:site_name\" content=\"F\u00d3T SPORTEGYES\u00dcLET\" \/>\n<meta property=\"article:publisher\" content=\"https:\/\/www.facebook.com\/fotsportegyesulet\/\" \/>\n<meta property=\"article:modified_time\" content=\"2024-06-07T04:39:50+00:00\" \/>\n<meta property=\"og:image\" content=\"https:\/\/fotsportegyesulet.hu\/wp-content\/uploads\/2023\/06\/2_7.png\" \/>\n<meta name=\"twitter:card\" content=\"summary_large_image\" \/>\n<meta name=\"twitter:label1\" content=\"Becs\u00fclt olvas\u00e1si id\u0151\" \/>\n\t<meta name=\"twitter:data1\" content=\"1 perc\" \/>\n<script type=\"application\/ld+json\" class=\"yoast-schema-graph\">{\"@context\":\"https:\/\/schema.org\",\"@graph\":[{\"@type\":\"WebPage\",\"@id\":\"https:\/\/fotsportegyesulet.hu\/index.php\/foti-foci-fesztival-tovabbi-programok\/\",\"url\":\"https:\/\/fotsportegyesulet.hu\/index.php\/foti-foci-fesztival-tovabbi-programok\/\",\"name\":\"F\u00f3ti Foci Fesztiv\u00e1l tov\u00e1bbi programok - F\u00d3T SPORTEGYES\u00dcLET\",\"isPartOf\":{\"@id\":\"https:\/\/fotsportegyesulet.hu\/#website\"},\"primaryImageOfPage\":{\"@id\":\"https:\/\/fotsportegyesulet.hu\/index.php\/foti-foci-fesztival-tovabbi-programok\/#primaryimage\"},\"image\":{\"@id\":\"https:\/\/fotsportegyesulet.hu\/index.php\/foti-foci-fesztival-tovabbi-programok\/#primaryimage\"},\"thumbnailUrl\":\"https:\/\/fotsportegyesulet.hu\/wp-content\/uploads\/2023\/06\/2_7.png\",\"datePublished\":\"2022-05-10T17:29:53+00:00\",\"dateModified\":\"2024-06-07T04:39:50+00:00\",\"breadcrumb\":{\"@id\":\"https:\/\/fotsportegyesulet.hu\/index.php\/foti-foci-fesztival-tovabbi-programok\/#breadcrumb\"},\"inLanguage\":\"hu\",\"potentialAction\":[{\"@type\":\"ReadAction\",\"target\":[\"https:\/\/fotsportegyesulet.hu\/index.php\/foti-foci-fesztival-tovabbi-programok\/\"]}]},{\"@type\":\"ImageObject\",\"inLanguage\":\"hu\",\"@id\":\"https:\/\/fotsportegyesulet.hu\/index.php\/foti-foci-fesztival-tovabbi-programok\/#primaryimage\",\"url\":\"https:\/\/fotsportegyesulet.hu\/wp-content\/uploads\/2023\/06\/2_7.png\",\"contentUrl\":\"https:\/\/fotsportegyesulet.hu\/wp-content\/uploads\/2023\/06\/2_7.png\",\"width\":2000,\"height\":500},{\"@type\":\"BreadcrumbList\",\"@id\":\"https:\/\/fotsportegyesulet.hu\/index.php\/foti-foci-fesztival-tovabbi-programok\/#breadcrumb\",\"itemListElement\":[{\"@type\":\"ListItem\",\"position\":1,\"name\":\"Kezd\u0151lap\",\"item\":\"https:\/\/fotsportegyesulet.hu\/\"},{\"@type\":\"ListItem\",\"position\":2,\"name\":\"F\u00f3ti Foci Fesztiv\u00e1l tov\u00e1bbi programok\"}]},{\"@type\":\"WebSite\",\"@id\":\"https:\/\/fotsportegyesulet.hu\/#website\",\"url\":\"https:\/\/fotsportegyesulet.hu\/\",\"name\":\"F\u00d3T SPORTEGYES\u00dcLET\",\"description\":\"\",\"publisher\":{\"@id\":\"https:\/\/fotsportegyesulet.hu\/#organization\"},\"potentialAction\":[{\"@type\":\"SearchAction\",\"target\":{\"@type\":\"EntryPoint\",\"urlTemplate\":\"https:\/\/fotsportegyesulet.hu\/?s={search_term_string}\"},\"query-input\":{\"@type\":\"PropertyValueSpecification\",\"valueRequired\":true,\"valueName\":\"search_term_string\"}}],\"inLanguage\":\"hu\"},{\"@type\":\"Organization\",\"@id\":\"https:\/\/fotsportegyesulet.hu\/#organization\",\"name\":\"F\u00f3t Sportegyes\u00fclet\",\"url\":\"https:\/\/fotsportegyesulet.hu\/\",\"logo\":{\"@type\":\"ImageObject\",\"inLanguage\":\"hu\",\"@id\":\"https:\/\/fotsportegyesulet.hu\/#\/schema\/logo\/image\/\",\"url\":\"https:\/\/fotsportegyesulet.hu\/wp-content\/uploads\/2020\/07\/eredeti-sz\u00ednes-vektoros-Fot-cimer-3.png\",\"contentUrl\":\"https:\/\/fotsportegyesulet.hu\/wp-content\/uploads\/2020\/07\/eredeti-sz\u00ednes-vektoros-Fot-cimer-3.png\",\"width\":500,\"height\":500,\"caption\":\"F\u00f3t Sportegyes\u00fclet\"},\"image\":{\"@id\":\"https:\/\/fotsportegyesulet.hu\/#\/schema\/logo\/image\/\"},\"sameAs\":[\"https:\/\/www.facebook.com\/fotsportegyesulet\/\"]}]}<\/script>\n<!-- \/ Yoast SEO plugin. -->","yoast_head_json":{"title":"F\u00f3ti Foci Fesztiv\u00e1l tov\u00e1bbi programok - F\u00d3T SPORTEGYES\u00dcLET","robots":{"index":"index","follow":"follow","max-snippet":"max-snippet:-1","max-image-preview":"max-image-preview:large","max-video-preview":"max-video-preview:-1"},"canonical":"https:\/\/fotsportegyesulet.hu\/index.php\/foti-foci-fesztival-tovabbi-programok\/","og_locale":"hu_HU","og_type":"article","og_title":"F\u00f3ti Foci Fesztiv\u00e1l tov\u00e1bbi programok - F\u00d3T SPORTEGYES\u00dcLET","og_description":"Tov\u00e1bbi eg\u00e9sznapos d\u00edjmentes programok kicsik \u00e9s nagyok sz\u00e1m\u00e1ra egyar\u00e1nt! Blaze Pod, FootBilli\u00e1rd, FootGolf, FootBowling, Subsoccer, \u00fcgyess\u00e9gi j\u00e1t\u00e9kok, arcfest\u00e9s, mini foci! &nbsp; Alternat\u00edv programaink nem ig\u00e9nyelnek nevez\u00e9st! Csak j\u00f3 kedvet! \ud83d\ude42...","og_url":"https:\/\/fotsportegyesulet.hu\/index.php\/foti-foci-fesztival-tovabbi-programok\/","og_site_name":"F\u00d3T SPORTEGYES\u00dcLET","article_publisher":"https:\/\/www.facebook.com\/fotsportegyesulet\/","article_modified_time":"2024-06-07T04:39:50+00:00","og_image":[{"url":"https:\/\/fotsportegyesulet.hu\/wp-content\/uploads\/2023\/06\/2_7.png","type":"","width":"","height":""}],"twitter_card":"summary_large_image","twitter_misc":{"Becs\u00fclt olvas\u00e1si id\u0151":"1 perc"},"schema":{"@context":"https:\/\/schema.org","@graph":[{"@type":"WebPage","@id":"https:\/\/fotsportegyesulet.hu\/index.php\/foti-foci-fesztival-tovabbi-programok\/","url":"https:\/\/fotsportegyesulet.hu\/index.php\/foti-foci-fesztival-tovabbi-programok\/","name":"F\u00f3ti Foci Fesztiv\u00e1l tov\u00e1bbi programok - F\u00d3T SPORTEGYES\u00dcLET","isPartOf":{"@id":"https:\/\/fotsportegyesulet.hu\/#website"},"primaryImageOfPage":{"@id":"https:\/\/fotsportegyesulet.hu\/index.php\/foti-foci-fesztival-tovabbi-programok\/#primaryimage"},"image":{"@id":"https:\/\/fotsportegyesulet.hu\/index.php\/foti-foci-fesztival-tovabbi-programok\/#primaryimage"},"thumbnailUrl":"https:\/\/fotsportegyesulet.hu\/wp-content\/uploads\/2023\/06\/2_7.png","datePublished":"2022-05-10T17:29:53+00:00","dateModified":"2024-06-07T04:39:50+00:00","breadcrumb":{"@id":"https:\/\/fotsportegyesulet.hu\/index.php\/foti-foci-fesztival-tovabbi-programok\/#breadcrumb"},"inLanguage":"hu","potentialAction":[{"@type":"ReadAction","target":["https:\/\/fotsportegyesulet.hu\/index.php\/foti-foci-fesztival-tovabbi-programok\/"]}]},{"@type":"ImageObject","inLanguage":"hu","@id":"https:\/\/fotsportegyesulet.hu\/index.php\/foti-foci-fesztival-tovabbi-programok\/#primaryimage","url":"https:\/\/fotsportegyesulet.hu\/wp-content\/uploads\/2023\/06\/2_7.png","contentUrl":"https:\/\/fotsportegyesulet.hu\/wp-content\/uploads\/2023\/06\/2_7.png","width":2000,"height":500},{"@type":"BreadcrumbList","@id":"https:\/\/fotsportegyesulet.hu\/index.php\/foti-foci-fesztival-tovabbi-programok\/#breadcrumb","itemListElement":[{"@type":"ListItem","position":1,"name":"Kezd\u0151lap","item":"https:\/\/fotsportegyesulet.hu\/"},{"@type":"ListItem","position":2,"name":"F\u00f3ti Foci Fesztiv\u00e1l tov\u00e1bbi programok"}]},{"@type":"WebSite","@id":"https:\/\/fotsportegyesulet.hu\/#website","url":"https:\/\/fotsportegyesulet.hu\/","name":"F\u00d3T SPORTEGYES\u00dcLET","description":"","publisher":{"@id":"https:\/\/fotsportegyesulet.hu\/#organization"},"potentialAction":[{"@type":"SearchAction","target":{"@type":"EntryPoint","urlTemplate":"https:\/\/fotsportegyesulet.hu\/?s={search_term_string}"},"query-input":{"@type":"PropertyValueSpecification","valueRequired":true,"valueName":"search_term_string"}}],"inLanguage":"hu"},{"@type":"Organization","@id":"https:\/\/fotsportegyesulet.hu\/#organization","name":"F\u00f3t Sportegyes\u00fclet","url":"https:\/\/fotsportegyesulet.hu\/","logo":{"@type":"ImageObject","inLanguage":"hu","@id":"https:\/\/fotsportegyesulet.hu\/#\/schema\/logo\/image\/","url":"https:\/\/fotsportegyesulet.hu\/wp-content\/uploads\/2020\/07\/eredeti-sz\u00ednes-vektoros-Fot-cimer-3.png","contentUrl":"https:\/\/fotsportegyesulet.hu\/wp-content\/uploads\/2020\/07\/eredeti-sz\u00ednes-vektoros-Fot-cimer-3.png","width":500,"height":500,"caption":"F\u00f3t Sportegyes\u00fclet"},"image":{"@id":"https:\/\/fotsportegyesulet.hu\/#\/schema\/logo\/image\/"},"sameAs":["https:\/\/www.facebook.com\/fotsportegyesulet\/"]}]}},"ticketed":false,"_links":{"self":[{"href":"https:\/\/fotsportegyesulet.hu\/index.php\/wp-json\/wp\/v2\/pages\/4095","targetHints":{"allow":["GET"]}}],"collection":[{"href":"https:\/\/fotsportegyesulet.hu\/index.php\/wp-json\/wp\/v2\/pages"}],"about":[{"href":"https:\/\/fotsportegyesulet.hu\/index.php\/wp-json\/wp\/v2\/types\/page"}],"author":[{"embeddable":true,"href":"https:\/\/fotsportegyesulet.hu\/index.php\/wp-json\/wp\/v2\/users\/3"}],"replies":[{"embeddable":true,"href":"https:\/\/fotsportegyesulet.hu\/index.php\/wp-json\/wp\/v2\/comments?post=4095"}],"version-history":[{"count":16,"href":"https:\/\/fotsportegyesulet.hu\/index.php\/wp-json\/wp\/v2\/pages\/4095\/revisions"}],"predecessor-version":[{"id":11086,"href":"https:\/\/fotsportegyesulet.hu\/index.php\/wp-json\/wp\/v2\/pages\/4095\/revisions\/11086"}],"wp:attachment":[{"href":"https:\/\/fotsportegyesulet.hu\/index.php\/wp-json\/wp\/v2\/media?parent=4095"}],"curies":[{"name":"wp","href":"https:\/\/api.w.org\/{rel}","templated":true}]}}