{"id":3896,"date":"2022-05-10T11:48:05","date_gmt":"2022-05-10T09:48:05","guid":{"rendered":"https:\/\/fotsportegyesulet.hu\/?page_id=3896"},"modified":"2022-06-08T10:17:11","modified_gmt":"2022-06-08T08:17:11","slug":"orszagos-11-es-rugo-bajnoksag-nevezes","status":"publish","type":"page","link":"https:\/\/fotsportegyesulet.hu\/index.php\/orszagos-11-es-rugo-bajnoksag-nevezes\/","title":{"rendered":"Orsz\u00e1gos 11-es r\u00fag\u00f3 bajnoks\u00e1g nevez\u00e9s"},"content":{"rendered":"<h2><img loading=\"lazy\" decoding=\"async\" class=\"aligncenter wp-image-3965 size-full\" src=\"https:\/\/fotsportegyesulet.hu\/wp-content\/uploads\/2022\/05\/2000x500-11nevezes-1.png\" alt=\"\" width=\"2000\" height=\"500\" srcset=\"https:\/\/fotsportegyesulet.hu\/wp-content\/uploads\/2022\/05\/2000x500-11nevezes-1.png 2000w, https:\/\/fotsportegyesulet.hu\/wp-content\/uploads\/2022\/05\/2000x500-11nevezes-1-300x75.png 300w, https:\/\/fotsportegyesulet.hu\/wp-content\/uploads\/2022\/05\/2000x500-11nevezes-1-1024x256.png 1024w, https:\/\/fotsportegyesulet.hu\/wp-content\/uploads\/2022\/05\/2000x500-11nevezes-1-768x192.png 768w, https:\/\/fotsportegyesulet.hu\/wp-content\/uploads\/2022\/05\/2000x500-11nevezes-1-1536x384.png 1536w\" sizes=\"auto, (max-width: 2000px) 100vw, 2000px\" \/><\/h2>\n<h2><img loading=\"lazy\" decoding=\"async\" class=\"aligncenter wp-image-4258 size-large\" src=\"https:\/\/fotsportegyesulet.hu\/wp-content\/uploads\/2022\/05\/11-es-v2-1024x536.png\" alt=\"\" width=\"1024\" height=\"536\" srcset=\"https:\/\/fotsportegyesulet.hu\/wp-content\/uploads\/2022\/05\/11-es-v2-1024x536.png 1024w, https:\/\/fotsportegyesulet.hu\/wp-content\/uploads\/2022\/05\/11-es-v2-300x157.png 300w, https:\/\/fotsportegyesulet.hu\/wp-content\/uploads\/2022\/05\/11-es-v2-768x402.png 768w, https:\/\/fotsportegyesulet.hu\/wp-content\/uploads\/2022\/05\/11-es-v2.png 1200w\" sizes=\"auto, (max-width: 1024px) 100vw, 1024px\" \/><\/h2>\n<h2><strong>Hol \u00e9s mikor lesz?<\/strong><\/h2>\n<p>Az Orsz\u00e1gos 11-es r\u00fag\u00f3 verseny 10:00 \u00f3r\u00e1t\u00f3l kezd\u0151dik a F\u00f3t Sportegyes\u00fclet nagy f\u00fcves p\u00e1ly\u00e1j\u00e1n.<\/p>\n<p>Az Orsz\u00e1gos Tizenegyesr\u00fag\u00f3 Bajnoks\u00e1gon a Ter\u00fcleti Fordul\u00f3 hirtelen hal\u00e1l rendszerben, m\u00edg a Megyei fordul\u00f3 \u00e9s az Orsz\u00e1gos d\u00f6nt\u0151 egyenes kies\u00e9ses (Grand Slam) rendszerben ker\u00fcl lebonyol\u00edt\u00e1sra. A Ter\u00fcleti fordul\u00f3 tov\u00e1bbjut\u00f3i bejutnak a Megyei fordul\u00f3ba. A Megyei fordul\u00f3 gy\u0151ztesei bejutnak az Orsz\u00e1gos d\u00f6nt\u0151be.<\/p>\n<p>Ezen esem\u00e9ny nevez\u00e9si d\u00edja (3900 Forint\/f\u0151) f\u00fcggetlen a F\u00f3ti Foci Fesztiv\u00e1l t\u00f6bbi programj\u00e1t\u00f3l.<\/p>\n<h4>A 11-es r\u00fag\u00f3 versenyre 14 \u00e9ves kor f\u00f6l\u00f6tt lehet nevezni.<\/h4>\n<p>A F\u00f3ti ter\u00fcleti bajnoks\u00e1gra nevezett j\u00e1t\u00e9kosok 10% jut tov\u00e1bb a megyei d\u00f6nt\u0151be.<\/p>\n<h2><strong>Hogyan tudsz nevezni az orsz\u00e1gos 11-es r\u00fag\u00f3 bajnoks\u00e1gra?<\/strong><\/h2>\n<p>1. Regisztr\u00e1lj az oldalon, fizesd be a nevez\u00e9si d\u00edjat, k\u00e9t perc az eg\u00e9sz. Ha megvagy vele, k\u00fcld\u00fcnk egy visszaigazol\u00f3 emailt minden fontos inf\u00f3val, azt\u00e1n m\u00e1r f\u00e9nyes\u00edtheted is a csuk\u00e1dat \u00e9s csiszolhatod a technik\u00e1t a selejtez\u0151ig!<\/p>\n<p>2. V\u00e1laszd ki, hol szeretn\u00e9l r\u00fagni! Ak\u00e1r t\u00f6bb helysz\u00edni esem\u00e9nyen is r\u00e9szt vehetsz, \u00e9s egy esem\u00e9nyen k\u00e9t jeggyel is r\u00faghatsz. P\u00e9nzvisszafizet\u00e9si garancia: ha nem lesz 50 km-en bel\u00fcl ter\u00fcleti helysz\u00edn a k\u00f6rny\u00e9keden, visszaadjuk a jegy\u00e1rat!<\/p>\n<p>3. M\u00e1rmint a labd\u00e1t a kapuba. \ud83d\ude42 Ha egyszer sem hib\u00e1zol, ti\u00e9d lehet a milli\u00f3s f\u0151d\u00edj \u00e9s te leszel az \u00faj Panenka.<\/p>\n<p>A verseny nevez\u00e9s\u00e9vel kapcsolatos inform\u00e1ci\u00f3k \u00e9s a versenyszab\u00e1lyzat a az al\u00e1bbi &#8222;Nevez\u00e9s&#8221; linken kereszt\u00fcl \u00e9rhet\u0151ek el.<br \/>\nA verseny kiz\u00e1r\u00f3lag online lehet nevezni!<\/p>\n<p><a href=\"https:\/\/tizenegyesrugo.hu\/web\/nevezes\" target=\"_blank\" rel=\"noopener\"><img loading=\"lazy\" decoding=\"async\" class=\"aligncenter wp-image-3898 \" src=\"https:\/\/fotsportegyesulet.hu\/wp-content\/uploads\/2022\/05\/2.png\" alt=\"\" width=\"450\" height=\"150\" srcset=\"https:\/\/fotsportegyesulet.hu\/wp-content\/uploads\/2022\/05\/2.png 600w, https:\/\/fotsportegyesulet.hu\/wp-content\/uploads\/2022\/05\/2-300x100.png 300w\" sizes=\"auto, (max-width: 450px) 100vw, 450px\" \/><\/a><\/p>\n<h2><strong>Tov\u00e1bbi inform\u00e1ci\u00f3t, r\u00e9szletes j\u00e1t\u00e9kle\u00edr\u00e1st az <a href=\"https:\/\/tizenegyesrugo.hu\" target=\"_blank\" rel=\"noopener\">orsz\u00e1gos\u00a0<\/a><\/strong><strong>11-es r\u00fag\u00f3 bajnoks\u00e1g\u00a0<\/strong><strong>hivatalos weboldal\u00e1n tal\u00e1lsz &gt;&gt;&gt;\u00a0<\/strong><\/h2>\n<p><a href=\"https:\/\/tizenegyesrugo.hu\/web\/nevezes\" target=\"_blank\" rel=\"noopener\"><img loading=\"lazy\" decoding=\"async\" class=\"alignnone wp-image-3862\" src=\"https:\/\/fotsportegyesulet.hu\/wp-content\/uploads\/2022\/05\/Kep1-150x150.jpg\" alt=\"\" width=\"1386\" height=\"781\" srcset=\"https:\/\/fotsportegyesulet.hu\/wp-content\/uploads\/2022\/05\/Kep1-300x169.jpg 300w, https:\/\/fotsportegyesulet.hu\/wp-content\/uploads\/2022\/05\/Kep1-1024x577.jpg 1024w, https:\/\/fotsportegyesulet.hu\/wp-content\/uploads\/2022\/05\/Kep1-768x433.jpg 768w, https:\/\/fotsportegyesulet.hu\/wp-content\/uploads\/2022\/05\/Kep1.jpg 1386w\" sizes=\"auto, (max-width: 1386px) 100vw, 1386px\" \/><\/a><\/p>\n<p>&nbsp;<\/p>\n<p><a href=\"https:\/\/fotsportegyesulet.hu\/index.php\/foti-foci-fesztival-2022\" target=\"_blank\" rel=\"noopener\"><img loading=\"lazy\" decoding=\"async\" class=\"alignnone wp-image-4027 \" src=\"https:\/\/fotsportegyesulet.hu\/wp-content\/uploads\/2022\/05\/1vissza.png\" alt=\"\" width=\"450\" height=\"150\" srcset=\"https:\/\/fotsportegyesulet.hu\/wp-content\/uploads\/2022\/05\/1vissza.png 600w, https:\/\/fotsportegyesulet.hu\/wp-content\/uploads\/2022\/05\/1vissza-300x100.png 300w\" sizes=\"auto, (max-width: 450px) 100vw, 450px\" \/><\/a><\/p>\n","protected":false},"excerpt":{"rendered":"<p>Hol \u00e9s mikor lesz? Az Orsz\u00e1gos 11-es r\u00fag\u00f3 verseny 10:00 \u00f3r\u00e1t\u00f3l kezd\u0151dik a F\u00f3t Sportegyes\u00fclet nagy f\u00fcves p\u00e1ly\u00e1j\u00e1n. Az Orsz\u00e1gos Tizenegyesr\u00fag\u00f3 Bajnoks\u00e1gon a Ter\u00fcleti Fordul\u00f3 hirtelen hal\u00e1l rendszerben, m\u00edg a&#8230;<\/p>\n","protected":false},"author":3,"featured_media":0,"parent":0,"menu_order":0,"comment_status":"closed","ping_status":"closed","template":"","meta":{"_bbp_topic_count":0,"_bbp_reply_count":0,"_bbp_total_topic_count":0,"_bbp_total_reply_count":0,"_bbp_voice_count":0,"_bbp_anonymous_reply_count":0,"_bbp_topic_count_hidden":0,"_bbp_reply_count_hidden":0,"_bbp_forum_subforum_count":0,"_price":"","_stock":"","_tribe_ticket_header":"","_tribe_default_ticket_provider":"","_ticket_start_date":"","_ticket_end_date":"","_tribe_ticket_show_description":"","_tribe_ticket_show_not_going":false,"_tribe_ticket_use_global_stock":"","_tribe_ticket_global_stock_level":"","_global_stock_mode":"","_global_stock_cap":"","_tribe_rsvp_for_event":"","_tribe_ticket_going_count":"","_tribe_ticket_not_going_count":"","_tribe_tickets_list":"[]","_tribe_ticket_has_attendee_info_fields":false,"footnotes":"","_tec_slr_enabled":"","_tec_slr_layout":""},"class_list":["post-3896","page","type-page","status-publish","hentry"],"yoast_head":"<!-- This site is optimized with the Yoast SEO plugin v25.7 - https:\/\/yoast.com\/wordpress\/plugins\/seo\/ -->\n<title>Orsz\u00e1gos 11-es r\u00fag\u00f3 bajnoks\u00e1g nevez\u00e9s - F\u00d3T SPORTEGYES\u00dcLET<\/title>\n<meta name=\"robots\" content=\"index, follow, max-snippet:-1, max-image-preview:large, max-video-preview:-1\" \/>\n<link rel=\"canonical\" href=\"https:\/\/fotsportegyesulet.hu\/index.php\/orszagos-11-es-rugo-bajnoksag-nevezes\/\" \/>\n<meta property=\"og:locale\" content=\"hu_HU\" \/>\n<meta property=\"og:type\" content=\"article\" \/>\n<meta property=\"og:title\" content=\"Orsz\u00e1gos 11-es r\u00fag\u00f3 bajnoks\u00e1g nevez\u00e9s - F\u00d3T SPORTEGYES\u00dcLET\" \/>\n<meta property=\"og:description\" content=\"Hol \u00e9s mikor lesz? Az Orsz\u00e1gos 11-es r\u00fag\u00f3 verseny 10:00 \u00f3r\u00e1t\u00f3l kezd\u0151dik a F\u00f3t Sportegyes\u00fclet nagy f\u00fcves p\u00e1ly\u00e1j\u00e1n. Az Orsz\u00e1gos Tizenegyesr\u00fag\u00f3 Bajnoks\u00e1gon a Ter\u00fcleti Fordul\u00f3 hirtelen hal\u00e1l rendszerben, m\u00edg a...\" \/>\n<meta property=\"og:url\" content=\"https:\/\/fotsportegyesulet.hu\/index.php\/orszagos-11-es-rugo-bajnoksag-nevezes\/\" \/>\n<meta property=\"og:site_name\" content=\"F\u00d3T SPORTEGYES\u00dcLET\" \/>\n<meta property=\"article:publisher\" content=\"https:\/\/www.facebook.com\/fotsportegyesulet\/\" \/>\n<meta property=\"article:modified_time\" content=\"2022-06-08T08:17:11+00:00\" \/>\n<meta property=\"og:image\" content=\"https:\/\/fotsportegyesulet.hu\/wp-content\/uploads\/2022\/05\/2000x500-11nevezes-1.png\" \/>\n<meta name=\"twitter:card\" content=\"summary_large_image\" \/>\n<meta name=\"twitter:label1\" content=\"Becs\u00fclt olvas\u00e1si id\u0151\" \/>\n\t<meta name=\"twitter:data1\" content=\"3 perc\" \/>\n<script type=\"application\/ld+json\" class=\"yoast-schema-graph\">{\"@context\":\"https:\/\/schema.org\",\"@graph\":[{\"@type\":\"WebPage\",\"@id\":\"https:\/\/fotsportegyesulet.hu\/index.php\/orszagos-11-es-rugo-bajnoksag-nevezes\/\",\"url\":\"https:\/\/fotsportegyesulet.hu\/index.php\/orszagos-11-es-rugo-bajnoksag-nevezes\/\",\"name\":\"Orsz\u00e1gos 11-es r\u00fag\u00f3 bajnoks\u00e1g nevez\u00e9s - F\u00d3T SPORTEGYES\u00dcLET\",\"isPartOf\":{\"@id\":\"https:\/\/fotsportegyesulet.hu\/#website\"},\"primaryImageOfPage\":{\"@id\":\"https:\/\/fotsportegyesulet.hu\/index.php\/orszagos-11-es-rugo-bajnoksag-nevezes\/#primaryimage\"},\"image\":{\"@id\":\"https:\/\/fotsportegyesulet.hu\/index.php\/orszagos-11-es-rugo-bajnoksag-nevezes\/#primaryimage\"},\"thumbnailUrl\":\"https:\/\/fotsportegyesulet.hu\/wp-content\/uploads\/2022\/05\/2000x500-11nevezes-1.png\",\"datePublished\":\"2022-05-10T09:48:05+00:00\",\"dateModified\":\"2022-06-08T08:17:11+00:00\",\"breadcrumb\":{\"@id\":\"https:\/\/fotsportegyesulet.hu\/index.php\/orszagos-11-es-rugo-bajnoksag-nevezes\/#breadcrumb\"},\"inLanguage\":\"hu\",\"potentialAction\":[{\"@type\":\"ReadAction\",\"target\":[\"https:\/\/fotsportegyesulet.hu\/index.php\/orszagos-11-es-rugo-bajnoksag-nevezes\/\"]}]},{\"@type\":\"ImageObject\",\"inLanguage\":\"hu\",\"@id\":\"https:\/\/fotsportegyesulet.hu\/index.php\/orszagos-11-es-rugo-bajnoksag-nevezes\/#primaryimage\",\"url\":\"https:\/\/fotsportegyesulet.hu\/wp-content\/uploads\/2022\/05\/2000x500-11nevezes-1.png\",\"contentUrl\":\"https:\/\/fotsportegyesulet.hu\/wp-content\/uploads\/2022\/05\/2000x500-11nevezes-1.png\",\"width\":2000,\"height\":500},{\"@type\":\"BreadcrumbList\",\"@id\":\"https:\/\/fotsportegyesulet.hu\/index.php\/orszagos-11-es-rugo-bajnoksag-nevezes\/#breadcrumb\",\"itemListElement\":[{\"@type\":\"ListItem\",\"position\":1,\"name\":\"Kezd\u0151lap\",\"item\":\"https:\/\/fotsportegyesulet.hu\/\"},{\"@type\":\"ListItem\",\"position\":2,\"name\":\"Orsz\u00e1gos 11-es r\u00fag\u00f3 bajnoks\u00e1g nevez\u00e9s\"}]},{\"@type\":\"WebSite\",\"@id\":\"https:\/\/fotsportegyesulet.hu\/#website\",\"url\":\"https:\/\/fotsportegyesulet.hu\/\",\"name\":\"F\u00d3T SPORTEGYES\u00dcLET\",\"description\":\"\",\"publisher\":{\"@id\":\"https:\/\/fotsportegyesulet.hu\/#organization\"},\"potentialAction\":[{\"@type\":\"SearchAction\",\"target\":{\"@type\":\"EntryPoint\",\"urlTemplate\":\"https:\/\/fotsportegyesulet.hu\/?s={search_term_string}\"},\"query-input\":{\"@type\":\"PropertyValueSpecification\",\"valueRequired\":true,\"valueName\":\"search_term_string\"}}],\"inLanguage\":\"hu\"},{\"@type\":\"Organization\",\"@id\":\"https:\/\/fotsportegyesulet.hu\/#organization\",\"name\":\"F\u00f3t Sportegyes\u00fclet\",\"url\":\"https:\/\/fotsportegyesulet.hu\/\",\"logo\":{\"@type\":\"ImageObject\",\"inLanguage\":\"hu\",\"@id\":\"https:\/\/fotsportegyesulet.hu\/#\/schema\/logo\/image\/\",\"url\":\"https:\/\/fotsportegyesulet.hu\/wp-content\/uploads\/2020\/07\/eredeti-sz\u00ednes-vektoros-Fot-cimer-3.png\",\"contentUrl\":\"https:\/\/fotsportegyesulet.hu\/wp-content\/uploads\/2020\/07\/eredeti-sz\u00ednes-vektoros-Fot-cimer-3.png\",\"width\":500,\"height\":500,\"caption\":\"F\u00f3t Sportegyes\u00fclet\"},\"image\":{\"@id\":\"https:\/\/fotsportegyesulet.hu\/#\/schema\/logo\/image\/\"},\"sameAs\":[\"https:\/\/www.facebook.com\/fotsportegyesulet\/\"]}]}<\/script>\n<!-- \/ Yoast SEO plugin. -->","yoast_head_json":{"title":"Orsz\u00e1gos 11-es r\u00fag\u00f3 bajnoks\u00e1g nevez\u00e9s - F\u00d3T SPORTEGYES\u00dcLET","robots":{"index":"index","follow":"follow","max-snippet":"max-snippet:-1","max-image-preview":"max-image-preview:large","max-video-preview":"max-video-preview:-1"},"canonical":"https:\/\/fotsportegyesulet.hu\/index.php\/orszagos-11-es-rugo-bajnoksag-nevezes\/","og_locale":"hu_HU","og_type":"article","og_title":"Orsz\u00e1gos 11-es r\u00fag\u00f3 bajnoks\u00e1g nevez\u00e9s - F\u00d3T SPORTEGYES\u00dcLET","og_description":"Hol \u00e9s mikor lesz? Az Orsz\u00e1gos 11-es r\u00fag\u00f3 verseny 10:00 \u00f3r\u00e1t\u00f3l kezd\u0151dik a F\u00f3t Sportegyes\u00fclet nagy f\u00fcves p\u00e1ly\u00e1j\u00e1n. Az Orsz\u00e1gos Tizenegyesr\u00fag\u00f3 Bajnoks\u00e1gon a Ter\u00fcleti Fordul\u00f3 hirtelen hal\u00e1l rendszerben, m\u00edg a...","og_url":"https:\/\/fotsportegyesulet.hu\/index.php\/orszagos-11-es-rugo-bajnoksag-nevezes\/","og_site_name":"F\u00d3T SPORTEGYES\u00dcLET","article_publisher":"https:\/\/www.facebook.com\/fotsportegyesulet\/","article_modified_time":"2022-06-08T08:17:11+00:00","og_image":[{"url":"https:\/\/fotsportegyesulet.hu\/wp-content\/uploads\/2022\/05\/2000x500-11nevezes-1.png","type":"","width":"","height":""}],"twitter_card":"summary_large_image","twitter_misc":{"Becs\u00fclt olvas\u00e1si id\u0151":"3 perc"},"schema":{"@context":"https:\/\/schema.org","@graph":[{"@type":"WebPage","@id":"https:\/\/fotsportegyesulet.hu\/index.php\/orszagos-11-es-rugo-bajnoksag-nevezes\/","url":"https:\/\/fotsportegyesulet.hu\/index.php\/orszagos-11-es-rugo-bajnoksag-nevezes\/","name":"Orsz\u00e1gos 11-es r\u00fag\u00f3 bajnoks\u00e1g nevez\u00e9s - F\u00d3T SPORTEGYES\u00dcLET","isPartOf":{"@id":"https:\/\/fotsportegyesulet.hu\/#website"},"primaryImageOfPage":{"@id":"https:\/\/fotsportegyesulet.hu\/index.php\/orszagos-11-es-rugo-bajnoksag-nevezes\/#primaryimage"},"image":{"@id":"https:\/\/fotsportegyesulet.hu\/index.php\/orszagos-11-es-rugo-bajnoksag-nevezes\/#primaryimage"},"thumbnailUrl":"https:\/\/fotsportegyesulet.hu\/wp-content\/uploads\/2022\/05\/2000x500-11nevezes-1.png","datePublished":"2022-05-10T09:48:05+00:00","dateModified":"2022-06-08T08:17:11+00:00","breadcrumb":{"@id":"https:\/\/fotsportegyesulet.hu\/index.php\/orszagos-11-es-rugo-bajnoksag-nevezes\/#breadcrumb"},"inLanguage":"hu","potentialAction":[{"@type":"ReadAction","target":["https:\/\/fotsportegyesulet.hu\/index.php\/orszagos-11-es-rugo-bajnoksag-nevezes\/"]}]},{"@type":"ImageObject","inLanguage":"hu","@id":"https:\/\/fotsportegyesulet.hu\/index.php\/orszagos-11-es-rugo-bajnoksag-nevezes\/#primaryimage","url":"https:\/\/fotsportegyesulet.hu\/wp-content\/uploads\/2022\/05\/2000x500-11nevezes-1.png","contentUrl":"https:\/\/fotsportegyesulet.hu\/wp-content\/uploads\/2022\/05\/2000x500-11nevezes-1.png","width":2000,"height":500},{"@type":"BreadcrumbList","@id":"https:\/\/fotsportegyesulet.hu\/index.php\/orszagos-11-es-rugo-bajnoksag-nevezes\/#breadcrumb","itemListElement":[{"@type":"ListItem","position":1,"name":"Kezd\u0151lap","item":"https:\/\/fotsportegyesulet.hu\/"},{"@type":"ListItem","position":2,"name":"Orsz\u00e1gos 11-es r\u00fag\u00f3 bajnoks\u00e1g nevez\u00e9s"}]},{"@type":"WebSite","@id":"https:\/\/fotsportegyesulet.hu\/#website","url":"https:\/\/fotsportegyesulet.hu\/","name":"F\u00d3T SPORTEGYES\u00dcLET","description":"","publisher":{"@id":"https:\/\/fotsportegyesulet.hu\/#organization"},"potentialAction":[{"@type":"SearchAction","target":{"@type":"EntryPoint","urlTemplate":"https:\/\/fotsportegyesulet.hu\/?s={search_term_string}"},"query-input":{"@type":"PropertyValueSpecification","valueRequired":true,"valueName":"search_term_string"}}],"inLanguage":"hu"},{"@type":"Organization","@id":"https:\/\/fotsportegyesulet.hu\/#organization","name":"F\u00f3t Sportegyes\u00fclet","url":"https:\/\/fotsportegyesulet.hu\/","logo":{"@type":"ImageObject","inLanguage":"hu","@id":"https:\/\/fotsportegyesulet.hu\/#\/schema\/logo\/image\/","url":"https:\/\/fotsportegyesulet.hu\/wp-content\/uploads\/2020\/07\/eredeti-sz\u00ednes-vektoros-Fot-cimer-3.png","contentUrl":"https:\/\/fotsportegyesulet.hu\/wp-content\/uploads\/2020\/07\/eredeti-sz\u00ednes-vektoros-Fot-cimer-3.png","width":500,"height":500,"caption":"F\u00f3t Sportegyes\u00fclet"},"image":{"@id":"https:\/\/fotsportegyesulet.hu\/#\/schema\/logo\/image\/"},"sameAs":["https:\/\/www.facebook.com\/fotsportegyesulet\/"]}]}},"ticketed":false,"_links":{"self":[{"href":"https:\/\/fotsportegyesulet.hu\/index.php\/wp-json\/wp\/v2\/pages\/3896","targetHints":{"allow":["GET"]}}],"collection":[{"href":"https:\/\/fotsportegyesulet.hu\/index.php\/wp-json\/wp\/v2\/pages"}],"about":[{"href":"https:\/\/fotsportegyesulet.hu\/index.php\/wp-json\/wp\/v2\/types\/page"}],"author":[{"embeddable":true,"href":"https:\/\/fotsportegyesulet.hu\/index.php\/wp-json\/wp\/v2\/users\/3"}],"replies":[{"embeddable":true,"href":"https:\/\/fotsportegyesulet.hu\/index.php\/wp-json\/wp\/v2\/comments?post=3896"}],"version-history":[{"count":29,"href":"https:\/\/fotsportegyesulet.hu\/index.php\/wp-json\/wp\/v2\/pages\/3896\/revisions"}],"predecessor-version":[{"id":4474,"href":"https:\/\/fotsportegyesulet.hu\/index.php\/wp-json\/wp\/v2\/pages\/3896\/revisions\/4474"}],"wp:attachment":[{"href":"https:\/\/fotsportegyesulet.hu\/index.php\/wp-json\/wp\/v2\/media?parent=3896"}],"curies":[{"name":"wp","href":"https:\/\/api.w.org\/{rel}","templated":true}]}}