{"id":291,"date":"2020-07-30T18:01:20","date_gmt":"2020-07-30T18:01:20","guid":{"rendered":"https:\/\/fotsportegyesulet.hu\/?page_id=291"},"modified":"2026-01-26T12:01:26","modified_gmt":"2026-01-26T11:01:26","slug":"beszamolo","status":"publish","type":"page","link":"https:\/\/fotsportegyesulet.hu\/index.php\/beszamolo\/","title":{"rendered":"BESZ\u00c1MOL\u00d3 \u00c9S EGY\u00c9B DOKUMENTUMOK"},"content":{"rendered":"<div id=\"pl-291\" class=\"panel-layout\">\n<div id=\"pg-291-0\" class=\"panel-grid panel-no-style\" data-style=\"{&quot;background_image_attachment&quot;:false,&quot;background_display&quot;:&quot;tile&quot;,&quot;full_height&quot;:&quot;&quot;,&quot;cell_alignment&quot;:&quot;flex-start&quot;}\">\n<div id=\"pgc-291-0-0\" class=\"panel-grid-cell\" data-weight=\"0.33333333333333\">\n<div id=\"panel-291-0-0-0\" class=\"so-panel widget widget_sow-editor panel-first-child panel-last-child\" data-index=\"0\" data-style=\"{&quot;background_image_attachment&quot;:false,&quot;background_display&quot;:&quot;tile&quot;,&quot;background_image_size&quot;:&quot;full&quot;,&quot;border_thickness&quot;:&quot;1px&quot;}\">\n<div class=\"so-widget-sow-editor so-widget-sow-editor-base\">\n<div class=\"siteorigin-widget-tinymce textwidget\">\n<p><strong>Besz\u00e1mol\u00f3k<\/strong><\/p>\n<p><a href=\"https:\/\/fotsportegyesulet.hu\/wp-content\/uploads\/2025\/11\/FSE-beszamolo-2024.pdf\" target=\"_blank\" rel=\"noopener\">Besz\u00e1mol\u00f3<\/a> 2024.<br \/>\n<a href=\"https:\/\/fotsportegyesulet.hu\/wp-content\/uploads\/2025\/11\/FSe-Kieg-melleklet-2024.pdf\" target=\"_blank\" rel=\"noopener\">Kieg\u00e9sz\u00edt\u0151 mell\u00e9klet<\/a> 2024.<br \/>\n<a href=\"https:\/\/fotsportegyesulet.hu\/wp-content\/uploads\/2025\/11\/FSE-fokonyv-2024.pdf\" target=\"_blank\" rel=\"noopener\">F\u0151k\u00f6nyv<\/a> 2024.<\/p>\n<p><a href=\"https:\/\/fotsportegyesulet.hu\/wp-content\/uploads\/2024\/10\/Beszamolo-OBHGEPI_PK_942_19177524113_Fot_Sportegyesulet_72457329775300.pdf\" target=\"_blank\" rel=\"noopener\">Besz\u00e1mol\u00f3<\/a> 2023.<br \/>\n<a href=\"https:\/\/fotsportegyesulet.hu\/wp-content\/uploads\/2024\/10\/2023-kieg-melleklet-FSE.pdf\" target=\"_blank\" rel=\"noopener\">Kieg\u00e9sz\u00edt\u0151 mell\u00e9klet<\/a> 2023.<br \/>\n<a href=\"https:\/\/fotsportegyesulet.hu\/wp-content\/uploads\/2024\/10\/2023-fokonyvi-kivonat-FSE.pdf\" target=\"_blank\" rel=\"noopener\">V\u00e9gleges kivonat<\/a> 2023.<\/p>\n<p><a href=\"https:\/\/fotsportegyesulet.hu\/wp-content\/uploads\/2023\/10\/Beszamolo_2022.pdf\" target=\"_blank\" rel=\"noopener\">Besz\u00e1mol\u00f3<\/a> 2022.<br \/>\n<a href=\"https:\/\/fotsportegyesulet.hu\/wp-content\/uploads\/2023\/11\/Fot_SE_kiegeszito_melleklet_2022-1.pdf\">Kieg\u00e9sz\u00edt\u0151 mell\u00e9klet<\/a> 2022.<br \/>\n<a href=\"https:\/\/fotsportegyesulet.hu\/wp-content\/uploads\/2023\/11\/kivonat_vegleges.pdf\">V\u00e9gleges kivonat<\/a> 2022.<br \/>\n<a href=\"https:\/\/fotsportegyesulet.hu\/wp-content\/uploads\/2023\/11\/civilsznev.birosag.hu_CivilSzNev_faces_lekerdezes_reszletes.xhtml_.pdf\">Lek\u00e9rdez\u00e9s<\/a> 2022.<\/p>\n<p><a href=\"https:\/\/fotsportegyesulet.hu\/wp-content\/uploads\/2023\/02\/Beszamolo_2021.pdf\">Besz\u00e1mol\u00f3<\/a> 2021.<br \/>\n<a href=\"https:\/\/fotsportegyesulet.hu\/wp-content\/uploads\/2021\/09\/FSE-beszamolo-2020.pdf\" target=\"_blank\" rel=\"noopener\">Besz\u00e1mol\u00f3<\/a> 2020.<br \/>\n<a href=\"https:\/\/fotsportegyesulet.hu\/wp-content\/uploads\/2020\/12\/Beszamolo_2019-1.pdf\">Besz\u00e1mol\u00f3<\/a> 2019.<\/p>\n<p><a href=\"https:\/\/fotsportegyesulet.hu\/wp-content\/uploads\/2020\/12\/adatbazis-lekerdezes-1.pdf\">Adatb\u00e1zis lek\u00e9rdez\u00e9s<\/a> 2020.11.13.<\/p>\n<p>&nbsp;<\/p>\n<\/div>\n<\/div>\n<\/div>\n<\/div>\n<div id=\"pgc-291-0-1\" class=\"panel-grid-cell\" data-weight=\"0.33333333333333\">\n<div id=\"panel-291-0-1-0\" class=\"so-panel widget widget_sow-editor panel-first-child panel-last-child\" data-index=\"1\" data-style=\"{&quot;background_image_attachment&quot;:false,&quot;background_display&quot;:&quot;tile&quot;}\">\n<div class=\"so-widget-sow-editor so-widget-sow-editor-base\">\n<div class=\"siteorigin-widget-tinymce textwidget\">\n<p><strong>Alapszab\u00e1ly<\/strong><\/p>\n<p><a href=\"https:\/\/fotsportegyesulet.hu\/wp-content\/uploads\/2025\/11\/2025.05.06.-Alapszabaly-webre.pdf\" target=\"_blank\" rel=\"noopener\">FSE-Alapszabaly<\/a> 2025.05.06.<br \/>\n<a href=\"https:\/\/fotsportegyesulet.hu\/wp-content\/uploads\/2025\/05\/2025.02.05.-Alapszabaly-weboldalra_alairt-weboldalra.pdf\">FSE-Alapszabaly<\/a> 2025.02.05.<br \/>\n<a href=\"https:\/\/fotsportegyesulet.hu\/wp-content\/uploads\/2024\/08\/2024.05.29.-FSE_Alapszabaly_Alairt.pdf\" target=\"_blank\" rel=\"noopener\">FSE-Alapszabaly<\/a> 2024.05.29.<br \/>\n<a href=\"https:\/\/fotsportegyesulet.hu\/wp-content\/uploads\/2024\/01\/A-Fot-Sportegyesulet-alapszalya-2023.11.28.pdf\" target=\"_blank\" rel=\"noopener\">FSE-Alapszabaly<\/a> 2023.11.28.<br \/>\n<a href=\"https:\/\/fotsportegyesulet.hu\/wp-content\/uploads\/2022\/01\/FSE_-Alapszabaly_-2021.11.16.pdf\" target=\"_blank\" rel=\"noopener\">FSE-Alapszabaly<\/a> 2021.11.16.<br \/>\n<a href=\"https:\/\/fotsportegyesulet.hu\/wp-content\/uploads\/2022\/01\/FSE_-Alapszabaly-_-2020.02.27.pdf\" target=\"_blank\" rel=\"noopener\">FSE-Alapszabaly<\/a> 2020.02.27.<\/p>\n<p>&nbsp;<\/p>\n<\/div>\n<\/div>\n<\/div>\n<\/div>\n<div id=\"pgc-291-0-2\" class=\"panel-grid-cell\" data-weight=\"0.33333333333333\">\n<div id=\"panel-291-0-2-0\" class=\"so-panel widget widget_sow-editor panel-first-child panel-last-child\" data-index=\"2\" data-style=\"{&quot;background_image_attachment&quot;:false,&quot;background_display&quot;:&quot;tile&quot;,&quot;background_image_size&quot;:&quot;full&quot;,&quot;border_thickness&quot;:&quot;1px&quot;}\">\n<div class=\"so-widget-sow-editor so-widget-sow-editor-base\">\n<div class=\"siteorigin-widget-tinymce textwidget\">\n<p><strong>K\u00fcld\u00f6ttgy\u0171l\u00e9s<\/strong><\/p>\n<p><a href=\"https:\/\/fotsportegyesulet.hu\/wp-content\/uploads\/2025\/11\/Kuldottgyules-2025.05.06.pdf\" target=\"_blank\" rel=\"noopener\">K\u00fcld\u00f6ttgy\u0171l\u00e9s<\/a> 2025.05.06.<br \/>\n<a href=\"https:\/\/fotsportegyesulet.hu\/wp-content\/uploads\/2025\/11\/Kuldottgyules-2025.02.06.pdf\" target=\"_blank\" rel=\"noopener\">K\u00fcld\u00f6ttgy\u0171l\u00e9s<\/a> 2025.02.06.<br \/>\n<a href=\"https:\/\/fotsportegyesulet.hu\/wp-content\/uploads\/2024\/12\/Kuldottgyules_2024_1203.pdf\">K\u00fcld\u00f6ttgy\u0171l\u00e9s<\/a> 2024.12.03.<br \/>\n<a href=\"https:\/\/fotsportegyesulet.hu\/wp-content\/uploads\/2024\/08\/2024.05.29.-Kuldott-gyules_meghivo_jelenleti_jegyzokonyv.pdf\" target=\"_blank\" rel=\"noopener\">K\u00fcld\u00f6ttgy\u0171l\u00e9s <\/a>2024.05.29.<br \/>\n<a href=\"https:\/\/fotsportegyesulet.hu\/wp-content\/uploads\/2024\/01\/FSE_Kuldottgy-2023.11.28.pdf\" target=\"_blank\" rel=\"noopener\">K\u00fcld\u00f6ttgy\u0171l\u00e9s <\/a>2023.11.28.<br \/>\n<a href=\"https:\/\/fotsportegyesulet.hu\/wp-content\/uploads\/2023\/07\/Kuldottgyules-2023.07.05.pdf\" target=\"_blank\" rel=\"noopener\">K\u00fcld\u00f6ttgy\u0171l\u00e9s <\/a>2023.07.05.<br \/>\n<a href=\"https:\/\/fotsportegyesulet.hu\/wp-content\/uploads\/2023\/02\/Kuldottgyules-2022.11.29..pdf\">K\u00fcld\u00f6ttgy\u0171l\u00e9s<\/a> 2022.11.29.<br \/>\n<a href=\"https:\/\/fotsportegyesulet.hu\/wp-content\/uploads\/2021\/11\/20211116-Kuldottgyules-meghivo-jegyzokonyv.pdf\" target=\"_blank\" rel=\"noopener\">K\u00fcld\u00f6ttgy\u0171l\u00e9s<\/a> 2021.11.16.<\/p>\n<p>&nbsp;<\/p>\n<\/div>\n<\/div>\n<\/div>\n<\/div>\n<\/div>\n<div id=\"pg-291-1\" class=\"panel-grid panel-no-style\" data-style=\"{&quot;background_image_attachment&quot;:false,&quot;background_display&quot;:&quot;tile&quot;,&quot;full_height&quot;:&quot;&quot;,&quot;cell_alignment&quot;:&quot;flex-start&quot;}\">\n<div id=\"pgc-291-1-0\" class=\"panel-grid-cell\" data-weight=\"0.33333333333333\">\n<div id=\"panel-291-1-0-0\" class=\"so-panel widget widget_sow-editor panel-first-child panel-last-child\" data-index=\"3\" data-style=\"{&quot;background_image_attachment&quot;:false,&quot;background_display&quot;:&quot;tile&quot;,&quot;background_image_size&quot;:&quot;full&quot;,&quot;border_thickness&quot;:&quot;1px&quot;}\">\n<div class=\"so-widget-sow-editor so-widget-sow-editor-base\">\n<div class=\"siteorigin-widget-tinymce textwidget\">\n<p><strong>Egy\u00e9b dokumentumok<\/strong><\/p>\n<p><a href=\"https:\/\/fotsportegyesulet.hu\/wp-content\/uploads\/2026\/01\/2025.11.05.-Elnoksegi-ules-1.pdf\">Eln\u00f6ks\u00e9gi \u00fcl\u00e9s<\/a> 2025.11.05.<br \/>\n<a href=\"https:\/\/fotsportegyesulet.hu\/wp-content\/uploads\/2025\/03\/Elnoksegi-ules-2024.12.27.pdf\">Eln\u00f6ks\u00e9gi \u00fcl\u00e9s<\/a> 2024.12.27.<br \/>\n<a href=\"https:\/\/fotsportegyesulet.hu\/wp-content\/uploads\/2025\/01\/Elnoksegi-ules-2024.11.28.pdf\">Eln\u00f6ks\u00e9gi \u00fcl\u00e9s<\/a> 2024.11.28.<br \/>\n<a href=\"https:\/\/fotsportegyesulet.hu\/wp-content\/uploads\/2024\/11\/Elnoksegi-ules-2024.07.10.-compressed.pdf\">Eln\u00f6ks\u00e9gi \u00fcl\u00e9s <\/a>2024.07.10.<br \/>\n<a href=\"https:\/\/fotsportegyesulet.hu\/wp-content\/uploads\/2024\/11\/Elnoksegi-ules-2024.05.16.-compressed.pdf\">Eln\u00f6ks\u00e9gi \u00fcl\u00e9s<\/a> 2024.05.16.<br \/>\n<a href=\"https:\/\/fotsportegyesulet.hu\/wp-content\/uploads\/2024\/11\/Elnoksegi-ules-2024.02.22.-compressed.pdf\">Eln\u00f6ks\u00e9gi \u00fcl\u00e9s<\/a> 2024.02.22.<br \/>\n<a href=\"https:\/\/fotsportegyesulet.hu\/wp-content\/uploads\/2023\/07\/Elnoksegi-2023.05.16.pdf\">Eln\u00f6ks\u00e9gi \u00fcl\u00e9s<\/a> 2023.10.31.<br \/>\n<a href=\"https:\/\/fotsportegyesulet.hu\/wp-content\/uploads\/2024\/01\/Elnoksegi-2023.07.21.pdf\">Eln\u00f6ks\u00e9gi \u00fcl\u00e9s<\/a> 2023.07.21.<br \/>\n<a href=\"https:\/\/fotsportegyesulet.hu\/wp-content\/uploads\/2023\/07\/Elnoksegi-2023.05.16.pdf\">Eln\u00f6ks\u00e9gi \u00fcl\u00e9s<\/a> 2023.05.16.<br \/>\n<a href=\"https:\/\/fotsportegyesulet.hu\/wp-content\/uploads\/2023\/07\/Elnoksegi-2023.03.09.pdf\">Eln\u00f6ks\u00e9gi \u00fcl\u00e9s<\/a>\u00a02023.03.09.<a href=\"https:\/\/fotsportegyesulet.hu\/wp-content\/uploads\/2023\/02\/Elnoksegi-gyules-2022.12.20..pdf\"><br \/>\nEln\u00f6ks\u00e9gi \u00fcl\u00e9s<\/a> 2022.12.20.<br \/>\n<a href=\"https:\/\/fotsportegyesulet.hu\/wp-content\/uploads\/2023\/02\/Elnoksegi-gyules-2022.10.28..pdf\">Eln\u00f6ks\u00e9gi \u00fcl\u00e9s<\/a> 2022.10.28.<br \/>\n<a href=\"https:\/\/fotsportegyesulet.hu\/wp-content\/uploads\/2023\/02\/Elnoksegi-gyules-2022.07.08.pdf\">Eln\u00f6ks\u00e9gi \u00fcl\u00e9s<\/a> 2022.07.08.<br \/>\n<a href=\"https:\/\/fotsportegyesulet.hu\/wp-content\/uploads\/2022\/07\/2022.06.15.-Elnoksegi.pdf\" target=\"_blank\" rel=\"noopener\">Eln\u00f6ks\u00e9gi \u00fcl\u00e9s<\/a> 2022.06.15.<br \/>\n<a href=\"https:\/\/fotsportegyesulet.hu\/wp-content\/uploads\/2022\/07\/2022.05.03.-Elnoksegi.pdf\" target=\"_blank\" rel=\"noopener\">Eln\u00f6ks\u00e9gi \u00fcl\u00e9s<\/a> 2022.05.03.<br \/>\n<a href=\"https:\/\/fotsportegyesulet.hu\/wp-content\/uploads\/2022\/05\/2022.04.08.-Elnoksegi.pdf\" target=\"_blank\" rel=\"noopener\">Eln\u00f6ks\u00e9gi \u00fcl\u00e9s<\/a> 2022.04.08.<br \/>\n<a href=\"https:\/\/fotsportegyesulet.hu\/wp-content\/uploads\/2022\/05\/2022.02.09.-Elnoksegi.pdf\" target=\"_blank\" rel=\"noopener\">Eln\u00f6ks\u00e9gi \u00fcl\u00e9s<\/a> 2022.02.09.<\/p>\n<p>&nbsp;<\/p>\n<\/div>\n<\/div>\n<\/div>\n<\/div>\n<div id=\"pgc-291-1-1\" class=\"panel-grid-cell panel-grid-cell-mobile-last\" data-weight=\"0.33333333333333\">\n<div id=\"panel-291-1-1-0\" class=\"so-panel widget widget_sow-editor panel-first-child panel-last-child\" data-index=\"4\" data-style=\"{&quot;background_image_attachment&quot;:false,&quot;background_display&quot;:&quot;tile&quot;,&quot;background_image_size&quot;:&quot;full&quot;,&quot;border_thickness&quot;:&quot;1px&quot;}\">\n<div class=\"so-widget-sow-editor so-widget-sow-editor-base\">\n<div class=\"siteorigin-widget-tinymce textwidget\">\n<p><strong>Egy\u00e9b dokumentumok<\/strong><\/p>\n<p><a href=\"https:\/\/fotsportegyesulet.hu\/wp-content\/uploads\/2022\/02\/2021.12.17.-Elnoksegi-gyules.pdf\" target=\"_blank\" rel=\"noopener\">Eln\u00f6ks\u00e9gi \u00fcl\u00e9s<\/a> 2021.12.17.<br \/>\n<a href=\"https:\/\/fotsportegyesulet.hu\/wp-content\/uploads\/2022\/02\/2021.11.12.-Elnoksegi-gyules.pdf\" target=\"_blank\" rel=\"noopener\">Eln\u00f6ks\u00e9gi \u00fcl\u00e9s<\/a> 2021.11.12.<br \/>\n<a href=\"https:\/\/fotsportegyesulet.hu\/wp-content\/uploads\/2021\/11\/Fot-SE-elnoksegi-2021.09.30.pdf\" target=\"_blank\" rel=\"noopener\">Eln\u00f6ks\u00e9gi \u00fcl\u00e9s<\/a> 2021.09.30.<br \/>\n<a href=\"https:\/\/fotsportegyesulet.hu\/wp-content\/uploads\/2021\/11\/Fot-SE-elnoksegi-2021.07.21.pdf\" target=\"_blank\" rel=\"noopener\">Eln\u00f6ks\u00e9gi \u00fcl\u00e9s<\/a> 2021.07.21.<br \/>\n<a href=\"https:\/\/fotsportegyesulet.hu\/wp-content\/uploads\/2021\/11\/Fot-SE-elnoksegi-2021.05.28.pdf\" target=\"_blank\" rel=\"noopener\">Eln\u00f6ks\u00e9gi \u00fcl\u00e9s<\/a> 2021.05.28.<a href=\"https:\/\/fotsportegyesulet.hu\/wp-content\/uploads\/2021\/11\/Fot-SE-elnoksegi-2021.04.07.pdf\" target=\"_blank\" rel=\"noopener\"><br \/>\nEln\u00f6ks\u00e9gi \u00fcl\u00e9s<\/a> 2021.04.07.<br \/>\n<a href=\"https:\/\/fotsportegyesulet.hu\/wp-content\/uploads\/2021\/04\/Fot-SE-elnoksegi-2021.02.22.pdf\" target=\"_blank\" rel=\"noopener\">Eln\u00f6ks\u00e9gi \u00fcl\u00e9s<\/a> 2021.02.22.<br \/>\n<a href=\"https:\/\/fotsportegyesulet.hu\/wp-content\/uploads\/2021\/04\/Fot-SE-elnoksegi-2020.12.21.pdf\" target=\"_blank\" rel=\"noopener\">Eln\u00f6ks\u00e9gi \u00fcl\u00e9s<\/a> 2020.12.21.<br \/>\n<a href=\"https:\/\/fotsportegyesulet.hu\/wp-content\/uploads\/2021\/04\/Fot-SE-elnoksegi-2020.11.19.pdf\" target=\"_blank\" rel=\"noopener\">Eln\u00f6ks\u00e9gi \u00fcl\u00e9s<\/a> 2020.11.19.<br \/>\n<a href=\"https:\/\/fotsportegyesulet.hu\/wp-content\/uploads\/2021\/04\/Fot-SE-elnoksegi-2020.11.02.pdf\" target=\"_blank\" rel=\"noopener\">Eln\u00f6ks\u00e9gi \u00fcl\u00e9s<\/a> 2020.11.02.<br \/>\n<a href=\"https:\/\/fotsportegyesulet.hu\/wp-content\/uploads\/2020\/12\/Fot-SE-elnoksegi-2020.09.-1.pdf\">Eln\u00f6ks\u00e9gi \u00fcl\u00e9s<\/a> 2020.09.30.<br \/>\n<a href=\"https:\/\/fotsportegyesulet.hu\/wp-content\/uploads\/2020\/12\/Fot-SE-elnoksegi-2020.07.-1.pdf\">Eln\u00f6ks\u00e9gi \u00fcl\u00e9s<\/a> 2020.07.17.<br \/>\n<a href=\"https:\/\/fotsportegyesulet.hu\/wp-content\/uploads\/2020\/12\/Fot-SE-elnoksegi-2020.06.-1.pdf\">Eln\u00f6ks\u00e9gi \u00fcl\u00e9s<\/a> 2020.06.30.<br \/>\n<a href=\"https:\/\/fotsportegyesulet.hu\/wp-content\/uploads\/2020\/12\/Fot-SE-elnoksegi-2020.05.-1.pdf\">Eln\u00f6ks\u00e9gi \u00fcl\u00e9s<\/a> 2020.05.03.<br \/>\n<a href=\"https:\/\/fotsportegyesulet.hu\/wp-content\/uploads\/2020\/12\/Fot-SE-elnoksegi-2020.03.-1.pdf\">Eln\u00f6ks\u00e9gi \u00fcl\u00e9s<\/a> 2020.03.31.<br \/>\n<a href=\"https:\/\/fotsportegyesulet.hu\/wp-content\/uploads\/2020\/12\/Fot-SE-elnoksegi-2020.02.-1.pdf\">Eln\u00f6ks\u00e9gi \u00fcl\u00e9s<\/a> 2020.02.27.<\/p>\n<\/div>\n<\/div>\n<\/div>\n<\/div>\n<div id=\"pgc-291-1-2\" class=\"panel-grid-cell panel-grid-cell-empty\" data-weight=\"0.33333333333333\"><\/div>\n<\/div>\n<\/div>\n","protected":false},"excerpt":{"rendered":"<p>Besz\u00e1mol\u00f3k Besz\u00e1mol\u00f3 2024. Kieg\u00e9sz\u00edt\u0151 mell\u00e9klet 2024. F\u0151k\u00f6nyv 2024. Besz\u00e1mol\u00f3 2023. Kieg\u00e9sz\u00edt\u0151 mell\u00e9klet 2023. V\u00e9gleges kivonat 2023. Besz\u00e1mol\u00f3 2022. Kieg\u00e9sz\u00edt\u0151 mell\u00e9klet 2022. V\u00e9gleges kivonat 2022. Lek\u00e9rdez\u00e9s 2022. Besz\u00e1mol\u00f3 2021. Besz\u00e1mol\u00f3 2020&#8230;.<\/p>\n","protected":false},"author":3,"featured_media":0,"parent":0,"menu_order":0,"comment_status":"closed","ping_status":"closed","template":"","meta":{"_bbp_topic_count":0,"_bbp_reply_count":0,"_bbp_total_topic_count":0,"_bbp_total_reply_count":0,"_bbp_voice_count":0,"_bbp_anonymous_reply_count":0,"_bbp_topic_count_hidden":0,"_bbp_reply_count_hidden":0,"_bbp_forum_subforum_count":0,"_price":"","_stock":"","_tribe_ticket_header":"","_tribe_default_ticket_provider":"","_ticket_start_date":"","_ticket_end_date":"","_tribe_ticket_show_description":"","_tribe_ticket_show_not_going":false,"_tribe_ticket_use_global_stock":"","_tribe_ticket_global_stock_level":"","_global_stock_mode":"","_global_stock_cap":"","_tribe_rsvp_for_event":"","_tribe_ticket_going_count":"","_tribe_ticket_not_going_count":"","_tribe_tickets_list":"[]","_tribe_ticket_has_attendee_info_fields":false,"footnotes":"","_tec_slr_enabled":"","_tec_slr_layout":""},"class_list":["post-291","page","type-page","status-publish","hentry"],"yoast_head":"<!-- This site is optimized with the Yoast SEO plugin v25.7 - https:\/\/yoast.com\/wordpress\/plugins\/seo\/ -->\n<title>BESZ\u00c1MOL\u00d3 \u00c9S EGY\u00c9B DOKUMENTUMOK - F\u00d3T SPORTEGYES\u00dcLET<\/title>\n<meta name=\"robots\" content=\"index, follow, max-snippet:-1, max-image-preview:large, max-video-preview:-1\" \/>\n<link rel=\"canonical\" href=\"https:\/\/fotsportegyesulet.hu\/index.php\/beszamolo\/\" \/>\n<meta property=\"og:locale\" content=\"hu_HU\" \/>\n<meta property=\"og:type\" content=\"article\" \/>\n<meta property=\"og:title\" content=\"BESZ\u00c1MOL\u00d3 \u00c9S EGY\u00c9B DOKUMENTUMOK - F\u00d3T SPORTEGYES\u00dcLET\" \/>\n<meta property=\"og:description\" content=\"Besz\u00e1mol\u00f3k Besz\u00e1mol\u00f3 2024. Kieg\u00e9sz\u00edt\u0151 mell\u00e9klet 2024. F\u0151k\u00f6nyv 2024. Besz\u00e1mol\u00f3 2023. Kieg\u00e9sz\u00edt\u0151 mell\u00e9klet 2023. V\u00e9gleges kivonat 2023. Besz\u00e1mol\u00f3 2022. Kieg\u00e9sz\u00edt\u0151 mell\u00e9klet 2022. V\u00e9gleges kivonat 2022. Lek\u00e9rdez\u00e9s 2022. Besz\u00e1mol\u00f3 2021. Besz\u00e1mol\u00f3 2020....\" \/>\n<meta property=\"og:url\" content=\"https:\/\/fotsportegyesulet.hu\/index.php\/beszamolo\/\" \/>\n<meta property=\"og:site_name\" content=\"F\u00d3T SPORTEGYES\u00dcLET\" \/>\n<meta property=\"article:publisher\" content=\"https:\/\/www.facebook.com\/fotsportegyesulet\/\" \/>\n<meta property=\"article:modified_time\" content=\"2026-01-26T11:01:26+00:00\" \/>\n<meta property=\"og:image\" content=\"https:\/\/fotsportegyesulet.hu\/wp-content\/uploads\/2017\/04\/cimlap_minta.jpg\" \/>\n\t<meta property=\"og:image:width\" content=\"1200\" \/>\n\t<meta property=\"og:image:height\" content=\"628\" \/>\n\t<meta property=\"og:image:type\" content=\"image\/jpeg\" \/>\n<meta name=\"twitter:card\" content=\"summary_large_image\" \/>\n<meta name=\"twitter:label1\" content=\"Becs\u00fclt olvas\u00e1si id\u0151\" \/>\n\t<meta name=\"twitter:data1\" content=\"1 perc\" \/>\n<script type=\"application\/ld+json\" class=\"yoast-schema-graph\">{\"@context\":\"https:\/\/schema.org\",\"@graph\":[{\"@type\":\"WebPage\",\"@id\":\"https:\/\/fotsportegyesulet.hu\/index.php\/beszamolo\/\",\"url\":\"https:\/\/fotsportegyesulet.hu\/index.php\/beszamolo\/\",\"name\":\"BESZ\u00c1MOL\u00d3 \u00c9S EGY\u00c9B DOKUMENTUMOK - F\u00d3T SPORTEGYES\u00dcLET\",\"isPartOf\":{\"@id\":\"https:\/\/fotsportegyesulet.hu\/#website\"},\"datePublished\":\"2020-07-30T18:01:20+00:00\",\"dateModified\":\"2026-01-26T11:01:26+00:00\",\"breadcrumb\":{\"@id\":\"https:\/\/fotsportegyesulet.hu\/index.php\/beszamolo\/#breadcrumb\"},\"inLanguage\":\"hu\",\"potentialAction\":[{\"@type\":\"ReadAction\",\"target\":[\"https:\/\/fotsportegyesulet.hu\/index.php\/beszamolo\/\"]}]},{\"@type\":\"BreadcrumbList\",\"@id\":\"https:\/\/fotsportegyesulet.hu\/index.php\/beszamolo\/#breadcrumb\",\"itemListElement\":[{\"@type\":\"ListItem\",\"position\":1,\"name\":\"Kezd\u0151lap\",\"item\":\"https:\/\/fotsportegyesulet.hu\/\"},{\"@type\":\"ListItem\",\"position\":2,\"name\":\"BESZ\u00c1MOL\u00d3 \u00c9S EGY\u00c9B DOKUMENTUMOK\"}]},{\"@type\":\"WebSite\",\"@id\":\"https:\/\/fotsportegyesulet.hu\/#website\",\"url\":\"https:\/\/fotsportegyesulet.hu\/\",\"name\":\"F\u00d3T SPORTEGYES\u00dcLET\",\"description\":\"\",\"publisher\":{\"@id\":\"https:\/\/fotsportegyesulet.hu\/#organization\"},\"potentialAction\":[{\"@type\":\"SearchAction\",\"target\":{\"@type\":\"EntryPoint\",\"urlTemplate\":\"https:\/\/fotsportegyesulet.hu\/?s={search_term_string}\"},\"query-input\":{\"@type\":\"PropertyValueSpecification\",\"valueRequired\":true,\"valueName\":\"search_term_string\"}}],\"inLanguage\":\"hu\"},{\"@type\":\"Organization\",\"@id\":\"https:\/\/fotsportegyesulet.hu\/#organization\",\"name\":\"F\u00f3t Sportegyes\u00fclet\",\"url\":\"https:\/\/fotsportegyesulet.hu\/\",\"logo\":{\"@type\":\"ImageObject\",\"inLanguage\":\"hu\",\"@id\":\"https:\/\/fotsportegyesulet.hu\/#\/schema\/logo\/image\/\",\"url\":\"https:\/\/fotsportegyesulet.hu\/wp-content\/uploads\/2020\/07\/eredeti-sz\u00ednes-vektoros-Fot-cimer-3.png\",\"contentUrl\":\"https:\/\/fotsportegyesulet.hu\/wp-content\/uploads\/2020\/07\/eredeti-sz\u00ednes-vektoros-Fot-cimer-3.png\",\"width\":500,\"height\":500,\"caption\":\"F\u00f3t Sportegyes\u00fclet\"},\"image\":{\"@id\":\"https:\/\/fotsportegyesulet.hu\/#\/schema\/logo\/image\/\"},\"sameAs\":[\"https:\/\/www.facebook.com\/fotsportegyesulet\/\"]}]}<\/script>\n<!-- \/ Yoast SEO plugin. -->","yoast_head_json":{"title":"BESZ\u00c1MOL\u00d3 \u00c9S EGY\u00c9B DOKUMENTUMOK - F\u00d3T SPORTEGYES\u00dcLET","robots":{"index":"index","follow":"follow","max-snippet":"max-snippet:-1","max-image-preview":"max-image-preview:large","max-video-preview":"max-video-preview:-1"},"canonical":"https:\/\/fotsportegyesulet.hu\/index.php\/beszamolo\/","og_locale":"hu_HU","og_type":"article","og_title":"BESZ\u00c1MOL\u00d3 \u00c9S EGY\u00c9B DOKUMENTUMOK - F\u00d3T SPORTEGYES\u00dcLET","og_description":"Besz\u00e1mol\u00f3k Besz\u00e1mol\u00f3 2024. Kieg\u00e9sz\u00edt\u0151 mell\u00e9klet 2024. F\u0151k\u00f6nyv 2024. Besz\u00e1mol\u00f3 2023. Kieg\u00e9sz\u00edt\u0151 mell\u00e9klet 2023. V\u00e9gleges kivonat 2023. Besz\u00e1mol\u00f3 2022. Kieg\u00e9sz\u00edt\u0151 mell\u00e9klet 2022. V\u00e9gleges kivonat 2022. Lek\u00e9rdez\u00e9s 2022. Besz\u00e1mol\u00f3 2021. Besz\u00e1mol\u00f3 2020....","og_url":"https:\/\/fotsportegyesulet.hu\/index.php\/beszamolo\/","og_site_name":"F\u00d3T SPORTEGYES\u00dcLET","article_publisher":"https:\/\/www.facebook.com\/fotsportegyesulet\/","article_modified_time":"2026-01-26T11:01:26+00:00","og_image":[{"width":1200,"height":628,"url":"https:\/\/fotsportegyesulet.hu\/wp-content\/uploads\/2017\/04\/cimlap_minta.jpg","type":"image\/jpeg"}],"twitter_card":"summary_large_image","twitter_misc":{"Becs\u00fclt olvas\u00e1si id\u0151":"1 perc"},"schema":{"@context":"https:\/\/schema.org","@graph":[{"@type":"WebPage","@id":"https:\/\/fotsportegyesulet.hu\/index.php\/beszamolo\/","url":"https:\/\/fotsportegyesulet.hu\/index.php\/beszamolo\/","name":"BESZ\u00c1MOL\u00d3 \u00c9S EGY\u00c9B DOKUMENTUMOK - F\u00d3T SPORTEGYES\u00dcLET","isPartOf":{"@id":"https:\/\/fotsportegyesulet.hu\/#website"},"datePublished":"2020-07-30T18:01:20+00:00","dateModified":"2026-01-26T11:01:26+00:00","breadcrumb":{"@id":"https:\/\/fotsportegyesulet.hu\/index.php\/beszamolo\/#breadcrumb"},"inLanguage":"hu","potentialAction":[{"@type":"ReadAction","target":["https:\/\/fotsportegyesulet.hu\/index.php\/beszamolo\/"]}]},{"@type":"BreadcrumbList","@id":"https:\/\/fotsportegyesulet.hu\/index.php\/beszamolo\/#breadcrumb","itemListElement":[{"@type":"ListItem","position":1,"name":"Kezd\u0151lap","item":"https:\/\/fotsportegyesulet.hu\/"},{"@type":"ListItem","position":2,"name":"BESZ\u00c1MOL\u00d3 \u00c9S EGY\u00c9B DOKUMENTUMOK"}]},{"@type":"WebSite","@id":"https:\/\/fotsportegyesulet.hu\/#website","url":"https:\/\/fotsportegyesulet.hu\/","name":"F\u00d3T SPORTEGYES\u00dcLET","description":"","publisher":{"@id":"https:\/\/fotsportegyesulet.hu\/#organization"},"potentialAction":[{"@type":"SearchAction","target":{"@type":"EntryPoint","urlTemplate":"https:\/\/fotsportegyesulet.hu\/?s={search_term_string}"},"query-input":{"@type":"PropertyValueSpecification","valueRequired":true,"valueName":"search_term_string"}}],"inLanguage":"hu"},{"@type":"Organization","@id":"https:\/\/fotsportegyesulet.hu\/#organization","name":"F\u00f3t Sportegyes\u00fclet","url":"https:\/\/fotsportegyesulet.hu\/","logo":{"@type":"ImageObject","inLanguage":"hu","@id":"https:\/\/fotsportegyesulet.hu\/#\/schema\/logo\/image\/","url":"https:\/\/fotsportegyesulet.hu\/wp-content\/uploads\/2020\/07\/eredeti-sz\u00ednes-vektoros-Fot-cimer-3.png","contentUrl":"https:\/\/fotsportegyesulet.hu\/wp-content\/uploads\/2020\/07\/eredeti-sz\u00ednes-vektoros-Fot-cimer-3.png","width":500,"height":500,"caption":"F\u00f3t Sportegyes\u00fclet"},"image":{"@id":"https:\/\/fotsportegyesulet.hu\/#\/schema\/logo\/image\/"},"sameAs":["https:\/\/www.facebook.com\/fotsportegyesulet\/"]}]}},"ticketed":false,"_links":{"self":[{"href":"https:\/\/fotsportegyesulet.hu\/index.php\/wp-json\/wp\/v2\/pages\/291","targetHints":{"allow":["GET"]}}],"collection":[{"href":"https:\/\/fotsportegyesulet.hu\/index.php\/wp-json\/wp\/v2\/pages"}],"about":[{"href":"https:\/\/fotsportegyesulet.hu\/index.php\/wp-json\/wp\/v2\/types\/page"}],"author":[{"embeddable":true,"href":"https:\/\/fotsportegyesulet.hu\/index.php\/wp-json\/wp\/v2\/users\/3"}],"replies":[{"embeddable":true,"href":"https:\/\/fotsportegyesulet.hu\/index.php\/wp-json\/wp\/v2\/comments?post=291"}],"version-history":[{"count":58,"href":"https:\/\/fotsportegyesulet.hu\/index.php\/wp-json\/wp\/v2\/pages\/291\/revisions"}],"predecessor-version":[{"id":15346,"href":"https:\/\/fotsportegyesulet.hu\/index.php\/wp-json\/wp\/v2\/pages\/291\/revisions\/15346"}],"wp:attachment":[{"href":"https:\/\/fotsportegyesulet.hu\/index.php\/wp-json\/wp\/v2\/media?parent=291"}],"curies":[{"name":"wp","href":"https:\/\/api.w.org\/{rel}","templated":true}]}}