{"id":159,"date":"2019-07-03T12:49:13","date_gmt":"2019-07-03T12:49:13","guid":{"rendered":"https:\/\/fotsportegyesulet.hu\/?page_id=159"},"modified":"2024-01-03T12:25:40","modified_gmt":"2024-01-03T11:25:40","slug":"kosarlabda","status":"publish","type":"page","link":"https:\/\/fotsportegyesulet.hu\/index.php\/kosarlabda\/","title":{"rendered":"KOS\u00c1RLABDA"},"content":{"rendered":"<div id=\"pl-159\"  class=\"panel-layout\" ><div id=\"pg-159-0\"  class=\"panel-grid panel-no-style\" ><div id=\"pgc-159-0-0\"  class=\"panel-grid-cell\" ><div id=\"panel-159-0-0-0\" class=\"so-panel widget widget_sow-editor panel-first-child panel-last-child\" data-index=\"0\" ><div\n\t\t\t\n\t\t\tclass=\"so-widget-sow-editor so-widget-sow-editor-base\"\n\t\t\t\n\t\t><h3 class=\"widget-title\">Edz\u00e9sek<\/h3>\n<div class=\"siteorigin-widget-tinymce textwidget\">\n\t<div class=\"siteorigin-widget-tinymce textwidget\">\n<div class=\"siteorigin-widget-tinymce textwidget\">\n<div class=\"siteorigin-widget-tinymce textwidget\">\n<div class=\"siteorigin-widget-tinymce textwidget\">\n<div><strong>El\u0151k\u00e9sz\u00edt\u0151 (2015-2017)<\/strong><\/div>\n<div>&nbsp;<\/div>\n<div>H\u00e9tf\u0151, szerda: 16:00-17:00<\/div>\n<div>Phoenix Sportcsarnok, F\u00f3t<\/div>\n<div>&nbsp;<\/div>\n<div>\n<div>&nbsp;<\/div>\n<\/div>\n<\/div>\n<\/div>\n<\/div>\n<\/div>\n<\/div>\n<\/div><\/div><\/div><div id=\"pgc-159-0-1\"  class=\"panel-grid-cell\" ><div id=\"panel-159-0-1-0\" class=\"so-panel widget widget_sow-editor panel-first-child panel-last-child\" data-index=\"1\" ><div\n\t\t\t\n\t\t\tclass=\"so-widget-sow-editor so-widget-sow-editor-base\"\n\t\t\t\n\t\t><h3 class=\"widget-title\">Edz\u00e9sek<\/h3>\n<div class=\"siteorigin-widget-tinymce textwidget\">\n\t<div class=\"siteorigin-widget-tinymce textwidget\">\n<div class=\"siteorigin-widget-tinymce textwidget\">\n<div class=\"siteorigin-widget-tinymce textwidget\">\n<div class=\"siteorigin-widget-tinymce textwidget\">\n<div><strong>U11-U12 (2013-2014)<\/strong><\/div>\n<div>&nbsp;<\/div>\n<div>H\u00e9tf\u0151, kedd, szerda, cs\u00fct\u00f6rt\u00f6k: 16:00-17:00<br \/>Phoenix Sportcsarnok, F\u00f3t<\/div>\n<div>&nbsp;<\/div>\n<div>&nbsp;<\/div>\n<div>&nbsp;<\/div>\n<\/div>\n<\/div>\n<\/div>\n<\/div>\n<\/div>\n<\/div><\/div><\/div><div id=\"pgc-159-0-2\"  class=\"panel-grid-cell\" ><div id=\"panel-159-0-2-0\" class=\"so-panel widget widget_sow-editor panel-first-child panel-last-child\" data-index=\"2\" ><div\n\t\t\t\n\t\t\tclass=\"so-widget-sow-editor so-widget-sow-editor-base\"\n\t\t\t\n\t\t><h3 class=\"widget-title\">Edz\u00e9sek<\/h3>\n<div class=\"siteorigin-widget-tinymce textwidget\">\n\t<div class=\"siteorigin-widget-tinymce textwidget\">\n<div class=\"siteorigin-widget-tinymce textwidget\">\n<div>\n<p><strong>U14 l\u00e1ny (2010-2012)<\/strong><\/p>\n<p>H\u00e9tf\u0151, szerda, cs\u00fct\u00f6rt\u00f6k: 17:30-19:00<br \/>Megyeri \u00dati \u00c1ltal\u00e1nos Iskola, Budapest<\/p>\n<p>Kedd: 17:00-18:00 \u00e9s 18:00-19:00, Egy\u00e9ni k\u00e9pz\u00e9s<br \/>Phoenix Sportcsarnok, F\u00f3t<\/p>\n<p>P\u00e9ntek: 16:00-17:30<br \/>Phoenix Sportcsarnok, F\u00f3t<\/p>\n<\/div>\n<div>&nbsp;<\/div>\n<\/div>\n<\/div>\n<\/div>\n<\/div><\/div><\/div><\/div><div id=\"pg-159-1\"  class=\"panel-grid panel-no-style\" ><div id=\"pgc-159-1-0\"  class=\"panel-grid-cell\" ><div id=\"panel-159-1-0-0\" class=\"so-panel widget widget_sow-editor panel-first-child panel-last-child\" data-index=\"3\" ><div\n\t\t\t\n\t\t\tclass=\"so-widget-sow-editor so-widget-sow-editor-base\"\n\t\t\t\n\t\t><h3 class=\"widget-title\">Szakoszt\u00e1lyvezet\u0151<\/h3>\n<div class=\"siteorigin-widget-tinymce textwidget\">\n\t<div class=\"siteorigin-widget-tinymce textwidget\">\n<div class=\"siteorigin-widget-tinymce textwidget\">\n<div class=\"siteorigin-widget-tinymce textwidget\">\n<div class=\"siteorigin-widget-tinymce textwidget\">\n<div><strong>P\u00e1li G\u00e1bor<\/strong><\/div>\n<div>06-70-200-6548<\/div>\n<div><a href=\"mailto:paligaboristvan@gmail.com\" target=\"_blank\" rel=\"noopener\">paligaboristvan@gmail.com<\/a><\/div>\n<div><a href=\"https:\/\/fot-se-kosarlabda-7.webnode.hu\/\" target=\"_blank\" rel=\"noopener noreferrer\" data-saferedirecturl=\"https:\/\/www.google.com\/url?q=https:\/\/fot-se-kosarlabda-7.webnode.hu\/&amp;source=gmail&amp;ust=1704365133702000&amp;usg=AOvVaw3_-ULz1tojVBQ4mdldtpJv\">https:\/\/fot-se-kosarlabda-7.we<wbr>bnode.hu\/<\/a><\/div>\n<div>INFOM\u00c1CI\u00d3 az edz\u00e9sekkel \u00e9s jelentkez\u00e9ssel kapcsolatban: P\u00e1li G\u00e1bor<\/div>\n<div>\n<p>&nbsp;<\/p>\n<\/div>\n<\/div>\n<\/div>\n<\/div>\n<\/div>\n<\/div>\n<\/div><\/div><\/div><\/div><div id=\"pg-159-2\"  class=\"panel-grid panel-no-style\" ><div id=\"pgc-159-2-0\"  class=\"panel-grid-cell\" ><div id=\"panel-159-2-0-0\" class=\"so-panel widget widget_sow-editor panel-first-child panel-last-child\" data-index=\"4\" ><div\n\t\t\t\n\t\t\tclass=\"so-widget-sow-editor so-widget-sow-editor-base\"\n\t\t\t\n\t\t><h3 class=\"widget-title\">Edz\u0151<\/h3>\n<div class=\"siteorigin-widget-tinymce textwidget\">\n\t<div class=\"siteorigin-widget-tinymce textwidget\">\n<div class=\"siteorigin-widget-tinymce textwidget\">\n<div class=\"siteorigin-widget-tinymce textwidget\">\n<div class=\"siteorigin-widget-tinymce textwidget\">\n<div><strong>P\u00e1li G\u00e1bor vezet\u0151<\/strong><br \/>06-70-200-6548<br \/><a href=\"mailto:paligaboristvan@gmail.com\" target=\"_blank\" rel=\"noopener\">paligaboristvan@gmail.com<\/a><\/div>\n<div>&nbsp;<\/div>\n<\/div>\n<\/div>\n<\/div>\n<\/div>\n<\/div>\n<\/div><\/div><\/div><div id=\"pgc-159-2-1\"  class=\"panel-grid-cell\" ><div id=\"panel-159-2-1-0\" class=\"so-panel widget widget_sow-editor panel-first-child panel-last-child\" data-index=\"5\" ><div\n\t\t\t\n\t\t\tclass=\"so-widget-sow-editor so-widget-sow-editor-base\"\n\t\t\t\n\t\t><h3 class=\"widget-title\">Edz\u0151<\/h3>\n<div class=\"siteorigin-widget-tinymce textwidget\">\n\t<div class=\"siteorigin-widget-tinymce textwidget\">\n<div class=\"siteorigin-widget-tinymce textwidget\">\n<div class=\"siteorigin-widget-tinymce textwidget\">\n<p class=\"widget-title\"><strong>Kovalcsik Emese<\/strong><br \/>06-30-650-3240<br \/><a href=\"mailto:emese.kovalcsik@gmail.com\" target=\"_blank\" rel=\"noopener\">emese.kovalcsik@gmail.com<\/a><\/p>\n<\/div>\n<\/div>\n<\/div>\n<\/div>\n<\/div><\/div><\/div><div id=\"pgc-159-2-2\"  class=\"panel-grid-cell\" ><div id=\"panel-159-2-2-0\" class=\"so-panel widget widget_sow-editor panel-first-child panel-last-child\" data-index=\"6\" ><div\n\t\t\t\n\t\t\tclass=\"so-widget-sow-editor so-widget-sow-editor-base\"\n\t\t\t\n\t\t><h3 class=\"widget-title\">Edz\u0151<\/h3>\n<div class=\"siteorigin-widget-tinymce textwidget\">\n\t<div class=\"siteorigin-widget-tinymce textwidget\">\n<div class=\"siteorigin-widget-tinymce textwidget\">\n<div class=\"siteorigin-widget-tinymce textwidget\">\n<p class=\"widget-title\"><strong>Varga Bal\u00e1zs<\/strong><br \/>06-70-379-2932<br \/><a href=\"mailto:vargabazs24@gmail.com\" target=\"_blank\" rel=\"noopener\">vargabazs24@gmail.com<\/a><\/p>\n<\/div>\n<\/div>\n<\/div>\n<\/div>\n<\/div><\/div><\/div><\/div><div id=\"pg-159-3\"  class=\"panel-grid panel-no-style\" ><div id=\"pgc-159-3-0\"  class=\"panel-grid-cell panel-grid-cell-mobile-last\" ><div id=\"panel-159-3-0-0\" class=\"so-panel widget widget_sporty-gridposts-widget panel-first-child panel-last-child\" data-index=\"7\" ><div class=\"masonry-grid\">\n<div id=\"two-columns\" data-columns> \n<article class=\"post\">\n    <div class=\"post-15724 post type-post status-publish format-standard has-post-thumbnail hentry category-hirek category-ritmikus-gimnasztika\"  id=\"post-15724\">\n      \n    <figure>\n         \n        <ul class=\"sporty-masonry-cats\">\n            <li><a href=\"https:\/\/fotsportegyesulet.hu\/index.php\/category\/hirek\/\" rel=\"category tag\">H\u00edrek<\/a><\/li><li><a href=\"https:\/\/fotsportegyesulet.hu\/index.php\/category\/ritmikus-gimnasztika\/\" rel=\"category tag\">Ritmikus gimnasztika<\/a><\/li>\n        <\/ul>\n                <a href=\"https:\/\/fotsportegyesulet.hu\/index.php\/2026\/04\/27\/sikeres-szereples-az-orszagos-bajnoksagon\/\">\n            <img decoding=\"async\" src=\"https:\/\/fotsportegyesulet.hu\/wp-content\/uploads\/2026\/04\/kiemelt1.jpg\" alt=\"Sikeres szerepl\u00e9s az Orsz\u00e1gos Bajnoks\u00e1gon\" \/>\n        <\/a>\n    <\/figure>\n            <div class=\"postbox\">  \n            <div class=\"date-without-thumb\"><a class=\"postbox-date\" href=\"https:\/\/fotsportegyesulet.hu\/index.php\/2026\/04\/27\/sikeres-szereples-az-orszagos-bajnoksagon\/\">2026.04.27.<\/a><\/div>\n            <h3>\n                <a href=\"https:\/\/fotsportegyesulet.hu\/index.php\/2026\/04\/27\/sikeres-szereples-az-orszagos-bajnoksagon\/\">Sikeres szerepl\u00e9s az Orsz\u00e1gos Bajnoks\u00e1gon<\/a>\n            <\/h3>\n            <p>Dobog\u00f3s helyek \u00e9s \u00e9letre sz\u00f3l\u00f3 \u00e9lm\u00e9nyek &#8211; RG \u00e9s AGG a f\u00f3ti OB-n.<\/p>\n        <\/div>    \n    <\/div>\n<\/article><article class=\"post\">\n    <div class=\"post-15690 post type-post status-publish format-standard has-post-thumbnail hentry category-hirek\"  id=\"post-15690\">\n      \n    <figure>\n         \n        <ul class=\"sporty-masonry-cats\">\n            <li><a href=\"https:\/\/fotsportegyesulet.hu\/index.php\/category\/hirek\/\" rel=\"category tag\">H\u00edrek<\/a><\/li>\n        <\/ul>\n                <a href=\"https:\/\/fotsportegyesulet.hu\/index.php\/2026\/04\/23\/formaba-lendulve-celra-tartva\/\">\n            <img decoding=\"async\" src=\"https:\/\/fotsportegyesulet.hu\/wp-content\/uploads\/2026\/04\/956x455-csapatkep.jpg\" alt=\"Form\u00e1ba lend\u00fclve, c\u00e9lra tartva!\" \/>\n        <\/a>\n    <\/figure>\n            <div class=\"postbox\">  \n            <div class=\"date-without-thumb\"><a class=\"postbox-date\" href=\"https:\/\/fotsportegyesulet.hu\/index.php\/2026\/04\/23\/formaba-lendulve-celra-tartva\/\">2026.04.23.<\/a><\/div>\n            <h3>\n                <a href=\"https:\/\/fotsportegyesulet.hu\/index.php\/2026\/04\/23\/formaba-lendulve-celra-tartva\/\">Form\u00e1ba lend\u00fclve, c\u00e9lra tartva!<\/a>\n            <\/h3>\n            <p>M\u00e1rciusi k\u00f6rk\u00e9p a F\u00f3t SE I-es labdar\u00fag\u00f3 csapat\u00e1n\u00e1l.<\/p>\n        <\/div>    \n    <\/div>\n<\/article><article class=\"post\">\n    <div class=\"post-15683 post type-post status-publish format-standard has-post-thumbnail hentry category-hirek\"  id=\"post-15683\">\n      \n    <figure>\n         \n        <ul class=\"sporty-masonry-cats\">\n            <li><a href=\"https:\/\/fotsportegyesulet.hu\/index.php\/category\/hirek\/\" rel=\"category tag\">H\u00edrek<\/a><\/li>\n        <\/ul>\n                <a href=\"https:\/\/fotsportegyesulet.hu\/index.php\/2026\/04\/21\/mindig-van-meg-benne-tobb\/\">\n            <img decoding=\"async\" src=\"https:\/\/fotsportegyesulet.hu\/wp-content\/uploads\/2026\/04\/956x455.jpg\" alt=\"Mindig van m\u00e9g benne t\u00f6bb!\" \/>\n        <\/a>\n    <\/figure>\n            <div class=\"postbox\">  \n            <div class=\"date-without-thumb\"><a class=\"postbox-date\" href=\"https:\/\/fotsportegyesulet.hu\/index.php\/2026\/04\/21\/mindig-van-meg-benne-tobb\/\">2026.04.21.<\/a><\/div>\n            <h3>\n                <a href=\"https:\/\/fotsportegyesulet.hu\/index.php\/2026\/04\/21\/mindig-van-meg-benne-tobb\/\">Mindig van m\u00e9g benne t\u00f6bb!<\/a>\n            <\/h3>\n            <p>Mezey Keve m\u00e1rciusban a h\u00f3nap j\u00e1t\u00e9kosa.<\/p>\n        <\/div>    \n    <\/div>\n<\/article><article class=\"post\">\n    <div class=\"post-15657 post type-post status-publish format-standard has-post-thumbnail hentry category-atletika category-hirek category-kiemelt-hir category-kosarlabda category-labdarugas category-modern-tanc category-ritmikus-gimnasztika\"  id=\"post-15657\">\n      \n    <figure>\n         \n        <ul class=\"sporty-masonry-cats\">\n            <li><a href=\"https:\/\/fotsportegyesulet.hu\/index.php\/category\/atletika\/\" rel=\"category tag\">Atl\u00e9tika<\/a><\/li><li><a href=\"https:\/\/fotsportegyesulet.hu\/index.php\/category\/hirek\/\" rel=\"category tag\">H\u00edrek<\/a><\/li><li><a href=\"https:\/\/fotsportegyesulet.hu\/index.php\/category\/kiemelt-hir\/\" rel=\"category tag\">Kiemelt h\u00edr<\/a><\/li><li><a href=\"https:\/\/fotsportegyesulet.hu\/index.php\/category\/kosarlabda\/\" rel=\"category tag\">Kos\u00e1rlabda<\/a><\/li><li><a href=\"https:\/\/fotsportegyesulet.hu\/index.php\/category\/labdarugas\/\" rel=\"category tag\">Labdar\u00fag\u00e1s<\/a><\/li><li><a href=\"https:\/\/fotsportegyesulet.hu\/index.php\/category\/modern-tanc\/\" rel=\"category tag\">Modern t\u00e1nc<\/a><\/li><li><a href=\"https:\/\/fotsportegyesulet.hu\/index.php\/category\/ritmikus-gimnasztika\/\" rel=\"category tag\">Ritmikus gimnasztika<\/a><\/li>\n        <\/ul>\n                <a href=\"https:\/\/fotsportegyesulet.hu\/index.php\/2026\/04\/08\/legy-reszese-te-is-nyari-sport-taborainknak\/\">\n            <img decoding=\"async\" src=\"https:\/\/fotsportegyesulet.hu\/wp-content\/uploads\/2026\/04\/group-childrens-having-fun-park.jpg\" alt=\"L\u00e9gy r\u00e9szese Te is ny\u00e1ri sport t\u00e1borainknak!\" \/>\n        <\/a>\n    <\/figure>\n            <div class=\"postbox\">  \n            <div class=\"date-without-thumb\"><a class=\"postbox-date\" href=\"https:\/\/fotsportegyesulet.hu\/index.php\/2026\/04\/08\/legy-reszese-te-is-nyari-sport-taborainknak\/\">2026.04.08.<\/a><\/div>\n            <h3>\n                <a href=\"https:\/\/fotsportegyesulet.hu\/index.php\/2026\/04\/08\/legy-reszese-te-is-nyari-sport-taborainknak\/\">L\u00e9gy r\u00e9szese Te is ny\u00e1ri sport t\u00e1borainknak!<\/a>\n            <\/h3>\n            <p>Szeretettek v\u00e1rjuk a gyerekeket j\u00e1t\u00e9kos-sportos t\u00e1borainkba!<\/p>\n        <\/div>    \n    <\/div>\n<\/article><article class=\"post\">\n    <div class=\"post-15619 post type-post status-publish format-standard has-post-thumbnail hentry category-atletika category-hirek\"  id=\"post-15619\">\n      \n    <figure>\n         \n        <ul class=\"sporty-masonry-cats\">\n            <li><a href=\"https:\/\/fotsportegyesulet.hu\/index.php\/category\/atletika\/\" rel=\"category tag\">Atl\u00e9tika<\/a><\/li><li><a href=\"https:\/\/fotsportegyesulet.hu\/index.php\/category\/hirek\/\" rel=\"category tag\">H\u00edrek<\/a><\/li>\n        <\/ul>\n                <a href=\"https:\/\/fotsportegyesulet.hu\/index.php\/2026\/03\/30\/foti-versenyzok-a-vivicitta-futoversenyen\/\">\n            <img decoding=\"async\" src=\"https:\/\/fotsportegyesulet.hu\/wp-content\/uploads\/2026\/03\/440749f4628a5e6c0dc677277e867c40.jpg\" alt=\"F\u00f3ti versenyz\u0151k a Vivicitt\u00e1 fut\u00f3versenyen\" \/>\n        <\/a>\n    <\/figure>\n            <div class=\"postbox\">  \n            <div class=\"date-without-thumb\"><a class=\"postbox-date\" href=\"https:\/\/fotsportegyesulet.hu\/index.php\/2026\/03\/30\/foti-versenyzok-a-vivicitta-futoversenyen\/\">2026.03.30.<\/a><\/div>\n            <h3>\n                <a href=\"https:\/\/fotsportegyesulet.hu\/index.php\/2026\/03\/30\/foti-versenyzok-a-vivicitta-futoversenyen\/\">F\u00f3ti versenyz\u0151k a Vivicitt\u00e1 fut\u00f3versenyen<\/a>\n            <\/h3>\n            <p>T\u00f6bb, mint 20 atl\u00e9t\u00e1val \u00e1llt rajthoz az FSE  03. 21-\u00e9n a Margitszigeten<\/p>\n        <\/div>    \n    <\/div>\n<\/article><\/div>\n<\/div>    \n<\/div><\/div><div id=\"pgc-159-3-1\"  class=\"panel-grid-cell panel-grid-cell-empty\" ><\/div><\/div><\/div>","protected":false},"excerpt":{"rendered":"<p>Edz\u00e9sek El\u0151k\u00e9sz\u00edt\u0151 (2015-2017) &nbsp; H\u00e9tf\u0151, szerda: 16:00-17:00 Phoenix Sportcsarnok, F\u00f3t &nbsp; &nbsp; Edz\u00e9sek U11-U12 (2013-2014) &nbsp; H\u00e9tf\u0151, kedd, szerda, cs\u00fct\u00f6rt\u00f6k: 16:00-17:00Phoenix Sportcsarnok, F\u00f3t &nbsp; &nbsp; &nbsp; Edz\u00e9sek U14 l\u00e1ny (2010-2012)&#8230;<\/p>\n","protected":false},"author":1,"featured_media":0,"parent":0,"menu_order":0,"comment_status":"closed","ping_status":"closed","template":"","meta":{"_bbp_topic_count":0,"_bbp_reply_count":0,"_bbp_total_topic_count":0,"_bbp_total_reply_count":0,"_bbp_voice_count":0,"_bbp_anonymous_reply_count":0,"_bbp_topic_count_hidden":0,"_bbp_reply_count_hidden":0,"_bbp_forum_subforum_count":0,"_price":"","_stock":"","_tribe_ticket_header":"","_tribe_default_ticket_provider":"","_ticket_start_date":"","_ticket_end_date":"","_tribe_ticket_show_description":"","_tribe_ticket_show_not_going":false,"_tribe_ticket_use_global_stock":"","_tribe_ticket_global_stock_level":"","_global_stock_mode":"","_global_stock_cap":"","_tribe_rsvp_for_event":"","_tribe_ticket_going_count":"","_tribe_ticket_not_going_count":"","_tribe_tickets_list":"[]","_tribe_ticket_has_attendee_info_fields":false,"footnotes":"","_tec_slr_enabled":"","_tec_slr_layout":""},"class_list":["post-159","page","type-page","status-publish","hentry"],"yoast_head":"<!-- This site is optimized with the Yoast SEO plugin v25.7 - https:\/\/yoast.com\/wordpress\/plugins\/seo\/ -->\n<title>KOS\u00c1RLABDA - F\u00d3T SPORTEGYES\u00dcLET<\/title>\n<meta name=\"robots\" content=\"index, follow, max-snippet:-1, max-image-preview:large, max-video-preview:-1\" \/>\n<link rel=\"canonical\" href=\"https:\/\/fotsportegyesulet.hu\/index.php\/kosarlabda\/\" \/>\n<meta property=\"og:locale\" content=\"hu_HU\" \/>\n<meta property=\"og:type\" content=\"article\" \/>\n<meta property=\"og:title\" content=\"KOS\u00c1RLABDA - F\u00d3T SPORTEGYES\u00dcLET\" \/>\n<meta property=\"og:description\" content=\"Edz\u00e9sek El\u0151k\u00e9sz\u00edt\u0151 (2015-2017) &nbsp; H\u00e9tf\u0151, szerda: 16:00-17:00 Phoenix Sportcsarnok, F\u00f3t &nbsp; &nbsp; Edz\u00e9sek U11-U12 (2013-2014) &nbsp; H\u00e9tf\u0151, kedd, szerda, cs\u00fct\u00f6rt\u00f6k: 16:00-17:00Phoenix Sportcsarnok, F\u00f3t &nbsp; &nbsp; &nbsp; Edz\u00e9sek U14 l\u00e1ny (2010-2012)...\" \/>\n<meta property=\"og:url\" content=\"https:\/\/fotsportegyesulet.hu\/index.php\/kosarlabda\/\" \/>\n<meta property=\"og:site_name\" content=\"F\u00d3T SPORTEGYES\u00dcLET\" \/>\n<meta property=\"article:publisher\" content=\"https:\/\/www.facebook.com\/fotsportegyesulet\/\" \/>\n<meta property=\"article:modified_time\" content=\"2024-01-03T11:25:40+00:00\" \/>\n<meta property=\"og:image\" content=\"https:\/\/fotsportegyesulet.hu\/wp-content\/uploads\/2017\/04\/cimlap_minta.jpg\" \/>\n\t<meta property=\"og:image:width\" content=\"1200\" \/>\n\t<meta property=\"og:image:height\" content=\"628\" \/>\n\t<meta property=\"og:image:type\" content=\"image\/jpeg\" \/>\n<meta name=\"twitter:card\" content=\"summary_large_image\" \/>\n<meta name=\"twitter:label1\" content=\"Becs\u00fclt olvas\u00e1si id\u0151\" \/>\n\t<meta name=\"twitter:data1\" content=\"2 perc\" \/>\n<script type=\"application\/ld+json\" class=\"yoast-schema-graph\">{\"@context\":\"https:\/\/schema.org\",\"@graph\":[{\"@type\":\"WebPage\",\"@id\":\"https:\/\/fotsportegyesulet.hu\/index.php\/kosarlabda\/\",\"url\":\"https:\/\/fotsportegyesulet.hu\/index.php\/kosarlabda\/\",\"name\":\"KOS\u00c1RLABDA - F\u00d3T SPORTEGYES\u00dcLET\",\"isPartOf\":{\"@id\":\"https:\/\/fotsportegyesulet.hu\/#website\"},\"datePublished\":\"2019-07-03T12:49:13+00:00\",\"dateModified\":\"2024-01-03T11:25:40+00:00\",\"breadcrumb\":{\"@id\":\"https:\/\/fotsportegyesulet.hu\/index.php\/kosarlabda\/#breadcrumb\"},\"inLanguage\":\"hu\",\"potentialAction\":[{\"@type\":\"ReadAction\",\"target\":[\"https:\/\/fotsportegyesulet.hu\/index.php\/kosarlabda\/\"]}]},{\"@type\":\"BreadcrumbList\",\"@id\":\"https:\/\/fotsportegyesulet.hu\/index.php\/kosarlabda\/#breadcrumb\",\"itemListElement\":[{\"@type\":\"ListItem\",\"position\":1,\"name\":\"Kezd\u0151lap\",\"item\":\"https:\/\/fotsportegyesulet.hu\/\"},{\"@type\":\"ListItem\",\"position\":2,\"name\":\"KOS\u00c1RLABDA\"}]},{\"@type\":\"WebSite\",\"@id\":\"https:\/\/fotsportegyesulet.hu\/#website\",\"url\":\"https:\/\/fotsportegyesulet.hu\/\",\"name\":\"F\u00d3T SPORTEGYES\u00dcLET\",\"description\":\"\",\"publisher\":{\"@id\":\"https:\/\/fotsportegyesulet.hu\/#organization\"},\"potentialAction\":[{\"@type\":\"SearchAction\",\"target\":{\"@type\":\"EntryPoint\",\"urlTemplate\":\"https:\/\/fotsportegyesulet.hu\/?s={search_term_string}\"},\"query-input\":{\"@type\":\"PropertyValueSpecification\",\"valueRequired\":true,\"valueName\":\"search_term_string\"}}],\"inLanguage\":\"hu\"},{\"@type\":\"Organization\",\"@id\":\"https:\/\/fotsportegyesulet.hu\/#organization\",\"name\":\"F\u00f3t Sportegyes\u00fclet\",\"url\":\"https:\/\/fotsportegyesulet.hu\/\",\"logo\":{\"@type\":\"ImageObject\",\"inLanguage\":\"hu\",\"@id\":\"https:\/\/fotsportegyesulet.hu\/#\/schema\/logo\/image\/\",\"url\":\"https:\/\/fotsportegyesulet.hu\/wp-content\/uploads\/2020\/07\/eredeti-sz\u00ednes-vektoros-Fot-cimer-3.png\",\"contentUrl\":\"https:\/\/fotsportegyesulet.hu\/wp-content\/uploads\/2020\/07\/eredeti-sz\u00ednes-vektoros-Fot-cimer-3.png\",\"width\":500,\"height\":500,\"caption\":\"F\u00f3t Sportegyes\u00fclet\"},\"image\":{\"@id\":\"https:\/\/fotsportegyesulet.hu\/#\/schema\/logo\/image\/\"},\"sameAs\":[\"https:\/\/www.facebook.com\/fotsportegyesulet\/\"]}]}<\/script>\n<!-- \/ Yoast SEO plugin. -->","yoast_head_json":{"title":"KOS\u00c1RLABDA - F\u00d3T SPORTEGYES\u00dcLET","robots":{"index":"index","follow":"follow","max-snippet":"max-snippet:-1","max-image-preview":"max-image-preview:large","max-video-preview":"max-video-preview:-1"},"canonical":"https:\/\/fotsportegyesulet.hu\/index.php\/kosarlabda\/","og_locale":"hu_HU","og_type":"article","og_title":"KOS\u00c1RLABDA - F\u00d3T SPORTEGYES\u00dcLET","og_description":"Edz\u00e9sek El\u0151k\u00e9sz\u00edt\u0151 (2015-2017) &nbsp; H\u00e9tf\u0151, szerda: 16:00-17:00 Phoenix Sportcsarnok, F\u00f3t &nbsp; &nbsp; Edz\u00e9sek U11-U12 (2013-2014) &nbsp; H\u00e9tf\u0151, kedd, szerda, cs\u00fct\u00f6rt\u00f6k: 16:00-17:00Phoenix Sportcsarnok, F\u00f3t &nbsp; &nbsp; &nbsp; Edz\u00e9sek U14 l\u00e1ny (2010-2012)...","og_url":"https:\/\/fotsportegyesulet.hu\/index.php\/kosarlabda\/","og_site_name":"F\u00d3T SPORTEGYES\u00dcLET","article_publisher":"https:\/\/www.facebook.com\/fotsportegyesulet\/","article_modified_time":"2024-01-03T11:25:40+00:00","og_image":[{"width":1200,"height":628,"url":"https:\/\/fotsportegyesulet.hu\/wp-content\/uploads\/2017\/04\/cimlap_minta.jpg","type":"image\/jpeg"}],"twitter_card":"summary_large_image","twitter_misc":{"Becs\u00fclt olvas\u00e1si id\u0151":"2 perc"},"schema":{"@context":"https:\/\/schema.org","@graph":[{"@type":"WebPage","@id":"https:\/\/fotsportegyesulet.hu\/index.php\/kosarlabda\/","url":"https:\/\/fotsportegyesulet.hu\/index.php\/kosarlabda\/","name":"KOS\u00c1RLABDA - F\u00d3T SPORTEGYES\u00dcLET","isPartOf":{"@id":"https:\/\/fotsportegyesulet.hu\/#website"},"datePublished":"2019-07-03T12:49:13+00:00","dateModified":"2024-01-03T11:25:40+00:00","breadcrumb":{"@id":"https:\/\/fotsportegyesulet.hu\/index.php\/kosarlabda\/#breadcrumb"},"inLanguage":"hu","potentialAction":[{"@type":"ReadAction","target":["https:\/\/fotsportegyesulet.hu\/index.php\/kosarlabda\/"]}]},{"@type":"BreadcrumbList","@id":"https:\/\/fotsportegyesulet.hu\/index.php\/kosarlabda\/#breadcrumb","itemListElement":[{"@type":"ListItem","position":1,"name":"Kezd\u0151lap","item":"https:\/\/fotsportegyesulet.hu\/"},{"@type":"ListItem","position":2,"name":"KOS\u00c1RLABDA"}]},{"@type":"WebSite","@id":"https:\/\/fotsportegyesulet.hu\/#website","url":"https:\/\/fotsportegyesulet.hu\/","name":"F\u00d3T SPORTEGYES\u00dcLET","description":"","publisher":{"@id":"https:\/\/fotsportegyesulet.hu\/#organization"},"potentialAction":[{"@type":"SearchAction","target":{"@type":"EntryPoint","urlTemplate":"https:\/\/fotsportegyesulet.hu\/?s={search_term_string}"},"query-input":{"@type":"PropertyValueSpecification","valueRequired":true,"valueName":"search_term_string"}}],"inLanguage":"hu"},{"@type":"Organization","@id":"https:\/\/fotsportegyesulet.hu\/#organization","name":"F\u00f3t Sportegyes\u00fclet","url":"https:\/\/fotsportegyesulet.hu\/","logo":{"@type":"ImageObject","inLanguage":"hu","@id":"https:\/\/fotsportegyesulet.hu\/#\/schema\/logo\/image\/","url":"https:\/\/fotsportegyesulet.hu\/wp-content\/uploads\/2020\/07\/eredeti-sz\u00ednes-vektoros-Fot-cimer-3.png","contentUrl":"https:\/\/fotsportegyesulet.hu\/wp-content\/uploads\/2020\/07\/eredeti-sz\u00ednes-vektoros-Fot-cimer-3.png","width":500,"height":500,"caption":"F\u00f3t Sportegyes\u00fclet"},"image":{"@id":"https:\/\/fotsportegyesulet.hu\/#\/schema\/logo\/image\/"},"sameAs":["https:\/\/www.facebook.com\/fotsportegyesulet\/"]}]}},"ticketed":false,"_links":{"self":[{"href":"https:\/\/fotsportegyesulet.hu\/index.php\/wp-json\/wp\/v2\/pages\/159","targetHints":{"allow":["GET"]}}],"collection":[{"href":"https:\/\/fotsportegyesulet.hu\/index.php\/wp-json\/wp\/v2\/pages"}],"about":[{"href":"https:\/\/fotsportegyesulet.hu\/index.php\/wp-json\/wp\/v2\/types\/page"}],"author":[{"embeddable":true,"href":"https:\/\/fotsportegyesulet.hu\/index.php\/wp-json\/wp\/v2\/users\/1"}],"replies":[{"embeddable":true,"href":"https:\/\/fotsportegyesulet.hu\/index.php\/wp-json\/wp\/v2\/comments?post=159"}],"version-history":[{"count":88,"href":"https:\/\/fotsportegyesulet.hu\/index.php\/wp-json\/wp\/v2\/pages\/159\/revisions"}],"predecessor-version":[{"id":8902,"href":"https:\/\/fotsportegyesulet.hu\/index.php\/wp-json\/wp\/v2\/pages\/159\/revisions\/8902"}],"wp:attachment":[{"href":"https:\/\/fotsportegyesulet.hu\/index.php\/wp-json\/wp\/v2\/media?parent=159"}],"curies":[{"name":"wp","href":"https:\/\/api.w.org\/{rel}","templated":true}]}}