{"id":1556,"date":"2020-09-10T10:32:00","date_gmt":"2020-09-10T08:32:00","guid":{"rendered":"https:\/\/fotsportegyesulet.hu\/?page_id=1556"},"modified":"2021-10-23T14:42:49","modified_gmt":"2021-10-23T12:42:49","slug":"kerekpar","status":"publish","type":"page","link":"https:\/\/fotsportegyesulet.hu\/index.php\/kerekpar\/","title":{"rendered":"KER\u00c9KP\u00c1R"},"content":{"rendered":"<div id=\"pl-1556\"  class=\"panel-layout\" ><div id=\"pg-1556-0\"  class=\"panel-grid panel-no-style\" ><div id=\"pgc-1556-0-0\"  class=\"panel-grid-cell panel-grid-cell-mobile-last\" ><div id=\"panel-1556-0-0-0\" class=\"so-panel widget widget_sow-editor panel-first-child panel-last-child\" data-index=\"0\" ><div\n\t\t\t\n\t\t\tclass=\"so-widget-sow-editor so-widget-sow-editor-base\"\n\t\t\t\n\t\t><h3 class=\"widget-title\">Edz\u00e9sek<\/h3>\n<div class=\"siteorigin-widget-tinymce textwidget\">\n\t<div id=\"pg-1556-1\" class=\"panel-grid panel-no-style\">\n<div id=\"pgc-1556-1-0\" class=\"panel-grid-cell\">\n<div id=\"panel-1556-1-0-0\" class=\"so-panel widget widget_text panel-first-child panel-last-child\" data-index=\"2\">\n<div class=\"textwidget\">\n<p><strong>F\u00f3ti t\u00f3, BMX p\u00e1lya<br \/>\n<\/strong>Kedd, cs\u00fct\u00f6rt\u00f6k: 16:30-18:00<\/p>\n<p>Tagd\u00edj: 7000 Ft\/f\u0151\/h\u00f3<\/p>\n<\/div>\n<\/div>\n<\/div>\n<\/div>\n<\/div>\n<\/div><\/div><\/div><div id=\"pgc-1556-0-1\"  class=\"panel-grid-cell panel-grid-cell-empty\" ><\/div><\/div><div id=\"pg-1556-1\"  class=\"panel-grid panel-no-style\" ><div id=\"pgc-1556-1-0\"  class=\"panel-grid-cell\" ><div id=\"panel-1556-1-0-0\" class=\"so-panel widget widget_text panel-first-child panel-last-child\" data-index=\"1\" ><h3 class=\"widget-title\">Szakoszt\u00e1lyvezet\u0151<\/h3>\t\t\t<div class=\"textwidget\"><p><strong>Federics R\u00e9ka<\/strong><br \/>\nTelefon: 06 20 516 4010<\/p>\n<\/div>\n\t\t<\/div><\/div><\/div><div id=\"pg-1556-2\"  class=\"panel-grid panel-no-style\" ><div id=\"pgc-1556-2-0\"  class=\"panel-grid-cell\" ><div id=\"panel-1556-2-0-0\" class=\"so-panel widget widget_text panel-first-child panel-last-child\" data-index=\"2\" ><h3 class=\"widget-title\">Edz\u0151<\/h3>\t\t\t<div class=\"textwidget\"><p><strong>K\u0151v\u00e1ri Bence<\/strong> vagyok, 22 \u00e9ves, t\u00f6rzsgy\u00f6keres f\u00f3ti lakos. A Garay sz\u00edneiben nevelkedtem, ezut\u00e1n Budapesten a Katona J\u00f3zsef Szakgimn\u00e1zium\u00e1ban folytattam tanulm\u00e1nyaimat, itt is \u00e9retts\u00e9giztem le, informatikus szakon. K\u00f6r\u00fclbel\u00fcl 10 \u00e9ve vagyok a BMX szerelmese, \u00e9s ez a szenved\u00e9ly a mai napig csak fokoz\u00f3dik napr\u00f3l-napra. Ez a sport megtan\u00edt a kitart\u00e1sra, a koncentr\u00e1ci\u00f3ra, \u00e9s m\u00e9g is egy szabads\u00e1g \u00e9rz\u00e9st ad, ez\u00e9rt v\u00e1lasztottam ezt a sportot. (Ezen k\u00edv\u00fcl a Ferencv\u00e1ros focist\u00e1ja voltam 13 \u00e9ven kereszt\u00fcl) 6-14 \u00e9ves gyerekekkel foglalkozom, \u00e9s nagyon fontosnak tartom azt, hogy megtal\u00e1ljam mindenkivel a k\u00f6z\u00f6s hangot, de h\u00e1l\u2019isten ez a &#8222;k\u00e9pess\u00e9gem&#8221; visszajelz\u00e9sek alapj\u00e1n nagyon fejlett.<\/p>\n<p>V\u00e9letlenszer\u0171en estem bele az edz\u0151sk\u00f6d\u00e9sbe, de \u00fagy \u00e9reztem egyb\u0151l, hogy haza\u00e9rtem \u00e9s ez az, amit csin\u00e1lni szeretn\u00e9k. Kis csapatunk m\u00e1r az els\u0151 verseny\u00e9n t\u00f6bb dobog\u00f3s helyez\u00e9st is \u00e9rt el, c\u00e9lunk ezt a j\u00f3 szok\u00e1sunkat megtartani! \u00c9s mi kellene t\u00f6bb egy sz\u00e9p naphoz, mint BMX-ezni a bar\u00e1tokkal, \u00e9s \u00f6r\u00fclni egym\u00e1s siker\u00e9nek?<\/p>\n<p>\u201eFSE BMX KIDS&#8221; A BMX-ez\u00e9s a szabads\u00e1gr\u00f3l \u00e9s a laza felfog\u00e1sr\u00f3l sz\u00f3l. Azonban, ha ez kord\u00e1ban van tartva, edz\u00e9sek keret\u00e9n bel\u00fcl akkor gyors\u00edtani lehet a fejl\u0151d\u00e9st, \u00e9s el lehet ker\u00fclni az \u00e9rtelmetlen s\u00e9r\u00fcl\u00e9seket. C\u00e9lunk, hogy egy biztos alapot adjunk a BMX elsaj\u00e1t\u00edt\u00e1s\u00e1hoz, ami ut\u00e1n rajtad \u00e1ll, hogy milyen st\u00edlusban biciklizel. Kreativit\u00e1sban hat\u00e1r a csillagos\u00e9g. Itt az edz\u0151t ink\u00e1bb nevezn\u00e9m mentornak, aki seg\u00edt elsaj\u00e1t\u00edtani az alap tr\u00fckk\u00f6ket, ugrat\u00e1sokat. Fontos, hogy megmaradjon a BMX-ez\u00e9s szabads\u00e1ga, \u00e9s j\u00f3 bar\u00e1ts\u00e1gok \u00e9p\u00fcljenek a csapatban, amib\u0151l nincs hi\u00e1ny!<\/p>\n<\/div>\n\t\t<\/div><\/div><\/div><div id=\"pg-1556-3\"  class=\"panel-grid panel-no-style\" ><div id=\"pgc-1556-3-0\"  class=\"panel-grid-cell panel-grid-cell-empty\" ><\/div><\/div><div id=\"pg-1556-4\"  class=\"panel-grid panel-no-style\" ><div id=\"pgc-1556-4-0\"  class=\"panel-grid-cell\" ><div id=\"panel-1556-4-0-0\" class=\"so-panel widget widget_sporty-gridposts-widget panel-first-child panel-last-child\" data-index=\"3\" ><div class=\"masonry-grid\">\n<div id=\"two-columns\" data-columns> \n<article class=\"post\">\n    <div class=\"post-2385 post type-post status-publish format-standard has-post-thumbnail hentry category-hirek category-kerekpar tag-bmx tag-uj-szakosztaly\"  id=\"post-2385\">\n      \n    <figure>\n         \n        <ul class=\"sporty-masonry-cats\">\n            <li><a href=\"https:\/\/fotsportegyesulet.hu\/index.php\/category\/hirek\/\" rel=\"category tag\">H\u00edrek<\/a><\/li><li><a href=\"https:\/\/fotsportegyesulet.hu\/index.php\/category\/kerekpar\/\" rel=\"category tag\">Ker\u00e9kp\u00e1r<\/a><\/li>\n        <\/ul>\n                <a href=\"https:\/\/fotsportegyesulet.hu\/index.php\/2021\/05\/11\/az-egyesuletunk-uj-szakosztalyabmx\/\">\n            <img decoding=\"async\" src=\"https:\/\/fotsportegyesulet.hu\/wp-content\/uploads\/2021\/05\/csoportkep-956x455-1.jpg\" alt=\"Az egyes\u00fclet\u00fcnk \u00faj szakoszt\u00e1lya:BMX\" \/>\n        <\/a>\n    <\/figure>\n            <div class=\"postbox\">  \n            <div class=\"date-without-thumb\"><a class=\"postbox-date\" href=\"https:\/\/fotsportegyesulet.hu\/index.php\/2021\/05\/11\/az-egyesuletunk-uj-szakosztalyabmx\/\">2021.05.11.<\/a><\/div>\n            <h3>\n                <a href=\"https:\/\/fotsportegyesulet.hu\/index.php\/2021\/05\/11\/az-egyesuletunk-uj-szakosztalyabmx\/\">Az egyes\u00fclet\u00fcnk \u00faj szakoszt\u00e1lya:BMX<\/a>\n            <\/h3>\n            <p>Az edz\u00e9sek legjobb r\u00e9sze, mikor valakinek siker\u00fcl egy \u00faj tr\u00fckk\u00f6t, mozdulatot beadnia.<\/p>\n        <\/div>    \n    <\/div>\n<\/article><article class=\"post\">\n    <div class=\"post-1796 post type-post status-publish format-standard has-post-thumbnail hentry category-hirek category-kerekpar\"  id=\"post-1796\">\n      \n    <figure>\n         \n        <ul class=\"sporty-masonry-cats\">\n            <li><a href=\"https:\/\/fotsportegyesulet.hu\/index.php\/category\/hirek\/\" rel=\"category tag\">H\u00edrek<\/a><\/li><li><a href=\"https:\/\/fotsportegyesulet.hu\/index.php\/category\/kerekpar\/\" rel=\"category tag\">Ker\u00e9kp\u00e1r<\/a><\/li>\n        <\/ul>\n                <a href=\"https:\/\/fotsportegyesulet.hu\/index.php\/2020\/10\/06\/bemutatjuk-a-kerekparos-szakosztalyt\/\">\n            <img decoding=\"async\" src=\"https:\/\/fotsportegyesulet.hu\/wp-content\/uploads\/2020\/10\/20201001_155046.jpg\" alt=\"Bemutatjuk a ker\u00e9kp\u00e1ros szakoszt\u00e1lyt\" \/>\n        <\/a>\n    <\/figure>\n            <div class=\"postbox\">  \n            <div class=\"date-without-thumb\"><a class=\"postbox-date\" href=\"https:\/\/fotsportegyesulet.hu\/index.php\/2020\/10\/06\/bemutatjuk-a-kerekparos-szakosztalyt\/\">2020.10.06.<\/a><\/div>\n            <h3>\n                <a href=\"https:\/\/fotsportegyesulet.hu\/index.php\/2020\/10\/06\/bemutatjuk-a-kerekparos-szakosztalyt\/\">Bemutatjuk a ker\u00e9kp\u00e1ros szakoszt\u00e1lyt<\/a>\n            <\/h3>\n            <p>Megalakult a F\u00f3t SE ker\u00e9kp\u00e1ros szakoszt\u00e1lya.<\/p>\n        <\/div>    \n    <\/div>\n<\/article><article class=\"post\">\n    <div class=\"post-1773 post type-post status-publish format-standard has-post-thumbnail hentry category-hirek category-kerekpar\"  id=\"post-1773\">\n      \n    <figure>\n         \n        <ul class=\"sporty-masonry-cats\">\n            <li><a href=\"https:\/\/fotsportegyesulet.hu\/index.php\/category\/hirek\/\" rel=\"category tag\">H\u00edrek<\/a><\/li><li><a href=\"https:\/\/fotsportegyesulet.hu\/index.php\/category\/kerekpar\/\" rel=\"category tag\">Ker\u00e9kp\u00e1r<\/a><\/li>\n        <\/ul>\n                <a href=\"https:\/\/fotsportegyesulet.hu\/index.php\/2020\/10\/04\/lavanyos-kerekparos-video\/\">\n            <img decoding=\"async\" src=\"https:\/\/fotsportegyesulet.hu\/wp-content\/uploads\/2020\/10\/bicaj.jpg\" alt=\"L\u00e1v\u00e1nyos, dr\u00f3nos ker\u00e9kp\u00e1ros vide\u00f3\" \/>\n        <\/a>\n    <\/figure>\n            <div class=\"postbox\">  \n            <div class=\"date-without-thumb\"><a class=\"postbox-date\" href=\"https:\/\/fotsportegyesulet.hu\/index.php\/2020\/10\/04\/lavanyos-kerekparos-video\/\">2020.10.04.<\/a><\/div>\n            <h3>\n                <a href=\"https:\/\/fotsportegyesulet.hu\/index.php\/2020\/10\/04\/lavanyos-kerekparos-video\/\">L\u00e1v\u00e1nyos, dr\u00f3nos ker\u00e9kp\u00e1ros vide\u00f3<\/a>\n            <\/h3>\n            <p>K\u00f6v\u00e1ri Bence \u00e9s csapata nagyszer\u0171 vide\u00f3t k\u00e9sz\u00edtett.<\/p>\n        <\/div>    \n    <\/div>\n<\/article><\/div>\n<\/div>    \n<\/div><\/div><div id=\"pgc-1556-4-1\"  class=\"panel-grid-cell\" ><div id=\"panel-1556-4-1-0\" class=\"widget_text so-panel widget widget_custom_html panel-first-child panel-last-child\" data-index=\"4\" ><h3 class=\"widget-title\">K\u00d6VESS MINKET!<\/h3><div class=\"textwidget custom-html-widget\"><iframe loading=\"lazy\" src=\"https:\/\/www.facebook.com\/plugins\/page.php?href=https%3A%2F%2Fwww.facebook.com%2Ffotsportegyesulet%2F&tabs=timeline&width=340&height=300&small_header=true&adapt_container_width=false&hide_cover=false&show_facepile=true&appId\" width=\"340\" height=\"300\" style=\"border:none;overflow:hidden\" scrolling=\"no\" frameborder=\"0\" allowtransparency=\"true\" allow=\"encrypted-media\"><\/iframe><\/div><\/div><\/div><\/div><\/div>","protected":false},"excerpt":{"rendered":"<p>Edz\u00e9sek F\u00f3ti t\u00f3, BMX p\u00e1lya Kedd, cs\u00fct\u00f6rt\u00f6k: 16:30-18:00 Tagd\u00edj: 7000 Ft\/f\u0151\/h\u00f3 Szakoszt\u00e1lyvezet\u0151 Federics R\u00e9ka Telefon: 06 20 516 4010 Edz\u0151 K\u0151v\u00e1ri Bence vagyok, 22 \u00e9ves, t\u00f6rzsgy\u00f6keres f\u00f3ti lakos. A Garay&#8230;<\/p>\n","protected":false},"author":3,"featured_media":0,"parent":0,"menu_order":0,"comment_status":"closed","ping_status":"closed","template":"","meta":{"_bbp_topic_count":0,"_bbp_reply_count":0,"_bbp_total_topic_count":0,"_bbp_total_reply_count":0,"_bbp_voice_count":0,"_bbp_anonymous_reply_count":0,"_bbp_topic_count_hidden":0,"_bbp_reply_count_hidden":0,"_bbp_forum_subforum_count":0,"_price":"","_stock":"","_tribe_ticket_header":"","_tribe_default_ticket_provider":"","_ticket_start_date":"","_ticket_end_date":"","_tribe_ticket_show_description":"","_tribe_ticket_show_not_going":false,"_tribe_ticket_use_global_stock":"","_tribe_ticket_global_stock_level":"","_global_stock_mode":"","_global_stock_cap":"","_tribe_rsvp_for_event":"","_tribe_ticket_going_count":"","_tribe_ticket_not_going_count":"","_tribe_tickets_list":"[]","_tribe_ticket_has_attendee_info_fields":false,"footnotes":"","_tec_slr_enabled":"","_tec_slr_layout":""},"class_list":["post-1556","page","type-page","status-publish","hentry"],"yoast_head":"<!-- This site is optimized with the Yoast SEO plugin v25.7 - https:\/\/yoast.com\/wordpress\/plugins\/seo\/ -->\n<title>KER\u00c9KP\u00c1R - F\u00d3T SPORTEGYES\u00dcLET<\/title>\n<meta name=\"robots\" content=\"index, follow, max-snippet:-1, max-image-preview:large, max-video-preview:-1\" \/>\n<link rel=\"canonical\" href=\"https:\/\/fotsportegyesulet.hu\/index.php\/kerekpar\/\" \/>\n<meta property=\"og:locale\" content=\"hu_HU\" \/>\n<meta property=\"og:type\" content=\"article\" \/>\n<meta property=\"og:title\" content=\"KER\u00c9KP\u00c1R - F\u00d3T SPORTEGYES\u00dcLET\" \/>\n<meta property=\"og:description\" content=\"Edz\u00e9sek F\u00f3ti t\u00f3, BMX p\u00e1lya Kedd, cs\u00fct\u00f6rt\u00f6k: 16:30-18:00 Tagd\u00edj: 7000 Ft\/f\u0151\/h\u00f3 Szakoszt\u00e1lyvezet\u0151 Federics R\u00e9ka Telefon: 06 20 516 4010 Edz\u0151 K\u0151v\u00e1ri Bence vagyok, 22 \u00e9ves, t\u00f6rzsgy\u00f6keres f\u00f3ti lakos. A Garay...\" \/>\n<meta property=\"og:url\" content=\"https:\/\/fotsportegyesulet.hu\/index.php\/kerekpar\/\" \/>\n<meta property=\"og:site_name\" content=\"F\u00d3T SPORTEGYES\u00dcLET\" \/>\n<meta property=\"article:publisher\" content=\"https:\/\/www.facebook.com\/fotsportegyesulet\/\" \/>\n<meta property=\"article:modified_time\" content=\"2021-10-23T12:42:49+00:00\" \/>\n<meta property=\"og:image\" content=\"https:\/\/fotsportegyesulet.hu\/wp-content\/uploads\/2017\/04\/cimlap_minta.jpg\" \/>\n\t<meta property=\"og:image:width\" content=\"1200\" \/>\n\t<meta property=\"og:image:height\" content=\"628\" \/>\n\t<meta property=\"og:image:type\" content=\"image\/jpeg\" \/>\n<meta name=\"twitter:card\" content=\"summary_large_image\" \/>\n<meta name=\"twitter:label1\" content=\"Becs\u00fclt olvas\u00e1si id\u0151\" \/>\n\t<meta name=\"twitter:data1\" content=\"2 perc\" \/>\n<script type=\"application\/ld+json\" class=\"yoast-schema-graph\">{\"@context\":\"https:\/\/schema.org\",\"@graph\":[{\"@type\":\"WebPage\",\"@id\":\"https:\/\/fotsportegyesulet.hu\/index.php\/kerekpar\/\",\"url\":\"https:\/\/fotsportegyesulet.hu\/index.php\/kerekpar\/\",\"name\":\"KER\u00c9KP\u00c1R - F\u00d3T SPORTEGYES\u00dcLET\",\"isPartOf\":{\"@id\":\"https:\/\/fotsportegyesulet.hu\/#website\"},\"datePublished\":\"2020-09-10T08:32:00+00:00\",\"dateModified\":\"2021-10-23T12:42:49+00:00\",\"breadcrumb\":{\"@id\":\"https:\/\/fotsportegyesulet.hu\/index.php\/kerekpar\/#breadcrumb\"},\"inLanguage\":\"hu\",\"potentialAction\":[{\"@type\":\"ReadAction\",\"target\":[\"https:\/\/fotsportegyesulet.hu\/index.php\/kerekpar\/\"]}]},{\"@type\":\"BreadcrumbList\",\"@id\":\"https:\/\/fotsportegyesulet.hu\/index.php\/kerekpar\/#breadcrumb\",\"itemListElement\":[{\"@type\":\"ListItem\",\"position\":1,\"name\":\"Kezd\u0151lap\",\"item\":\"https:\/\/fotsportegyesulet.hu\/\"},{\"@type\":\"ListItem\",\"position\":2,\"name\":\"KER\u00c9KP\u00c1R\"}]},{\"@type\":\"WebSite\",\"@id\":\"https:\/\/fotsportegyesulet.hu\/#website\",\"url\":\"https:\/\/fotsportegyesulet.hu\/\",\"name\":\"F\u00d3T SPORTEGYES\u00dcLET\",\"description\":\"\",\"publisher\":{\"@id\":\"https:\/\/fotsportegyesulet.hu\/#organization\"},\"potentialAction\":[{\"@type\":\"SearchAction\",\"target\":{\"@type\":\"EntryPoint\",\"urlTemplate\":\"https:\/\/fotsportegyesulet.hu\/?s={search_term_string}\"},\"query-input\":{\"@type\":\"PropertyValueSpecification\",\"valueRequired\":true,\"valueName\":\"search_term_string\"}}],\"inLanguage\":\"hu\"},{\"@type\":\"Organization\",\"@id\":\"https:\/\/fotsportegyesulet.hu\/#organization\",\"name\":\"F\u00f3t Sportegyes\u00fclet\",\"url\":\"https:\/\/fotsportegyesulet.hu\/\",\"logo\":{\"@type\":\"ImageObject\",\"inLanguage\":\"hu\",\"@id\":\"https:\/\/fotsportegyesulet.hu\/#\/schema\/logo\/image\/\",\"url\":\"https:\/\/fotsportegyesulet.hu\/wp-content\/uploads\/2020\/07\/eredeti-sz\u00ednes-vektoros-Fot-cimer-3.png\",\"contentUrl\":\"https:\/\/fotsportegyesulet.hu\/wp-content\/uploads\/2020\/07\/eredeti-sz\u00ednes-vektoros-Fot-cimer-3.png\",\"width\":500,\"height\":500,\"caption\":\"F\u00f3t Sportegyes\u00fclet\"},\"image\":{\"@id\":\"https:\/\/fotsportegyesulet.hu\/#\/schema\/logo\/image\/\"},\"sameAs\":[\"https:\/\/www.facebook.com\/fotsportegyesulet\/\"]}]}<\/script>\n<!-- \/ Yoast SEO plugin. -->","yoast_head_json":{"title":"KER\u00c9KP\u00c1R - F\u00d3T SPORTEGYES\u00dcLET","robots":{"index":"index","follow":"follow","max-snippet":"max-snippet:-1","max-image-preview":"max-image-preview:large","max-video-preview":"max-video-preview:-1"},"canonical":"https:\/\/fotsportegyesulet.hu\/index.php\/kerekpar\/","og_locale":"hu_HU","og_type":"article","og_title":"KER\u00c9KP\u00c1R - F\u00d3T SPORTEGYES\u00dcLET","og_description":"Edz\u00e9sek F\u00f3ti t\u00f3, BMX p\u00e1lya Kedd, cs\u00fct\u00f6rt\u00f6k: 16:30-18:00 Tagd\u00edj: 7000 Ft\/f\u0151\/h\u00f3 Szakoszt\u00e1lyvezet\u0151 Federics R\u00e9ka Telefon: 06 20 516 4010 Edz\u0151 K\u0151v\u00e1ri Bence vagyok, 22 \u00e9ves, t\u00f6rzsgy\u00f6keres f\u00f3ti lakos. A Garay...","og_url":"https:\/\/fotsportegyesulet.hu\/index.php\/kerekpar\/","og_site_name":"F\u00d3T SPORTEGYES\u00dcLET","article_publisher":"https:\/\/www.facebook.com\/fotsportegyesulet\/","article_modified_time":"2021-10-23T12:42:49+00:00","og_image":[{"width":1200,"height":628,"url":"https:\/\/fotsportegyesulet.hu\/wp-content\/uploads\/2017\/04\/cimlap_minta.jpg","type":"image\/jpeg"}],"twitter_card":"summary_large_image","twitter_misc":{"Becs\u00fclt olvas\u00e1si id\u0151":"2 perc"},"schema":{"@context":"https:\/\/schema.org","@graph":[{"@type":"WebPage","@id":"https:\/\/fotsportegyesulet.hu\/index.php\/kerekpar\/","url":"https:\/\/fotsportegyesulet.hu\/index.php\/kerekpar\/","name":"KER\u00c9KP\u00c1R - F\u00d3T SPORTEGYES\u00dcLET","isPartOf":{"@id":"https:\/\/fotsportegyesulet.hu\/#website"},"datePublished":"2020-09-10T08:32:00+00:00","dateModified":"2021-10-23T12:42:49+00:00","breadcrumb":{"@id":"https:\/\/fotsportegyesulet.hu\/index.php\/kerekpar\/#breadcrumb"},"inLanguage":"hu","potentialAction":[{"@type":"ReadAction","target":["https:\/\/fotsportegyesulet.hu\/index.php\/kerekpar\/"]}]},{"@type":"BreadcrumbList","@id":"https:\/\/fotsportegyesulet.hu\/index.php\/kerekpar\/#breadcrumb","itemListElement":[{"@type":"ListItem","position":1,"name":"Kezd\u0151lap","item":"https:\/\/fotsportegyesulet.hu\/"},{"@type":"ListItem","position":2,"name":"KER\u00c9KP\u00c1R"}]},{"@type":"WebSite","@id":"https:\/\/fotsportegyesulet.hu\/#website","url":"https:\/\/fotsportegyesulet.hu\/","name":"F\u00d3T SPORTEGYES\u00dcLET","description":"","publisher":{"@id":"https:\/\/fotsportegyesulet.hu\/#organization"},"potentialAction":[{"@type":"SearchAction","target":{"@type":"EntryPoint","urlTemplate":"https:\/\/fotsportegyesulet.hu\/?s={search_term_string}"},"query-input":{"@type":"PropertyValueSpecification","valueRequired":true,"valueName":"search_term_string"}}],"inLanguage":"hu"},{"@type":"Organization","@id":"https:\/\/fotsportegyesulet.hu\/#organization","name":"F\u00f3t Sportegyes\u00fclet","url":"https:\/\/fotsportegyesulet.hu\/","logo":{"@type":"ImageObject","inLanguage":"hu","@id":"https:\/\/fotsportegyesulet.hu\/#\/schema\/logo\/image\/","url":"https:\/\/fotsportegyesulet.hu\/wp-content\/uploads\/2020\/07\/eredeti-sz\u00ednes-vektoros-Fot-cimer-3.png","contentUrl":"https:\/\/fotsportegyesulet.hu\/wp-content\/uploads\/2020\/07\/eredeti-sz\u00ednes-vektoros-Fot-cimer-3.png","width":500,"height":500,"caption":"F\u00f3t Sportegyes\u00fclet"},"image":{"@id":"https:\/\/fotsportegyesulet.hu\/#\/schema\/logo\/image\/"},"sameAs":["https:\/\/www.facebook.com\/fotsportegyesulet\/"]}]}},"ticketed":false,"_links":{"self":[{"href":"https:\/\/fotsportegyesulet.hu\/index.php\/wp-json\/wp\/v2\/pages\/1556","targetHints":{"allow":["GET"]}}],"collection":[{"href":"https:\/\/fotsportegyesulet.hu\/index.php\/wp-json\/wp\/v2\/pages"}],"about":[{"href":"https:\/\/fotsportegyesulet.hu\/index.php\/wp-json\/wp\/v2\/types\/page"}],"author":[{"embeddable":true,"href":"https:\/\/fotsportegyesulet.hu\/index.php\/wp-json\/wp\/v2\/users\/3"}],"replies":[{"embeddable":true,"href":"https:\/\/fotsportegyesulet.hu\/index.php\/wp-json\/wp\/v2\/comments?post=1556"}],"version-history":[{"count":31,"href":"https:\/\/fotsportegyesulet.hu\/index.php\/wp-json\/wp\/v2\/pages\/1556\/revisions"}],"predecessor-version":[{"id":2991,"href":"https:\/\/fotsportegyesulet.hu\/index.php\/wp-json\/wp\/v2\/pages\/1556\/revisions\/2991"}],"wp:attachment":[{"href":"https:\/\/fotsportegyesulet.hu\/index.php\/wp-json\/wp\/v2\/media?parent=1556"}],"curies":[{"name":"wp","href":"https:\/\/api.w.org\/{rel}","templated":true}]}}