{"id":147,"date":"2019-07-03T12:48:40","date_gmt":"2019-07-03T12:48:40","guid":{"rendered":"https:\/\/fotsportegyesulet.hu\/?page_id=147"},"modified":"2026-01-12T12:02:33","modified_gmt":"2026-01-12T11:02:33","slug":"judo","status":"publish","type":"page","link":"https:\/\/fotsportegyesulet.hu\/index.php\/judo\/","title":{"rendered":"JUDO"},"content":{"rendered":"<div id=\"pl-147\"  class=\"panel-layout\" ><div id=\"pg-147-0\"  class=\"panel-grid panel-no-style\" ><div id=\"pgc-147-0-0\"  class=\"panel-grid-cell\" ><div id=\"panel-147-0-0-0\" class=\"so-panel widget widget_sow-button panel-first-child panel-last-child\" data-index=\"0\" ><div\n\t\t\t\n\t\t\tclass=\"so-widget-sow-button so-widget-sow-button-flat-eaf208ef42a1-147\"\n\t\t\t\n\t\t><div class=\"ow-button-base ow-button-align-center\"\n>\n\t\t\t<a\n\t\t\t\tclass=\"sowb-button ow-icon-placement-left ow-button-hover\" \t>\n\t\t<span>\n\t\t\t\n\t\t\tKETTLEBELL\t\t<\/span>\n\t\t\t<\/a>\n\t<\/div>\n<\/div><\/div><\/div><div id=\"pgc-147-0-1\"  class=\"panel-grid-cell\" ><div id=\"panel-147-0-1-0\" class=\"so-panel widget widget_sow-button panel-first-child panel-last-child\" data-index=\"1\" ><div\n\t\t\t\n\t\t\tclass=\"so-widget-sow-button so-widget-sow-button-flat-eaf208ef42a1-147\"\n\t\t\t\n\t\t><div class=\"ow-button-base ow-button-align-center\"\n>\n\t\t\t<a\n\t\t\t\tclass=\"sowb-button ow-icon-placement-left ow-button-hover\" \t>\n\t\t<span>\n\t\t\t\n\t\t\tSZEM\u00c9LYI EDZ\u00c9S\t\t<\/span>\n\t\t\t<\/a>\n\t<\/div>\n<\/div><\/div><\/div><\/div><div id=\"pg-147-1\"  class=\"panel-grid panel-no-style\" ><div id=\"pgc-147-1-0\"  class=\"panel-grid-cell\" ><div id=\"panel-147-1-0-0\" class=\"so-panel widget widget_text panel-first-child panel-last-child\" data-index=\"2\" ><h3 class=\"widget-title\">Judo szakoszt\u00e1ly<\/h3>\t\t\t<div class=\"textwidget\"><p>Szakoszt\u00e1lyvezet\u0151, edz\u0151: <strong>Szil\u00e1gyi G\u00e1bor (edz\u0151)<br \/>\n<\/strong>Mobil: 06 20 204 2702<\/p>\n<\/div>\n\t\t<\/div><\/div><div id=\"pgc-147-1-1\"  class=\"panel-grid-cell panel-grid-cell-empty\" ><\/div><div id=\"pgc-147-1-2\"  class=\"panel-grid-cell\" ><div id=\"panel-147-1-2-0\" class=\"so-panel widget widget_media_image panel-first-child panel-last-child\" data-index=\"3\" ><img loading=\"lazy\" decoding=\"async\" width=\"257\" height=\"300\" src=\"https:\/\/fotsportegyesulet.hu\/wp-content\/uploads\/2026\/01\/Musashi_dojo_LQ-008-257x300.jpg\" class=\"image wp-image-15239  attachment-medium size-medium\" alt=\"\" style=\"max-width: 100%; height: auto;\" srcset=\"https:\/\/fotsportegyesulet.hu\/wp-content\/uploads\/2026\/01\/Musashi_dojo_LQ-008-257x300.jpg 257w, https:\/\/fotsportegyesulet.hu\/wp-content\/uploads\/2026\/01\/Musashi_dojo_LQ-008.jpg 325w\" sizes=\"auto, (max-width: 257px) 100vw, 257px\" \/><\/div><\/div><\/div><div id=\"pg-147-2\"  class=\"panel-grid panel-no-style\" ><div id=\"pgc-147-2-0\"  class=\"panel-grid-cell\" ><div id=\"panel-147-2-0-0\" class=\"so-panel widget widget_text panel-first-child\" data-index=\"4\" ><h3 class=\"widget-title\">Szil\u00e1gyi G\u00e1bor (edz\u0151)<\/h3>\t\t\t<div class=\"textwidget\"><ul>\n<li>Judo 2DAN<\/li>\n<li>Jiu-jitsu 2DAN<\/li>\n<li>Brazil jiujitsu lila \u00f6v<\/li>\n<li>Kettlebell instructor<\/li>\n<\/ul>\n<p style=\"text-align: justify;\">Folyamatosan lehet csatlakozni a rendszeres judo edz\u00e9sekhez, ahov\u00e1 nagy szeretettel v\u00e1runk minden koroszt\u00e1ly k\u00e9pvisel\u0151it, akiket \u00e9rdekel napjaink egyik legn\u00e9pszer\u0171bb olimpiai k\u00fczd\u0151sportja. Az edz\u00e9sek j\u00e1t\u00e9kos jelleg\u0171ek, c\u00e9lunk a judo alapjainak megismertet\u00e9se a gyermek erk\u00f6lcsi, fizikai \u00e9s \u00e9rtelmi fejleszt\u00e9se. A k\u00e9s\u0151bbiek sor\u00e1n lehet\u0151s\u00e9g ny\u00edlik versenyz\u00e9sre a szakoszt\u00e1lyunk igazolt versenyz\u0151jek\u00e9nt.<\/p>\n<p>A szakoszt\u00e1lyunk versenyz\u0151i minden \u00e9vben kiemelked\u0151 eredm\u00e9nyekkel b\u00fcszk\u00e9lkedhetnek.<\/p>\n<\/div>\n\t\t<\/div><div id=\"panel-147-2-0-1\" class=\"so-panel widget widget_text\" data-index=\"5\" ><h3 class=\"widget-title\">Helysz\u00edn:<\/h3>\t\t\t<div class=\"textwidget\"><p>Edz\u00e9sek a F\u00f3ti SE judo szakoszt\u00e1ly term\u00e9ben: <strong>F\u00f3t, Kossuth Lajos u. 36.<\/strong><\/p>\n<\/div>\n\t\t<\/div><div id=\"panel-147-2-0-2\" class=\"so-panel widget widget_text\" data-index=\"6\" ><h3 class=\"widget-title\">A foglalkoz\u00e1sok id\u0151pontjai koroszt\u00e1lyonk\u00e9nt:<\/h3>\t\t\t<div class=\"textwidget\"><p>4 \u2013 6 \u00e9vesek:<br \/>\nkedd, cs\u00fct\u00f6rt\u00f6k: 16:00-16:45<\/p>\n<p>6-10 \u00e9vesek:<br \/>\nkedd, cs\u00fct\u00f6rt\u00f6k: 17:00-18:00<\/p>\n<p>10 \u00e9ves kort\u00f3l:<br \/>\nkedd, cs\u00fct\u00f6rt\u00f6k: 18:00-19:00<\/p>\n<p>Keretedz\u00e9s:<br \/>\nh\u00e9tf\u0151, szerda: 16:30-17:30<\/p>\n<\/div>\n\t\t<\/div><div id=\"panel-147-2-0-3\" class=\"so-panel widget widget_text panel-last-child\" data-index=\"7\" ><h3 class=\"widget-title\">Tagd\u00edj:<\/h3>\t\t\t<div class=\"textwidget\"><p>Felt\u00f6lt\u00e9s alatt<\/p>\n<\/div>\n\t\t<\/div><\/div><\/div><div id=\"pg-147-3\"  class=\"panel-grid panel-no-style\" ><div id=\"pgc-147-3-0\"  class=\"panel-grid-cell\" ><div id=\"panel-147-3-0-0\" class=\"so-panel widget widget_sporty-gridposts-widget panel-first-child panel-last-child\" data-index=\"8\" ><h3 class=\"widget-title\">Judo h\u00edrek<\/h3><div class=\"masonry-grid\">\n<div id=\"two-columns\" data-columns> \n<article class=\"post\">\n    <div class=\"post-15615 post type-post status-publish format-standard has-post-thumbnail hentry category-hirek category-judo\"  id=\"post-15615\">\n      \n    <figure>\n         \n        <ul class=\"sporty-masonry-cats\">\n            <li><a href=\"https:\/\/fotsportegyesulet.hu\/index.php\/category\/hirek\/\" rel=\"category tag\">H\u00edrek<\/a><\/li><li><a href=\"https:\/\/fotsportegyesulet.hu\/index.php\/category\/judo\/\" rel=\"category tag\">Judo<\/a><\/li>\n        <\/ul>\n                <a href=\"https:\/\/fotsportegyesulet.hu\/index.php\/2026\/03\/26\/fse-siker-a-sosz-hiszek-benned-palyazatan-2026-ban-is\/\">\n            <img decoding=\"async\" src=\"https:\/\/fotsportegyesulet.hu\/wp-content\/uploads\/2025\/03\/kiemelet-kep-_-956_446.jpg\" alt=\"FSE siker a SOSZ Hiszek Benned p\u00e1ly\u00e1zat\u00e1n\" \/>\n        <\/a>\n    <\/figure>\n            <div class=\"postbox\">  \n            <div class=\"date-without-thumb\"><a class=\"postbox-date\" href=\"https:\/\/fotsportegyesulet.hu\/index.php\/2026\/03\/26\/fse-siker-a-sosz-hiszek-benned-palyazatan-2026-ban-is\/\">2026.03.26.<\/a><\/div>\n            <h3>\n                <a href=\"https:\/\/fotsportegyesulet.hu\/index.php\/2026\/03\/26\/fse-siker-a-sosz-hiszek-benned-palyazatan-2026-ban-is\/\">FSE siker a SOSZ Hiszek Benned p\u00e1ly\u00e1zat\u00e1n<\/a>\n            <\/h3>\n            <p>A befolyt \u00f6sszegb\u0151l k\u00e9t szakoszt\u00e1lyunk kapott t\u00e1mogat\u00e1st.<\/p>\n        <\/div>    \n    <\/div>\n<\/article><article class=\"post\">\n    <div class=\"post-3564 post type-post status-publish format-standard has-post-thumbnail hentry category-hirek category-judo\"  id=\"post-3564\">\n      \n    <figure>\n         \n        <ul class=\"sporty-masonry-cats\">\n            <li><a href=\"https:\/\/fotsportegyesulet.hu\/index.php\/category\/hirek\/\" rel=\"category tag\">H\u00edrek<\/a><\/li><li><a href=\"https:\/\/fotsportegyesulet.hu\/index.php\/category\/judo\/\" rel=\"category tag\">Judo<\/a><\/li>\n        <\/ul>\n                <a href=\"https:\/\/fotsportegyesulet.hu\/index.php\/2022\/04\/28\/gratulalunk-judosainknak\/\">\n            <img decoding=\"async\" src=\"https:\/\/fotsportegyesulet.hu\/wp-content\/uploads\/2022\/04\/279220585_413441287261790_381766995072501204_n_956x455.jpg\" alt=\"Gratul\u00e1lunk judosainknak \u00e9s edz\u0151j\u00fcknek Szil\u00e1gyi G\u00e1bornak!\" \/>\n        <\/a>\n    <\/figure>\n            <div class=\"postbox\">  \n            <div class=\"date-without-thumb\"><a class=\"postbox-date\" href=\"https:\/\/fotsportegyesulet.hu\/index.php\/2022\/04\/28\/gratulalunk-judosainknak\/\">2022.04.28.<\/a><\/div>\n            <h3>\n                <a href=\"https:\/\/fotsportegyesulet.hu\/index.php\/2022\/04\/28\/gratulalunk-judosainknak\/\">Gratul\u00e1lunk judosainknak \u00e9s edz\u0151j\u00fcknek Szil\u00e1gyi G\u00e1bornak!<\/a>\n            <\/h3>\n            <p>Szombaton a Global grappling bajnoks\u00e1gon j\u00e1rtak judosaink, ahol ism\u00e9t remek\u00fcl teljes\u00edtettek!<\/p>\n        <\/div>    \n    <\/div>\n<\/article><article class=\"post\">\n    <div class=\"post-3222 post type-post status-publish format-standard has-post-thumbnail hentry category-hirek category-judo\"  id=\"post-3222\">\n      \n    <figure>\n         \n        <ul class=\"sporty-masonry-cats\">\n            <li><a href=\"https:\/\/fotsportegyesulet.hu\/index.php\/category\/hirek\/\" rel=\"category tag\">H\u00edrek<\/a><\/li><li><a href=\"https:\/\/fotsportegyesulet.hu\/index.php\/category\/judo\/\" rel=\"category tag\">Judo<\/a><\/li>\n        <\/ul>\n                <a href=\"https:\/\/fotsportegyesulet.hu\/index.php\/2022\/02\/17\/global-grappling-magyar-bajnoksagan\/\">\n            <img decoding=\"async\" src=\"https:\/\/fotsportegyesulet.hu\/wp-content\/uploads\/2022\/02\/Magyar-bajnoksag-1_955_456-webre.jpg\" alt=\"Global Grappling Magyar Bajnoks\u00e1g\" \/>\n        <\/a>\n    <\/figure>\n            <div class=\"postbox\">  \n            <div class=\"date-without-thumb\"><a class=\"postbox-date\" href=\"https:\/\/fotsportegyesulet.hu\/index.php\/2022\/02\/17\/global-grappling-magyar-bajnoksagan\/\">2022.02.17.<\/a><\/div>\n            <h3>\n                <a href=\"https:\/\/fotsportegyesulet.hu\/index.php\/2022\/02\/17\/global-grappling-magyar-bajnoksagan\/\">Global Grappling Magyar Bajnoks\u00e1g<\/a>\n            <\/h3>\n            <p>Judosaink nagyon sz\u00e9p eredm\u00e9nyeket \u00e9rtek el h\u00e9tv\u00e9g\u00e9n a Global Grappling Magyar Bajnoks\u00e1g\u00e1n.<\/p>\n        <\/div>    \n    <\/div>\n<\/article><article class=\"post\">\n    <div class=\"post-2467 post type-post status-publish format-standard has-post-thumbnail hentry category-hirek category-judo\"  id=\"post-2467\">\n      \n    <figure>\n         \n        <ul class=\"sporty-masonry-cats\">\n            <li><a href=\"https:\/\/fotsportegyesulet.hu\/index.php\/category\/hirek\/\" rel=\"category tag\">H\u00edrek<\/a><\/li><li><a href=\"https:\/\/fotsportegyesulet.hu\/index.php\/category\/judo\/\" rel=\"category tag\">Judo<\/a><\/li>\n        <\/ul>\n                <a href=\"https:\/\/fotsportegyesulet.hu\/index.php\/2021\/05\/23\/judo-napkozis-tabor\/\">\n            <img decoding=\"async\" src=\"https:\/\/fotsportegyesulet.hu\/wp-content\/uploads\/2021\/05\/956x455_judo-1024x487.jpg\" alt=\"Judo napk\u00f6zis t\u00e1bor\" \/>\n        <\/a>\n    <\/figure>\n            <div class=\"postbox\">  \n            <div class=\"date-without-thumb\"><a class=\"postbox-date\" href=\"https:\/\/fotsportegyesulet.hu\/index.php\/2021\/05\/23\/judo-napkozis-tabor\/\">2021.05.23.<\/a><\/div>\n            <h3>\n                <a href=\"https:\/\/fotsportegyesulet.hu\/index.php\/2021\/05\/23\/judo-napkozis-tabor\/\">Judo napk\u00f6zis t\u00e1bor<\/a>\n            <\/h3>\n            <p>A F\u00f3ti SE Judo szakoszt\u00e1lya napk\u00f6zis t\u00e1bort szervez 5-18 \u00e9ves gyermekek sz\u00e1m\u00e1ra.<\/p>\n        <\/div>    \n    <\/div>\n<\/article><article class=\"post\">\n    <div class=\"post-1776 post type-post status-publish format-standard has-post-thumbnail hentry category-hirek category-judo\"  id=\"post-1776\">\n      \n    <figure>\n         \n        <ul class=\"sporty-masonry-cats\">\n            <li><a href=\"https:\/\/fotsportegyesulet.hu\/index.php\/category\/hirek\/\" rel=\"category tag\">H\u00edrek<\/a><\/li><li><a href=\"https:\/\/fotsportegyesulet.hu\/index.php\/category\/judo\/\" rel=\"category tag\">Judo<\/a><\/li>\n        <\/ul>\n                <a href=\"https:\/\/fotsportegyesulet.hu\/index.php\/2020\/10\/09\/kedvcsinalo-judo-szakosztalyunk-foglalkozasaihoz\/\">\n            <img decoding=\"async\" src=\"https:\/\/fotsportegyesulet.hu\/wp-content\/uploads\/2020\/10\/judo.jpg\" alt=\"Kedvcsin\u00e1l\u00f3 judo szakoszt\u00e1lyunkhoz\" \/>\n        <\/a>\n    <\/figure>\n            <div class=\"postbox\">  \n            <div class=\"date-without-thumb\"><a class=\"postbox-date\" href=\"https:\/\/fotsportegyesulet.hu\/index.php\/2020\/10\/09\/kedvcsinalo-judo-szakosztalyunk-foglalkozasaihoz\/\">2020.10.09.<\/a><\/div>\n            <h3>\n                <a href=\"https:\/\/fotsportegyesulet.hu\/index.php\/2020\/10\/09\/kedvcsinalo-judo-szakosztalyunk-foglalkozasaihoz\/\">Kedvcsin\u00e1l\u00f3 judo szakoszt\u00e1lyunkhoz<\/a>\n            <\/h3>\n            <p>Csatlakozz az FSE Jud\u00f3 szakoszt\u00e1ly\u00e1hoz!<\/p>\n        <\/div>    \n    <\/div>\n<\/article><article class=\"post\">\n    <div class=\"post-1039 post type-post status-publish format-standard has-post-thumbnail hentry category-hirek category-judo\"  id=\"post-1039\">\n      \n    <figure>\n         \n        <ul class=\"sporty-masonry-cats\">\n            <li><a href=\"https:\/\/fotsportegyesulet.hu\/index.php\/category\/hirek\/\" rel=\"category tag\">H\u00edrek<\/a><\/li><li><a href=\"https:\/\/fotsportegyesulet.hu\/index.php\/category\/judo\/\" rel=\"category tag\">Judo<\/a><\/li>\n        <\/ul>\n                <a href=\"https:\/\/fotsportegyesulet.hu\/index.php\/2020\/08\/15\/kepes-beszamolo-a-judo-terem-atalakitasarol\/\">\n            <img decoding=\"async\" src=\"https:\/\/fotsportegyesulet.hu\/wp-content\/uploads\/2020\/08\/Judo-terem-2-1024x768-1.jpg\" alt=\"K\u00e9pes besz\u00e1mol\u00f3 a judo terem \u00e1talak\u00edt\u00e1s\u00e1r\u00f3l\" \/>\n        <\/a>\n    <\/figure>\n            <div class=\"postbox\">  \n            <div class=\"date-without-thumb\"><a class=\"postbox-date\" href=\"https:\/\/fotsportegyesulet.hu\/index.php\/2020\/08\/15\/kepes-beszamolo-a-judo-terem-atalakitasarol\/\">2020.08.15.<\/a><\/div>\n            <h3>\n                <a href=\"https:\/\/fotsportegyesulet.hu\/index.php\/2020\/08\/15\/kepes-beszamolo-a-judo-terem-atalakitasarol\/\">K\u00e9pes besz\u00e1mol\u00f3 a judo terem \u00e1talak\u00edt\u00e1s\u00e1r\u00f3l<\/a>\n            <\/h3>\n            <p>Folyamatosan fejl\u0151d\u00fcnk!<\/p>\n        <\/div>    \n    <\/div>\n<\/article><\/div>\n<\/div>    \n<\/div><\/div><div id=\"pgc-147-3-1\"  class=\"panel-grid-cell\" ><div id=\"panel-147-3-1-0\" class=\"widget_text so-panel widget widget_custom_html panel-first-child panel-last-child\" data-index=\"9\" ><h3 class=\"widget-title\">K\u00d6VESS MINKET!<\/h3><div class=\"textwidget custom-html-widget\"><iframe loading=\"lazy\" src=\"https:\/\/www.facebook.com\/plugins\/page.php?href=https%3A%2F%2Fwww.facebook.com%2Ffotsportegyesulet%2F&tabs=timeline&width=340&height=300&small_header=true&adapt_container_width=false&hide_cover=false&show_facepile=true&appId\" width=\"340\" height=\"300\" style=\"border:none;overflow:hidden\" scrolling=\"no\" frameborder=\"0\" allowtransparency=\"true\" allow=\"encrypted-media\"><\/iframe><\/div><\/div><\/div><\/div><\/div>","protected":false},"excerpt":{"rendered":"<p>Judo szakoszt\u00e1ly Szakoszt\u00e1lyvezet\u0151, edz\u0151: Szil\u00e1gyi G\u00e1bor (edz\u0151) Mobil: 06 20 204 2702 Szil\u00e1gyi G\u00e1bor (edz\u0151) Judo 2DAN Jiu-jitsu 2DAN Brazil jiujitsu lila \u00f6v Kettlebell instructor Folyamatosan lehet csatlakozni a rendszeres&#8230;<\/p>\n","protected":false},"author":1,"featured_media":0,"parent":0,"menu_order":0,"comment_status":"closed","ping_status":"closed","template":"","meta":{"_bbp_topic_count":0,"_bbp_reply_count":0,"_bbp_total_topic_count":0,"_bbp_total_reply_count":0,"_bbp_voice_count":0,"_bbp_anonymous_reply_count":0,"_bbp_topic_count_hidden":0,"_bbp_reply_count_hidden":0,"_bbp_forum_subforum_count":0,"_price":"","_stock":"","_tribe_ticket_header":"","_tribe_default_ticket_provider":"","_ticket_start_date":"","_ticket_end_date":"","_tribe_ticket_show_description":"","_tribe_ticket_show_not_going":false,"_tribe_ticket_use_global_stock":"","_tribe_ticket_global_stock_level":"","_global_stock_mode":"","_global_stock_cap":"","_tribe_rsvp_for_event":"","_tribe_ticket_going_count":"","_tribe_ticket_not_going_count":"","_tribe_tickets_list":"[]","_tribe_ticket_has_attendee_info_fields":false,"footnotes":"","_tec_slr_enabled":"","_tec_slr_layout":""},"class_list":["post-147","page","type-page","status-publish","hentry"],"yoast_head":"<!-- This site is optimized with the Yoast SEO plugin v25.7 - https:\/\/yoast.com\/wordpress\/plugins\/seo\/ -->\n<title>JUDO - F\u00d3T SPORTEGYES\u00dcLET<\/title>\n<meta name=\"robots\" content=\"index, follow, max-snippet:-1, max-image-preview:large, max-video-preview:-1\" \/>\n<link rel=\"canonical\" href=\"https:\/\/fotsportegyesulet.hu\/index.php\/judo\/\" \/>\n<meta property=\"og:locale\" content=\"hu_HU\" \/>\n<meta property=\"og:type\" content=\"article\" \/>\n<meta property=\"og:title\" content=\"JUDO - F\u00d3T SPORTEGYES\u00dcLET\" \/>\n<meta property=\"og:description\" content=\"Judo szakoszt\u00e1ly Szakoszt\u00e1lyvezet\u0151, edz\u0151: Szil\u00e1gyi G\u00e1bor (edz\u0151) Mobil: 06 20 204 2702 Szil\u00e1gyi G\u00e1bor (edz\u0151) Judo 2DAN Jiu-jitsu 2DAN Brazil jiujitsu lila \u00f6v Kettlebell instructor Folyamatosan lehet csatlakozni a rendszeres...\" \/>\n<meta property=\"og:url\" content=\"https:\/\/fotsportegyesulet.hu\/index.php\/judo\/\" \/>\n<meta property=\"og:site_name\" content=\"F\u00d3T SPORTEGYES\u00dcLET\" \/>\n<meta property=\"article:publisher\" content=\"https:\/\/www.facebook.com\/fotsportegyesulet\/\" \/>\n<meta property=\"article:modified_time\" content=\"2026-01-12T11:02:33+00:00\" \/>\n<meta property=\"og:image\" content=\"https:\/\/fotsportegyesulet.hu\/wp-content\/uploads\/2017\/04\/cimlap_minta.jpg\" \/>\n\t<meta property=\"og:image:width\" content=\"1200\" \/>\n\t<meta property=\"og:image:height\" content=\"628\" \/>\n\t<meta property=\"og:image:type\" content=\"image\/jpeg\" \/>\n<meta name=\"twitter:card\" content=\"summary_large_image\" \/>\n<meta name=\"twitter:label1\" content=\"Becs\u00fclt olvas\u00e1si id\u0151\" \/>\n\t<meta name=\"twitter:data1\" content=\"3 perc\" \/>\n<script type=\"application\/ld+json\" class=\"yoast-schema-graph\">{\"@context\":\"https:\/\/schema.org\",\"@graph\":[{\"@type\":\"WebPage\",\"@id\":\"https:\/\/fotsportegyesulet.hu\/index.php\/judo\/\",\"url\":\"https:\/\/fotsportegyesulet.hu\/index.php\/judo\/\",\"name\":\"JUDO - F\u00d3T SPORTEGYES\u00dcLET\",\"isPartOf\":{\"@id\":\"https:\/\/fotsportegyesulet.hu\/#website\"},\"datePublished\":\"2019-07-03T12:48:40+00:00\",\"dateModified\":\"2026-01-12T11:02:33+00:00\",\"breadcrumb\":{\"@id\":\"https:\/\/fotsportegyesulet.hu\/index.php\/judo\/#breadcrumb\"},\"inLanguage\":\"hu\",\"potentialAction\":[{\"@type\":\"ReadAction\",\"target\":[\"https:\/\/fotsportegyesulet.hu\/index.php\/judo\/\"]}]},{\"@type\":\"BreadcrumbList\",\"@id\":\"https:\/\/fotsportegyesulet.hu\/index.php\/judo\/#breadcrumb\",\"itemListElement\":[{\"@type\":\"ListItem\",\"position\":1,\"name\":\"Kezd\u0151lap\",\"item\":\"https:\/\/fotsportegyesulet.hu\/\"},{\"@type\":\"ListItem\",\"position\":2,\"name\":\"JUDO\"}]},{\"@type\":\"WebSite\",\"@id\":\"https:\/\/fotsportegyesulet.hu\/#website\",\"url\":\"https:\/\/fotsportegyesulet.hu\/\",\"name\":\"F\u00d3T SPORTEGYES\u00dcLET\",\"description\":\"\",\"publisher\":{\"@id\":\"https:\/\/fotsportegyesulet.hu\/#organization\"},\"potentialAction\":[{\"@type\":\"SearchAction\",\"target\":{\"@type\":\"EntryPoint\",\"urlTemplate\":\"https:\/\/fotsportegyesulet.hu\/?s={search_term_string}\"},\"query-input\":{\"@type\":\"PropertyValueSpecification\",\"valueRequired\":true,\"valueName\":\"search_term_string\"}}],\"inLanguage\":\"hu\"},{\"@type\":\"Organization\",\"@id\":\"https:\/\/fotsportegyesulet.hu\/#organization\",\"name\":\"F\u00f3t Sportegyes\u00fclet\",\"url\":\"https:\/\/fotsportegyesulet.hu\/\",\"logo\":{\"@type\":\"ImageObject\",\"inLanguage\":\"hu\",\"@id\":\"https:\/\/fotsportegyesulet.hu\/#\/schema\/logo\/image\/\",\"url\":\"https:\/\/fotsportegyesulet.hu\/wp-content\/uploads\/2020\/07\/eredeti-sz\u00ednes-vektoros-Fot-cimer-3.png\",\"contentUrl\":\"https:\/\/fotsportegyesulet.hu\/wp-content\/uploads\/2020\/07\/eredeti-sz\u00ednes-vektoros-Fot-cimer-3.png\",\"width\":500,\"height\":500,\"caption\":\"F\u00f3t Sportegyes\u00fclet\"},\"image\":{\"@id\":\"https:\/\/fotsportegyesulet.hu\/#\/schema\/logo\/image\/\"},\"sameAs\":[\"https:\/\/www.facebook.com\/fotsportegyesulet\/\"]}]}<\/script>\n<!-- \/ Yoast SEO plugin. -->","yoast_head_json":{"title":"JUDO - F\u00d3T SPORTEGYES\u00dcLET","robots":{"index":"index","follow":"follow","max-snippet":"max-snippet:-1","max-image-preview":"max-image-preview:large","max-video-preview":"max-video-preview:-1"},"canonical":"https:\/\/fotsportegyesulet.hu\/index.php\/judo\/","og_locale":"hu_HU","og_type":"article","og_title":"JUDO - F\u00d3T SPORTEGYES\u00dcLET","og_description":"Judo szakoszt\u00e1ly Szakoszt\u00e1lyvezet\u0151, edz\u0151: Szil\u00e1gyi G\u00e1bor (edz\u0151) Mobil: 06 20 204 2702 Szil\u00e1gyi G\u00e1bor (edz\u0151) Judo 2DAN Jiu-jitsu 2DAN Brazil jiujitsu lila \u00f6v Kettlebell instructor Folyamatosan lehet csatlakozni a rendszeres...","og_url":"https:\/\/fotsportegyesulet.hu\/index.php\/judo\/","og_site_name":"F\u00d3T SPORTEGYES\u00dcLET","article_publisher":"https:\/\/www.facebook.com\/fotsportegyesulet\/","article_modified_time":"2026-01-12T11:02:33+00:00","og_image":[{"width":1200,"height":628,"url":"https:\/\/fotsportegyesulet.hu\/wp-content\/uploads\/2017\/04\/cimlap_minta.jpg","type":"image\/jpeg"}],"twitter_card":"summary_large_image","twitter_misc":{"Becs\u00fclt olvas\u00e1si id\u0151":"3 perc"},"schema":{"@context":"https:\/\/schema.org","@graph":[{"@type":"WebPage","@id":"https:\/\/fotsportegyesulet.hu\/index.php\/judo\/","url":"https:\/\/fotsportegyesulet.hu\/index.php\/judo\/","name":"JUDO - F\u00d3T SPORTEGYES\u00dcLET","isPartOf":{"@id":"https:\/\/fotsportegyesulet.hu\/#website"},"datePublished":"2019-07-03T12:48:40+00:00","dateModified":"2026-01-12T11:02:33+00:00","breadcrumb":{"@id":"https:\/\/fotsportegyesulet.hu\/index.php\/judo\/#breadcrumb"},"inLanguage":"hu","potentialAction":[{"@type":"ReadAction","target":["https:\/\/fotsportegyesulet.hu\/index.php\/judo\/"]}]},{"@type":"BreadcrumbList","@id":"https:\/\/fotsportegyesulet.hu\/index.php\/judo\/#breadcrumb","itemListElement":[{"@type":"ListItem","position":1,"name":"Kezd\u0151lap","item":"https:\/\/fotsportegyesulet.hu\/"},{"@type":"ListItem","position":2,"name":"JUDO"}]},{"@type":"WebSite","@id":"https:\/\/fotsportegyesulet.hu\/#website","url":"https:\/\/fotsportegyesulet.hu\/","name":"F\u00d3T SPORTEGYES\u00dcLET","description":"","publisher":{"@id":"https:\/\/fotsportegyesulet.hu\/#organization"},"potentialAction":[{"@type":"SearchAction","target":{"@type":"EntryPoint","urlTemplate":"https:\/\/fotsportegyesulet.hu\/?s={search_term_string}"},"query-input":{"@type":"PropertyValueSpecification","valueRequired":true,"valueName":"search_term_string"}}],"inLanguage":"hu"},{"@type":"Organization","@id":"https:\/\/fotsportegyesulet.hu\/#organization","name":"F\u00f3t Sportegyes\u00fclet","url":"https:\/\/fotsportegyesulet.hu\/","logo":{"@type":"ImageObject","inLanguage":"hu","@id":"https:\/\/fotsportegyesulet.hu\/#\/schema\/logo\/image\/","url":"https:\/\/fotsportegyesulet.hu\/wp-content\/uploads\/2020\/07\/eredeti-sz\u00ednes-vektoros-Fot-cimer-3.png","contentUrl":"https:\/\/fotsportegyesulet.hu\/wp-content\/uploads\/2020\/07\/eredeti-sz\u00ednes-vektoros-Fot-cimer-3.png","width":500,"height":500,"caption":"F\u00f3t Sportegyes\u00fclet"},"image":{"@id":"https:\/\/fotsportegyesulet.hu\/#\/schema\/logo\/image\/"},"sameAs":["https:\/\/www.facebook.com\/fotsportegyesulet\/"]}]}},"ticketed":false,"_links":{"self":[{"href":"https:\/\/fotsportegyesulet.hu\/index.php\/wp-json\/wp\/v2\/pages\/147","targetHints":{"allow":["GET"]}}],"collection":[{"href":"https:\/\/fotsportegyesulet.hu\/index.php\/wp-json\/wp\/v2\/pages"}],"about":[{"href":"https:\/\/fotsportegyesulet.hu\/index.php\/wp-json\/wp\/v2\/types\/page"}],"author":[{"embeddable":true,"href":"https:\/\/fotsportegyesulet.hu\/index.php\/wp-json\/wp\/v2\/users\/1"}],"replies":[{"embeddable":true,"href":"https:\/\/fotsportegyesulet.hu\/index.php\/wp-json\/wp\/v2\/comments?post=147"}],"version-history":[{"count":76,"href":"https:\/\/fotsportegyesulet.hu\/index.php\/wp-json\/wp\/v2\/pages\/147\/revisions"}],"predecessor-version":[{"id":15240,"href":"https:\/\/fotsportegyesulet.hu\/index.php\/wp-json\/wp\/v2\/pages\/147\/revisions\/15240"}],"wp:attachment":[{"href":"https:\/\/fotsportegyesulet.hu\/index.php\/wp-json\/wp\/v2\/media?parent=147"}],"curies":[{"name":"wp","href":"https:\/\/api.w.org\/{rel}","templated":true}]}}