{"id":10816,"date":"2024-05-29T07:19:46","date_gmt":"2024-05-29T05:19:46","guid":{"rendered":"https:\/\/fotsportegyesulet.hu\/?page_id=10816"},"modified":"2024-06-06T22:44:45","modified_gmt":"2024-06-06T20:44:45","slug":"foti-foci-fesztival-celba-rugo-verseny","status":"publish","type":"page","link":"https:\/\/fotsportegyesulet.hu\/index.php\/foti-foci-fesztival-celba-rugo-verseny\/","title":{"rendered":"F\u00f3ti Foci Fesztiv\u00e1l c\u00e9lba r\u00fag\u00f3 verseny"},"content":{"rendered":"<h2><img loading=\"lazy\" decoding=\"async\" class=\"aligncenter wp-image-7437 size-full\" src=\"https:\/\/fotsportegyesulet.hu\/wp-content\/uploads\/2023\/06\/6.png\" alt=\"\" width=\"2000\" height=\"500\" srcset=\"https:\/\/fotsportegyesulet.hu\/wp-content\/uploads\/2023\/06\/6.png 2000w, https:\/\/fotsportegyesulet.hu\/wp-content\/uploads\/2023\/06\/6-300x75.png 300w, https:\/\/fotsportegyesulet.hu\/wp-content\/uploads\/2023\/06\/6-1024x256.png 1024w, https:\/\/fotsportegyesulet.hu\/wp-content\/uploads\/2023\/06\/6-768x192.png 768w, https:\/\/fotsportegyesulet.hu\/wp-content\/uploads\/2023\/06\/6-1536x384.png 1536w\" sizes=\"auto, (max-width: 2000px) 100vw, 2000px\" \/><\/h2>\n<h2><span style=\"color: #339966;\">Egyszer\u0171nek t\u0171nik ugye? \u2013 Csak el kell tal\u00e1lnod!<\/span><\/h2>\n<h3><span style=\"color: #339966;\">09:00-11:00 \u00f3ra k\u00f6z\u00f6tt a Feln\u0151tt, 14 \u00e9ves felettiek nevezettjei gy\u0171jthetik a pontokat!<\/span><\/h3>\n<p><strong>J\u00e1t\u00e9kszab\u00e1yzat:<\/strong><\/p>\n<ul>\n<li>3m x 2m-es kapura kifesz\u00edtett h\u00e1l\u00f3, amin lyukak vannak \u00e9s be kell tal\u00e1lni!<\/li>\n<li>7m-r\u0151l 3 pr\u00f3b\u00e1lkoz\u00e1s ut\u00e1n a legt\u00f6bb pontot szerz\u0151 j\u00e1t\u00e9kos nyer! Pontazonoss\u00e1g eset\u00e9n az abszol\u00fat gy\u0151ztesig megy!<\/li>\n<\/ul>\n<p>A verseny ideje alatt a ter\u00fcleten nem tartozkodhat m\u00e1s versenyz\u0151n, a versenyb\u00edr\u00f3n, egy anim\u00e1toron \u00e9s a j\u00e1t\u00e9k jegyz\u0151k\u00f6nyvvezet\u0151j\u00e9n k\u00edv\u00fcl senki!<\/p>\n<h3><span style=\"color: #339966;\">12:00-14:00 \u00f3ra k\u00f6z\u00f6tt a 9-14 \u00e9ves kor k\u00f6z\u00f6ttiek, a gyerek- \u00e9s ifi kateg\u00f3ria nevezettjei mutathatj\u00e1k meg tud\u00e1sukat c\u00e9lba r\u00fag\u00f3 verseny\u00fcnk\u00f6n!<\/span><\/h3>\n<p><strong>J\u00e1t\u00e9kszab\u00e1yzat:<\/strong><\/p>\n<ul>\n<li>3m x 2m-es kapura kifesz\u00edtett h\u00e1l\u00f3, amin lyukak vannak \u00e9s be kell tal\u00e1lni!<\/li>\n<li>7m-r\u0151l 3 pr\u00f3b\u00e1lkoz\u00e1s ut\u00e1n a legt\u00f6bb pontot szerz\u0151 j\u00e1t\u00e9kos nyer! Pontazonoss\u00e1g eset\u00e9n az abszol\u00fat gy\u0151ztesig megy!<\/li>\n<\/ul>\n<p>A verseny ideje alatt a ter\u00fcleten nem tartozkodhat m\u00e1s versenyz\u0151n, a versenyb\u00edr\u00f3n, egy anim\u00e1toron \u00e9s a j\u00e1t\u00e9k jegyz\u0151k\u00f6nyvvezet\u0151j\u00e9n k\u00edv\u00fcl senki!<\/p>\n<h3><span style=\"color: #339966;\">Nevezni a helysz\u00ednen lehet!<\/span><\/h3>\n<p><strong>A nevez\u00e9si d\u00edj koroszt\u00e1lyt\u00f3l f\u00fcggetlen\u00fcl 1500 Forint\/f\u0151.<\/strong><\/p>\n<h3><span style=\"color: #339966;\">Verseny\u00fcnk els\u0151 3 helyezettjei \u00e9rt\u00e9kes aj\u00e1nd\u00e9kokban r\u00e9szes\u00fclnek!<\/span><\/h3>\n<p>&nbsp;<\/p>\n<p><a href=\"https:\/\/fotsportegyesulet.hu\/index.php\/r-gol-foti-foci-fesztival-2024\/\"><img loading=\"lazy\" decoding=\"async\" class=\"size-full wp-image-11078 aligncenter\" src=\"https:\/\/fotsportegyesulet.hu\/wp-content\/uploads\/2024\/06\/vISSZA-A-FOOLDALRA.png\" alt=\"\" width=\"300\" height=\"60\" \/><\/a><\/p>\n","protected":false},"excerpt":{"rendered":"<p>Egyszer\u0171nek t\u0171nik ugye? \u2013 Csak el kell tal\u00e1lnod! 09:00-11:00 \u00f3ra k\u00f6z\u00f6tt a Feln\u0151tt, 14 \u00e9ves felettiek nevezettjei gy\u0171jthetik a pontokat! J\u00e1t\u00e9kszab\u00e1yzat: 3m x 2m-es kapura kifesz\u00edtett h\u00e1l\u00f3, amin lyukak vannak&#8230;<\/p>\n","protected":false},"author":4,"featured_media":0,"parent":0,"menu_order":0,"comment_status":"closed","ping_status":"closed","template":"","meta":{"_bbp_topic_count":0,"_bbp_reply_count":0,"_bbp_total_topic_count":0,"_bbp_total_reply_count":0,"_bbp_voice_count":0,"_bbp_anonymous_reply_count":0,"_bbp_topic_count_hidden":0,"_bbp_reply_count_hidden":0,"_bbp_forum_subforum_count":0,"_price":"","_stock":"","_tribe_ticket_header":"","_tribe_default_ticket_provider":"","_ticket_start_date":"","_ticket_end_date":"","_tribe_ticket_show_description":"","_tribe_ticket_show_not_going":false,"_tribe_ticket_use_global_stock":"","_tribe_ticket_global_stock_level":"","_global_stock_mode":"","_global_stock_cap":"","_tribe_rsvp_for_event":"","_tribe_ticket_going_count":"","_tribe_ticket_not_going_count":"","_tribe_tickets_list":"[]","_tribe_ticket_has_attendee_info_fields":false,"footnotes":"","_tec_slr_enabled":"","_tec_slr_layout":""},"class_list":["post-10816","page","type-page","status-publish","hentry"],"yoast_head":"<!-- This site is optimized with the Yoast SEO plugin v25.7 - https:\/\/yoast.com\/wordpress\/plugins\/seo\/ -->\n<title>F\u00f3ti Foci Fesztiv\u00e1l c\u00e9lba r\u00fag\u00f3 verseny - F\u00d3T SPORTEGYES\u00dcLET<\/title>\n<meta name=\"robots\" content=\"index, follow, max-snippet:-1, max-image-preview:large, max-video-preview:-1\" \/>\n<link rel=\"canonical\" href=\"https:\/\/fotsportegyesulet.hu\/index.php\/foti-foci-fesztival-celba-rugo-verseny\/\" \/>\n<meta property=\"og:locale\" content=\"hu_HU\" \/>\n<meta property=\"og:type\" content=\"article\" \/>\n<meta property=\"og:title\" content=\"F\u00f3ti Foci Fesztiv\u00e1l c\u00e9lba r\u00fag\u00f3 verseny - F\u00d3T SPORTEGYES\u00dcLET\" \/>\n<meta property=\"og:description\" content=\"Egyszer\u0171nek t\u0171nik ugye? \u2013 Csak el kell tal\u00e1lnod! 09:00-11:00 \u00f3ra k\u00f6z\u00f6tt a Feln\u0151tt, 14 \u00e9ves felettiek nevezettjei gy\u0171jthetik a pontokat! J\u00e1t\u00e9kszab\u00e1yzat: 3m x 2m-es kapura kifesz\u00edtett h\u00e1l\u00f3, amin lyukak vannak...\" \/>\n<meta property=\"og:url\" content=\"https:\/\/fotsportegyesulet.hu\/index.php\/foti-foci-fesztival-celba-rugo-verseny\/\" \/>\n<meta property=\"og:site_name\" content=\"F\u00d3T SPORTEGYES\u00dcLET\" \/>\n<meta property=\"article:publisher\" content=\"https:\/\/www.facebook.com\/fotsportegyesulet\/\" \/>\n<meta property=\"article:modified_time\" content=\"2024-06-06T20:44:45+00:00\" \/>\n<meta property=\"og:image\" content=\"https:\/\/fotsportegyesulet.hu\/wp-content\/uploads\/2023\/06\/6.png\" \/>\n<meta name=\"twitter:card\" content=\"summary_large_image\" \/>\n<meta name=\"twitter:label1\" content=\"Becs\u00fclt olvas\u00e1si id\u0151\" \/>\n\t<meta name=\"twitter:data1\" content=\"2 perc\" \/>\n<script type=\"application\/ld+json\" class=\"yoast-schema-graph\">{\"@context\":\"https:\/\/schema.org\",\"@graph\":[{\"@type\":\"WebPage\",\"@id\":\"https:\/\/fotsportegyesulet.hu\/index.php\/foti-foci-fesztival-celba-rugo-verseny\/\",\"url\":\"https:\/\/fotsportegyesulet.hu\/index.php\/foti-foci-fesztival-celba-rugo-verseny\/\",\"name\":\"F\u00f3ti Foci Fesztiv\u00e1l c\u00e9lba r\u00fag\u00f3 verseny - F\u00d3T SPORTEGYES\u00dcLET\",\"isPartOf\":{\"@id\":\"https:\/\/fotsportegyesulet.hu\/#website\"},\"primaryImageOfPage\":{\"@id\":\"https:\/\/fotsportegyesulet.hu\/index.php\/foti-foci-fesztival-celba-rugo-verseny\/#primaryimage\"},\"image\":{\"@id\":\"https:\/\/fotsportegyesulet.hu\/index.php\/foti-foci-fesztival-celba-rugo-verseny\/#primaryimage\"},\"thumbnailUrl\":\"https:\/\/fotsportegyesulet.hu\/wp-content\/uploads\/2023\/06\/6.png\",\"datePublished\":\"2024-05-29T05:19:46+00:00\",\"dateModified\":\"2024-06-06T20:44:45+00:00\",\"breadcrumb\":{\"@id\":\"https:\/\/fotsportegyesulet.hu\/index.php\/foti-foci-fesztival-celba-rugo-verseny\/#breadcrumb\"},\"inLanguage\":\"hu\",\"potentialAction\":[{\"@type\":\"ReadAction\",\"target\":[\"https:\/\/fotsportegyesulet.hu\/index.php\/foti-foci-fesztival-celba-rugo-verseny\/\"]}]},{\"@type\":\"ImageObject\",\"inLanguage\":\"hu\",\"@id\":\"https:\/\/fotsportegyesulet.hu\/index.php\/foti-foci-fesztival-celba-rugo-verseny\/#primaryimage\",\"url\":\"https:\/\/fotsportegyesulet.hu\/wp-content\/uploads\/2023\/06\/6.png\",\"contentUrl\":\"https:\/\/fotsportegyesulet.hu\/wp-content\/uploads\/2023\/06\/6.png\",\"width\":2000,\"height\":500},{\"@type\":\"BreadcrumbList\",\"@id\":\"https:\/\/fotsportegyesulet.hu\/index.php\/foti-foci-fesztival-celba-rugo-verseny\/#breadcrumb\",\"itemListElement\":[{\"@type\":\"ListItem\",\"position\":1,\"name\":\"Kezd\u0151lap\",\"item\":\"https:\/\/fotsportegyesulet.hu\/\"},{\"@type\":\"ListItem\",\"position\":2,\"name\":\"F\u00f3ti Foci Fesztiv\u00e1l c\u00e9lba r\u00fag\u00f3 verseny\"}]},{\"@type\":\"WebSite\",\"@id\":\"https:\/\/fotsportegyesulet.hu\/#website\",\"url\":\"https:\/\/fotsportegyesulet.hu\/\",\"name\":\"F\u00d3T SPORTEGYES\u00dcLET\",\"description\":\"\",\"publisher\":{\"@id\":\"https:\/\/fotsportegyesulet.hu\/#organization\"},\"potentialAction\":[{\"@type\":\"SearchAction\",\"target\":{\"@type\":\"EntryPoint\",\"urlTemplate\":\"https:\/\/fotsportegyesulet.hu\/?s={search_term_string}\"},\"query-input\":{\"@type\":\"PropertyValueSpecification\",\"valueRequired\":true,\"valueName\":\"search_term_string\"}}],\"inLanguage\":\"hu\"},{\"@type\":\"Organization\",\"@id\":\"https:\/\/fotsportegyesulet.hu\/#organization\",\"name\":\"F\u00f3t Sportegyes\u00fclet\",\"url\":\"https:\/\/fotsportegyesulet.hu\/\",\"logo\":{\"@type\":\"ImageObject\",\"inLanguage\":\"hu\",\"@id\":\"https:\/\/fotsportegyesulet.hu\/#\/schema\/logo\/image\/\",\"url\":\"https:\/\/fotsportegyesulet.hu\/wp-content\/uploads\/2020\/07\/eredeti-sz\u00ednes-vektoros-Fot-cimer-3.png\",\"contentUrl\":\"https:\/\/fotsportegyesulet.hu\/wp-content\/uploads\/2020\/07\/eredeti-sz\u00ednes-vektoros-Fot-cimer-3.png\",\"width\":500,\"height\":500,\"caption\":\"F\u00f3t Sportegyes\u00fclet\"},\"image\":{\"@id\":\"https:\/\/fotsportegyesulet.hu\/#\/schema\/logo\/image\/\"},\"sameAs\":[\"https:\/\/www.facebook.com\/fotsportegyesulet\/\"]}]}<\/script>\n<!-- \/ Yoast SEO plugin. -->","yoast_head_json":{"title":"F\u00f3ti Foci Fesztiv\u00e1l c\u00e9lba r\u00fag\u00f3 verseny - F\u00d3T SPORTEGYES\u00dcLET","robots":{"index":"index","follow":"follow","max-snippet":"max-snippet:-1","max-image-preview":"max-image-preview:large","max-video-preview":"max-video-preview:-1"},"canonical":"https:\/\/fotsportegyesulet.hu\/index.php\/foti-foci-fesztival-celba-rugo-verseny\/","og_locale":"hu_HU","og_type":"article","og_title":"F\u00f3ti Foci Fesztiv\u00e1l c\u00e9lba r\u00fag\u00f3 verseny - F\u00d3T SPORTEGYES\u00dcLET","og_description":"Egyszer\u0171nek t\u0171nik ugye? \u2013 Csak el kell tal\u00e1lnod! 09:00-11:00 \u00f3ra k\u00f6z\u00f6tt a Feln\u0151tt, 14 \u00e9ves felettiek nevezettjei gy\u0171jthetik a pontokat! J\u00e1t\u00e9kszab\u00e1yzat: 3m x 2m-es kapura kifesz\u00edtett h\u00e1l\u00f3, amin lyukak vannak...","og_url":"https:\/\/fotsportegyesulet.hu\/index.php\/foti-foci-fesztival-celba-rugo-verseny\/","og_site_name":"F\u00d3T SPORTEGYES\u00dcLET","article_publisher":"https:\/\/www.facebook.com\/fotsportegyesulet\/","article_modified_time":"2024-06-06T20:44:45+00:00","og_image":[{"url":"https:\/\/fotsportegyesulet.hu\/wp-content\/uploads\/2023\/06\/6.png","type":"","width":"","height":""}],"twitter_card":"summary_large_image","twitter_misc":{"Becs\u00fclt olvas\u00e1si id\u0151":"2 perc"},"schema":{"@context":"https:\/\/schema.org","@graph":[{"@type":"WebPage","@id":"https:\/\/fotsportegyesulet.hu\/index.php\/foti-foci-fesztival-celba-rugo-verseny\/","url":"https:\/\/fotsportegyesulet.hu\/index.php\/foti-foci-fesztival-celba-rugo-verseny\/","name":"F\u00f3ti Foci Fesztiv\u00e1l c\u00e9lba r\u00fag\u00f3 verseny - F\u00d3T SPORTEGYES\u00dcLET","isPartOf":{"@id":"https:\/\/fotsportegyesulet.hu\/#website"},"primaryImageOfPage":{"@id":"https:\/\/fotsportegyesulet.hu\/index.php\/foti-foci-fesztival-celba-rugo-verseny\/#primaryimage"},"image":{"@id":"https:\/\/fotsportegyesulet.hu\/index.php\/foti-foci-fesztival-celba-rugo-verseny\/#primaryimage"},"thumbnailUrl":"https:\/\/fotsportegyesulet.hu\/wp-content\/uploads\/2023\/06\/6.png","datePublished":"2024-05-29T05:19:46+00:00","dateModified":"2024-06-06T20:44:45+00:00","breadcrumb":{"@id":"https:\/\/fotsportegyesulet.hu\/index.php\/foti-foci-fesztival-celba-rugo-verseny\/#breadcrumb"},"inLanguage":"hu","potentialAction":[{"@type":"ReadAction","target":["https:\/\/fotsportegyesulet.hu\/index.php\/foti-foci-fesztival-celba-rugo-verseny\/"]}]},{"@type":"ImageObject","inLanguage":"hu","@id":"https:\/\/fotsportegyesulet.hu\/index.php\/foti-foci-fesztival-celba-rugo-verseny\/#primaryimage","url":"https:\/\/fotsportegyesulet.hu\/wp-content\/uploads\/2023\/06\/6.png","contentUrl":"https:\/\/fotsportegyesulet.hu\/wp-content\/uploads\/2023\/06\/6.png","width":2000,"height":500},{"@type":"BreadcrumbList","@id":"https:\/\/fotsportegyesulet.hu\/index.php\/foti-foci-fesztival-celba-rugo-verseny\/#breadcrumb","itemListElement":[{"@type":"ListItem","position":1,"name":"Kezd\u0151lap","item":"https:\/\/fotsportegyesulet.hu\/"},{"@type":"ListItem","position":2,"name":"F\u00f3ti Foci Fesztiv\u00e1l c\u00e9lba r\u00fag\u00f3 verseny"}]},{"@type":"WebSite","@id":"https:\/\/fotsportegyesulet.hu\/#website","url":"https:\/\/fotsportegyesulet.hu\/","name":"F\u00d3T SPORTEGYES\u00dcLET","description":"","publisher":{"@id":"https:\/\/fotsportegyesulet.hu\/#organization"},"potentialAction":[{"@type":"SearchAction","target":{"@type":"EntryPoint","urlTemplate":"https:\/\/fotsportegyesulet.hu\/?s={search_term_string}"},"query-input":{"@type":"PropertyValueSpecification","valueRequired":true,"valueName":"search_term_string"}}],"inLanguage":"hu"},{"@type":"Organization","@id":"https:\/\/fotsportegyesulet.hu\/#organization","name":"F\u00f3t Sportegyes\u00fclet","url":"https:\/\/fotsportegyesulet.hu\/","logo":{"@type":"ImageObject","inLanguage":"hu","@id":"https:\/\/fotsportegyesulet.hu\/#\/schema\/logo\/image\/","url":"https:\/\/fotsportegyesulet.hu\/wp-content\/uploads\/2020\/07\/eredeti-sz\u00ednes-vektoros-Fot-cimer-3.png","contentUrl":"https:\/\/fotsportegyesulet.hu\/wp-content\/uploads\/2020\/07\/eredeti-sz\u00ednes-vektoros-Fot-cimer-3.png","width":500,"height":500,"caption":"F\u00f3t Sportegyes\u00fclet"},"image":{"@id":"https:\/\/fotsportegyesulet.hu\/#\/schema\/logo\/image\/"},"sameAs":["https:\/\/www.facebook.com\/fotsportegyesulet\/"]}]}},"ticketed":false,"_links":{"self":[{"href":"https:\/\/fotsportegyesulet.hu\/index.php\/wp-json\/wp\/v2\/pages\/10816","targetHints":{"allow":["GET"]}}],"collection":[{"href":"https:\/\/fotsportegyesulet.hu\/index.php\/wp-json\/wp\/v2\/pages"}],"about":[{"href":"https:\/\/fotsportegyesulet.hu\/index.php\/wp-json\/wp\/v2\/types\/page"}],"author":[{"embeddable":true,"href":"https:\/\/fotsportegyesulet.hu\/index.php\/wp-json\/wp\/v2\/users\/4"}],"replies":[{"embeddable":true,"href":"https:\/\/fotsportegyesulet.hu\/index.php\/wp-json\/wp\/v2\/comments?post=10816"}],"version-history":[{"count":9,"href":"https:\/\/fotsportegyesulet.hu\/index.php\/wp-json\/wp\/v2\/pages\/10816\/revisions"}],"predecessor-version":[{"id":11083,"href":"https:\/\/fotsportegyesulet.hu\/index.php\/wp-json\/wp\/v2\/pages\/10816\/revisions\/11083"}],"wp:attachment":[{"href":"https:\/\/fotsportegyesulet.hu\/index.php\/wp-json\/wp\/v2\/media?parent=10816"}],"curies":[{"name":"wp","href":"https:\/\/api.w.org\/{rel}","templated":true}]}}